{"id":40372,"date":"2022-05-29T12:05:38","date_gmt":"2022-05-29T10:05:38","guid":{"rendered":"https:\/\/dev.authority.biz\/boj\/product\/b-woody-kaninchen-auf-raedern-rosa\/"},"modified":"2022-05-29T12:05:38","modified_gmt":"2022-05-29T12:05:38","slug":"b-woody-rabbit-on-wheels-pink-2","status":"publish","type":"product","link":"https:\/\/www.bojungle.eu\/de\/produkt\/b-woody-rabbit-on-wheels-pink-2\/","title":{"rendered":"B-Woody Kaninchen auf R\u00e4dern Rosa"},"content":{"rendered":"<p>Die niedlichen Greiffiguren sind aus fachm\u00e4nnisch verarbeitetem Holz gefertigt und ideal f\u00fcr kleine H\u00e4nde und begeisterte Tierfreunde. Unsere Tiere k\u00f6nnen gegriffen und auf ihren stabilen, pastellfarbenen R\u00e4dern auch gerollt werden. Die griffigen Figuren trainieren die motorischen F\u00e4higkeiten Ihrer Kleinen und garantieren zus\u00e4tzlichen Spa\u00df!<\/p>\n","protected":false},"excerpt":{"rendered":"<p>Die niedlichen Greiffiguren sind aus fachm\u00e4nnisch verarbeitetem Holz gefertigt und ideal f\u00fcr kleine H\u00e4nde und begeisterte Tierfreunde. Unsere Tiere k\u00f6nnen gegriffen und auf ihren stabilen, pastellfarbenen R\u00e4dern auch gerollt werden. Die griffigen Figuren trainieren die motorischen F\u00e4higkeiten Ihrer Kleinen und garantieren zus\u00e4tzlichen Spa\u00df!<\/p>\n","protected":false},"featured_media":74831,"comment_status":"closed","ping_status":"closed","template":"","meta":{"_lmt_disableupdate":"","_lmt_disable":""},"product_brand":[],"product_cat":[453,473],"product_tag":[],"woo-feed-brand":[],"class_list":{"0":"post-40372","1":"product","2":"type-product","3":"status-publish","4":"has-post-thumbnail","6":"product_cat-spielzeit","7":"product_cat-spielzeug-aus-silikon","9":"first","10":"instock","11":"taxable","12":"shipping-taxable","13":"purchasable","14":"product-type-simple"},"_links":{"self":[{"href":"https:\/\/www.bojungle.eu\/de\/wp-json\/wp\/v2\/product\/40372","targetHints":{"allow":["GET"]}}],"collection":[{"href":"https:\/\/www.bojungle.eu\/de\/wp-json\/wp\/v2\/product"}],"about":[{"href":"https:\/\/www.bojungle.eu\/de\/wp-json\/wp\/v2\/types\/product"}],"replies":[{"embeddable":true,"href":"https:\/\/www.bojungle.eu\/de\/wp-json\/wp\/v2\/comments?post=40372"}],"version-history":[{"count":0,"href":"https:\/\/www.bojungle.eu\/de\/wp-json\/wp\/v2\/product\/40372\/revisions"}],"wp:featuredmedia":[{"embeddable":true,"href":"https:\/\/www.bojungle.eu\/de\/wp-json\/wp\/v2\/media\/74831"}],"wp:attachment":[{"href":"https:\/\/www.bojungle.eu\/de\/wp-json\/wp\/v2\/media?parent=40372"}],"wp:term":[{"taxonomy":"product_brand","embeddable":true,"href":"https:\/\/www.bojungle.eu\/de\/wp-json\/wp\/v2\/product_brand?post=40372"},{"taxonomy":"product_cat","embeddable":true,"href":"https:\/\/www.bojungle.eu\/de\/wp-json\/wp\/v2\/product_cat?post=40372"},{"taxonomy":"product_tag","embeddable":true,"href":"https:\/\/www.bojungle.eu\/de\/wp-json\/wp\/v2\/product_tag?post=40372"},{"taxonomy":"woo-feed-brand","embeddable":true,"href":"https:\/\/www.bojungle.eu\/de\/wp-json\/wp\/v2\/woo-feed-brand?post=40372"}],"curies":[{"name":"wp","href":"https:\/\/api.w.org\/{rel}","templated":true}]}}