{"id":40501,"date":"2022-05-29T11:59:10","date_gmt":"2022-05-29T09:59:10","guid":{"rendered":"https:\/\/dev.authority.biz\/boj\/product\/b-umbrellas-universal-fit-braun\/"},"modified":"2024-05-23T15:44:04","modified_gmt":"2024-05-23T13:44:04","slug":"b-umbrellas-universal-fit-braun","status":"publish","type":"product","link":"https:\/\/www.bojungle.eu\/de\/produkt\/b-umbrellas-universal-fit-braun\/","title":{"rendered":"Regenschirm universal fit braun"},"content":{"rendered":"<p>Wir stellen den Umbrella Universal Fit in klassischem Braun vor, der Ihrem Kind an sonnigen Tagen maximalen Komfort und Schutz bieten soll.<\/p>\n<ul>\n<li><strong>Ultimate Sun Protection<\/strong>: Safeguard your child from harmful UV rays with our UV protection of 50+, ensuring a safe and comfortable outing.<\/li>\n<li><strong>Vielseitig einsetzbar:<\/strong> Dieser Regenschirm l\u00e4sst sich perfekt an alle Arten von Kinderwagen und Kindersitzen anpassen und bietet eine universelle Passform.<\/li>\n<li><strong>Verstellbares System: <\/strong> Mit seinem einfach zu bedienenden Verstellsystem l\u00e4sst er sich sicher an Ihrem Kinderwagen befestigen, was die Installation und Anpassung zum Kinderspiel macht.<\/li>\n<li><strong>Maximaler Komfort: <\/strong> Mit seinem gro\u00dfen Schirmdach spendet dieser Schirm reichlich Schatten, so dass Ihr Kind auch an den hei\u00dfesten Tagen k\u00fchl und bequem bleibt.<\/li>\n<li><strong>Stilvoll und hell<\/strong>: Obwohl unser Regenschirm in einem schlichten Braun angeboten wird, ist er auch in einer Vielzahl von hellen Farben erh\u00e4ltlich, die zu Ihrem pers\u00f6nlichen Stil passen und Ihrem Kinderwagen einen fr\u00f6hlichen Touch verleihen.<\/li>\n<\/ul>\n<p>Mit dem Umbrella Universal Fit Brown ist Ihr Kind bestens vorbereitet und kann jeden Ausflug mit optimalem Komfort und Schutz genie\u00dfen.<\/p>\n<p>&nbsp;<\/p>\n","protected":false},"excerpt":{"rendered":"<div class=\"elementor-element elementor-element-80cf67d elementor-widget elementor-widget-jet-single-excerpt\" data-id=\"80cf67d\" data-element_type=\"widget\" data-widget_type=\"jet-single-excerpt.default\">\n<div class=\"elementor-widget-container\">\n<div class=\"elementor-jet-single-excerpt jet-woo-builder\">\n<div class=\"woocommerce-product-details__short-description\">\n<p>Halten Sie Ihr Kind k\u00fchl und sicher mit unserem eleganten Regenschirm Universal Fit braun. Dieser gro\u00dfe Schirm mit UV-Schutz 50+ passt auf alle Kinderwagen und Babyschalen. Sein verstellbares System l\u00e4sst sich leicht einrasten und bietet maximalen Komfort und Schatten. Erh\u00e4ltlich in leuchtenden Farben f\u00fcr einen Hauch von Stil. Perfekt f\u00fcr sonnige Tage im Freien!   <\/p>\n<\/div>\n<\/div>\n<\/div>\n<\/div>\n<div class=\"elementor-element elementor-element-c5d7d93 elementor-widget elementor-widget-spacer\" data-id=\"c5d7d93\" data-element_type=\"widget\" data-widget_type=\"spacer.default\">\n<div class=\"elementor-widget-container\">\n<div class=\"elementor-spacer\"><\/div>\n<\/div>\n<\/div>\n<p>&nbsp;<\/p>\n","protected":false},"featured_media":68297,"comment_status":"closed","ping_status":"closed","template":"","meta":{"_lmt_disableupdate":"","_lmt_disable":""},"product_brand":[],"product_cat":[639,640],"product_tag":[],"woo-feed-brand":[],"class_list":{"0":"post-40501","1":"product","2":"type-product","3":"status-publish","4":"has-post-thumbnail","6":"product_cat-drausen","7":"product_cat-outdoor-zubehor","9":"first","10":"instock","11":"taxable","12":"shipping-taxable","13":"purchasable","14":"product-type-simple"},"_links":{"self":[{"href":"https:\/\/www.bojungle.eu\/de\/wp-json\/wp\/v2\/product\/40501","targetHints":{"allow":["GET"]}}],"collection":[{"href":"https:\/\/www.bojungle.eu\/de\/wp-json\/wp\/v2\/product"}],"about":[{"href":"https:\/\/www.bojungle.eu\/de\/wp-json\/wp\/v2\/types\/product"}],"replies":[{"embeddable":true,"href":"https:\/\/www.bojungle.eu\/de\/wp-json\/wp\/v2\/comments?post=40501"}],"version-history":[{"count":1,"href":"https:\/\/www.bojungle.eu\/de\/wp-json\/wp\/v2\/product\/40501\/revisions"}],"predecessor-version":[{"id":75736,"href":"https:\/\/www.bojungle.eu\/de\/wp-json\/wp\/v2\/product\/40501\/revisions\/75736"}],"wp:featuredmedia":[{"embeddable":true,"href":"https:\/\/www.bojungle.eu\/de\/wp-json\/wp\/v2\/media\/68297"}],"wp:attachment":[{"href":"https:\/\/www.bojungle.eu\/de\/wp-json\/wp\/v2\/media?parent=40501"}],"wp:term":[{"taxonomy":"product_brand","embeddable":true,"href":"https:\/\/www.bojungle.eu\/de\/wp-json\/wp\/v2\/product_brand?post=40501"},{"taxonomy":"product_cat","embeddable":true,"href":"https:\/\/www.bojungle.eu\/de\/wp-json\/wp\/v2\/product_cat?post=40501"},{"taxonomy":"product_tag","embeddable":true,"href":"https:\/\/www.bojungle.eu\/de\/wp-json\/wp\/v2\/product_tag?post=40501"},{"taxonomy":"woo-feed-brand","embeddable":true,"href":"https:\/\/www.bojungle.eu\/de\/wp-json\/wp\/v2\/woo-feed-brand?post=40501"}],"curies":[{"name":"wp","href":"https:\/\/api.w.org\/{rel}","templated":true}]}}