{"id":40531,"date":"2022-05-29T11:58:22","date_gmt":"2022-05-29T09:58:22","guid":{"rendered":"https:\/\/dev.authority.biz\/boj\/product\/b-thermo-fusssack-universal-taupe\/"},"modified":"2024-03-04T13:34:49","modified_gmt":"2024-03-04T12:34:49","slug":"b-thermo-fussack-universal-taupe","status":"publish","type":"product","link":"https:\/\/www.bojungle.eu\/de\/produkt\/b-thermo-fussack-universal-taupe\/","title":{"rendered":"B-Thermo Fu\u00dfsack Universal Taupe"},"content":{"rendered":"<p>Der Thermo-Fu\u00dfsack Universal in Taupe ist die ultimative L\u00f6sung, um Ihren Kleinen bei k\u00fchlen Spazierg\u00e4ngen kuschelig warm zu halten. Dieser mit viel Liebe zum Detail gefertigte Fu\u00dfsack wurde entwickelt, um den unterschiedlichen Bed\u00fcrfnissen moderner Eltern und ihrer Babys gerecht zu werden.<\/p>\n<p><strong>Universelle Kompatibilit\u00e4t:<\/strong> Unser Fu\u00dfsack ist mit den meisten Kinderwagentypen kompatibel und verf\u00fcgt \u00fcber strategisch platzierte \u00d6ffnungen f\u00fcr Sicherheitsgurte, die einen sicheren Sitz gew\u00e4hrleisten und gleichzeitig maximalen Komfort bieten.<\/p>\n<p><strong>\u00dcberlegene W\u00e4rme und Komfort:<\/strong> Eingeh\u00fcllt in ein herrlich weiches Fleece-Futter mit einer St\u00e4rke von 400 Gramm, verspricht unser Fu\u00dfsack unvergleichliche W\u00e4rme, selbst in den k\u00e4ltesten Wintermonaten. Ihr Baby wird es w\u00e4hrend der gesamten Reise luxuri\u00f6s bequem haben.<\/p>\n<p><strong>Luxuri\u00f6ses Design<\/strong>: Verw\u00f6hnen Sie Ihr Kind mit dem Inbegriff von Luxus. Unser Fu\u00dfsack ist mit opulenten Oberstoffen ausgestattet, die sowohl den Stil als auch die Funktionalit\u00e4t erh\u00f6hen. <\/p>\n<p><strong>Verbesserter Schutz:<\/strong> Sch\u00fctzen Sie Ihr Baby mit unserem wasser- und windabweisenden Fu\u00dfsack vor den Elementen. Egal, ob es regnet oder schneit, Sie k\u00f6nnen sicher sein, dass Ihr Kleines kuschelig und trocken bleibt. <\/p>\n<p><strong>Anpassbare Kapuze:<\/strong> Bew\u00e4ltigen Sie eisigen Wind problemlos. Unser Fu\u00dfsack bietet die Flexibilit\u00e4t, eine sch\u00fctzende Kapuze um den Kopf Ihres Babys zu bilden und so an frostigen Tagen zus\u00e4tzliche W\u00e4rme und Geborgenheit zu bieten. <\/p>\n<p><strong>Stabil und sicher:<\/strong> Unser Fu\u00dfsack ist mit einer rutschfesten Unterseite und Riemen ausgestattet, die daf\u00fcr sorgen, dass er sicher an seinem Platz bleibt, w\u00e4hrend er am Kinderwagen befestigt ist.<\/p>\n<p><strong>Vielseitig verwendbar:<\/strong> Wie Ihr Baby w\u00e4chst, so w\u00e4chst auch unser Fu\u00dfsack. Das Fu\u00dfende kann bequem ge\u00f6ffnet werden, um Bewegungsfreiheit zu erm\u00f6glichen und so den wechselnden Bed\u00fcrfnissen Ihres Kleinen gerecht zu werden.<\/p>\n<p><strong>Einfache Wartung:<\/strong> Unser Fu\u00dfsack wurde f\u00fcr vielbesch\u00e4ftigte Eltern entwickelt und ist problemlos bei 30 \u00b0C waschbar, sodass er bei jedem Ausflug sauber und frisch bleibt.<\/p>\n<p>Erleben Sie den Inbegriff von W\u00e4rme, Komfort und Stil mit dem Thermo-Fu\u00dfsack Universal \u2013 dem perfekten Begleiter f\u00fcr die Outdoor-Abenteuer Ihres Babys.<\/p>\n","protected":false},"excerpt":{"rendered":"<div class=\"flex flex-grow flex-col max-w-full\">\n<div class=\"min-h-[20px] text-message flex flex-col items-start gap-3 whitespace-pre-wrap break-words [.text-message+&amp;]:mt-5 overflow-x-auto\" data-message-author-role=\"assistant\" data-message-id=\"b8d9f90e-46a7-45ac-9c2b-1b996e36b397\">\n<div class=\"markdown prose w-full break-words dark:prose-invert light\">\n<p>Entdecken Sie den Thermo-Fu\u00dfsack Universal in Taupe \u2013 die ultimative Kuschell\u00f6sung f\u00fcr Winterspazierg\u00e4nge. Mit weichem 400-g-Fleecefutter, Wasser- und Windbest\u00e4ndigkeit und vielseitigem Design bietet es un\u00fcbertroffene W\u00e4rme, Schutz und Komfort.  So hat es Ihr Kleines bei jedem Ausflug bequem und stylisch.<\/p>\n<\/div>\n<\/div>\n<\/div>\n<div class=\"mt-1 flex justify-start gap-3 empty:hidden\">\n<div class=\"text-gray-400 flex self-end lg:self-center justify-center lg:justify-start mt-0 -ml-1 h-7 visible\"><\/div>\n<\/div>\n","protected":false},"featured_media":67667,"comment_status":"closed","ping_status":"closed","template":"","meta":{"_lmt_disableupdate":"","_lmt_disable":""},"product_brand":[],"product_cat":[639,640],"product_tag":[],"woo-feed-brand":[],"class_list":{"0":"post-40531","1":"product","2":"type-product","3":"status-publish","4":"has-post-thumbnail","6":"product_cat-drausen","7":"product_cat-outdoor-zubehor","9":"first","10":"instock","11":"taxable","12":"shipping-taxable","13":"purchasable","14":"product-type-simple"},"_links":{"self":[{"href":"https:\/\/www.bojungle.eu\/de\/wp-json\/wp\/v2\/product\/40531","targetHints":{"allow":["GET"]}}],"collection":[{"href":"https:\/\/www.bojungle.eu\/de\/wp-json\/wp\/v2\/product"}],"about":[{"href":"https:\/\/www.bojungle.eu\/de\/wp-json\/wp\/v2\/types\/product"}],"replies":[{"embeddable":true,"href":"https:\/\/www.bojungle.eu\/de\/wp-json\/wp\/v2\/comments?post=40531"}],"version-history":[{"count":1,"href":"https:\/\/www.bojungle.eu\/de\/wp-json\/wp\/v2\/product\/40531\/revisions"}],"predecessor-version":[{"id":67696,"href":"https:\/\/www.bojungle.eu\/de\/wp-json\/wp\/v2\/product\/40531\/revisions\/67696"}],"wp:featuredmedia":[{"embeddable":true,"href":"https:\/\/www.bojungle.eu\/de\/wp-json\/wp\/v2\/media\/67667"}],"wp:attachment":[{"href":"https:\/\/www.bojungle.eu\/de\/wp-json\/wp\/v2\/media?parent=40531"}],"wp:term":[{"taxonomy":"product_brand","embeddable":true,"href":"https:\/\/www.bojungle.eu\/de\/wp-json\/wp\/v2\/product_brand?post=40531"},{"taxonomy":"product_cat","embeddable":true,"href":"https:\/\/www.bojungle.eu\/de\/wp-json\/wp\/v2\/product_cat?post=40531"},{"taxonomy":"product_tag","embeddable":true,"href":"https:\/\/www.bojungle.eu\/de\/wp-json\/wp\/v2\/product_tag?post=40531"},{"taxonomy":"woo-feed-brand","embeddable":true,"href":"https:\/\/www.bojungle.eu\/de\/wp-json\/wp\/v2\/woo-feed-brand?post=40531"}],"curies":[{"name":"wp","href":"https:\/\/api.w.org\/{rel}","templated":true}]}}