{"id":40549,"date":"2022-05-29T11:58:22","date_gmt":"2022-05-29T09:58:22","guid":{"rendered":"https:\/\/dev.authority.biz\/boj\/product\/b-thermoflasche-silikon-glas-150-ml-grau\/"},"modified":"2022-05-29T11:58:22","modified_gmt":"2022-05-29T11:58:22","slug":"b-thermo-flasche-silikon-glas-150-ml-grau","status":"publish","type":"product","link":"https:\/\/www.bojungle.eu\/de\/produkt\/b-thermo-flasche-silikon-glas-150-ml-grau\/","title":{"rendered":"B-Thermoflasche Silikon Glas 150 ml Grau"},"content":{"rendered":"<ul>\n<li>W\u00fcrden Sie aus hygienischen Gr\u00fcnden lieber eine Babyflasche aus Glas kaufen, haben aber Angst, dass sie kaputt geht? M\u00f6chten Sie absolut sicher sein, dass die Flasche Ihres Babys die richtige Temperatur hat und keine gef\u00e4hrlichen Chemikalien enth\u00e4lt? Suchen Sie nicht weiter: Bo Jungle hat eine Reihe wundersch\u00f6ner Babyflaschen entwickelt, die sowohl das Baby als auch die Mutter lieben werden. Unsere Flaschen sind aus leichtem Borosilikatglas gefertigt und lassen sich leicht reinigen und sterilisieren. Ihre Farbe wird sich im Laufe der Zeit nicht ver\u00e4ndern UND wir garantieren, dass sie absolut frei von gef\u00e4hrlichen Chemikalien sind und den EU-Vorschriften entsprechen. Nicht splittern<\/li>\n<li>H\u00e4lt St\u00fcrze aus bis zu 1 Meter H\u00f6he aus (unter normalen Umst\u00e4nden)<\/li>\n<li>W\u00e4rmesensorfunktion: f\u00e4rbt sich wei\u00df, wenn der Inhalt der Flasche zu hei\u00df ist (ab +-40\u00b0C)<\/li>\n<li>Leichtes Borosilikatglas<\/li>\n<li>BPA-frei<\/li>\n<li>Auslaufsicherer Deckel &#8211; Frei abnehmbare Griffe<\/li>\n<li>Hygienisch: leicht zu reinigen und zu sterilisieren<\/li>\n<li>Verschiedene Arten von Saugern verf\u00fcgbar: langsame, mittlere, schnelle und dicke Fl\u00fcssigkeiten<\/li>\n<\/ul>\n","protected":false},"excerpt":{"rendered":"<p>Lichtgewicht resistent borosilicaatglas dat niet versplintert,Hittegevoelig wordt wit wanneer de inhoud van de fles te warm is,<\/p>\n","protected":false},"featured_media":58705,"comment_status":"closed","ping_status":"closed","template":"","meta":{"_lmt_disableupdate":"","_lmt_disable":""},"product_brand":[],"product_cat":[452,450,1340,555],"product_tag":[],"woo-feed-brand":[],"class_list":{"0":"post-40549","1":"product","2":"type-product","3":"status-publish","4":"has-post-thumbnail","6":"product_cat-bereich-silikone","7":"product_cat-essen-trinken","8":"product_cat-sale-de","9":"product_cat-zeit-zum-abendessen","11":"first","12":"instock","13":"sale","14":"taxable","15":"shipping-taxable","16":"purchasable","17":"product-type-simple"},"_links":{"self":[{"href":"https:\/\/www.bojungle.eu\/de\/wp-json\/wp\/v2\/product\/40549","targetHints":{"allow":["GET"]}}],"collection":[{"href":"https:\/\/www.bojungle.eu\/de\/wp-json\/wp\/v2\/product"}],"about":[{"href":"https:\/\/www.bojungle.eu\/de\/wp-json\/wp\/v2\/types\/product"}],"replies":[{"embeddable":true,"href":"https:\/\/www.bojungle.eu\/de\/wp-json\/wp\/v2\/comments?post=40549"}],"version-history":[{"count":0,"href":"https:\/\/www.bojungle.eu\/de\/wp-json\/wp\/v2\/product\/40549\/revisions"}],"wp:featuredmedia":[{"embeddable":true,"href":"https:\/\/www.bojungle.eu\/de\/wp-json\/wp\/v2\/media\/58705"}],"wp:attachment":[{"href":"https:\/\/www.bojungle.eu\/de\/wp-json\/wp\/v2\/media?parent=40549"}],"wp:term":[{"taxonomy":"product_brand","embeddable":true,"href":"https:\/\/www.bojungle.eu\/de\/wp-json\/wp\/v2\/product_brand?post=40549"},{"taxonomy":"product_cat","embeddable":true,"href":"https:\/\/www.bojungle.eu\/de\/wp-json\/wp\/v2\/product_cat?post=40549"},{"taxonomy":"product_tag","embeddable":true,"href":"https:\/\/www.bojungle.eu\/de\/wp-json\/wp\/v2\/product_tag?post=40549"},{"taxonomy":"woo-feed-brand","embeddable":true,"href":"https:\/\/www.bojungle.eu\/de\/wp-json\/wp\/v2\/woo-feed-brand?post=40549"}],"curies":[{"name":"wp","href":"https:\/\/api.w.org\/{rel}","templated":true}]}}