{"id":40594,"date":"2022-05-29T11:58:21","date_gmt":"2022-05-29T09:58:21","guid":{"rendered":"https:\/\/dev.authority.biz\/boj\/product\/b-thermo-milchpumpen-organizer-dunkelgrau\/"},"modified":"2024-02-15T15:59:15","modified_gmt":"2024-02-15T14:59:15","slug":"b-thermo-breastpump-organizer-dark-grey","status":"publish","type":"product","link":"https:\/\/www.bojungle.eu\/de\/produkt\/b-thermo-breastpump-organizer-dark-grey\/","title":{"rendered":"Thermo-Milchpumpen-Organizer Dunkelgrau"},"content":{"rendered":"<ul>\n<li>Der Thermo Breastpump Organiser wurde entwickelt, um es stillenden M\u00fcttern zu erleichtern, alles, was sie brauchen, mitzunehmen, wenn sie z.B. wieder arbeiten gehen und weiter stillen wollen. Wenn das Baby nicht mehr gestillt wird, kann diese diskrete Tasche immer noch auf Reisen usw. mitgenommen werden!<\/li>\n<li>Diskretes Design auf der Grundlage der neuesten Trends und in \u00dcbereinstimmung mit unseren anderen Produkten<\/li>\n<li>Thermo-Isolierbeutel zur Aufbewahrung von Muttermilch (oder sp\u00e4ter von Gl\u00e4schen mit Babynahrung usw.) und zum K\u00fchlen<\/li>\n<li>Zwei separate F\u00e4cher: oberes Fach f\u00fcr die Milchpumpe, unteres Fach f\u00fcr Milchflaschen usw.<\/li>\n<li>Gen\u00fcgend Platz f\u00fcr eine Milchpumpe, zwei Fl\u00e4schchen, einige Stilleinlagen und andere kleine Gegenst\u00e4nde<\/li>\n<li>Taschen auf der Innenseite, um alles an seinem Platz zu halten<\/li>\n<li>Abmessungen: H: 29 cm x T: 18 cm x B: 24 cm<\/li>\n<\/ul>\n","protected":false},"excerpt":{"rendered":"<p>Unser Thermo Breastpump Organiser in Dunkelgrau ist die unverzichtbare L\u00f6sung f\u00fcr stillende M\u00fctter, die immer in Bewegung sind. Dieser Organizer wurde mit Blick auf Komfort und Diskretion entwickelt und f\u00fcgt sich nahtlos in Ihren gesch\u00e4ftigen Lebensstil ein, w\u00e4hrend er Ihre Stillutensilien ordentlich aufbewahrt und leicht zug\u00e4nglich macht. Mit seinem diskreten Design, das sich m\u00fchelos in die neuesten Trends und unser Premium-Produktsortiment einf\u00fcgt, sorgt dieser Organizer daf\u00fcr, dass Sie Ihre Stillreise mit Selbstvertrauen und Stil fortsetzen k\u00f6nnen. Egal, ob Sie ins B\u00fcro gehen oder sich auf ein Wochenendabenteuer begeben, diese elegante Tasche hat alles, was Sie brauchen. Ausgestattet mit einem thermoisolierten Fach, h\u00e4lt unser Organizer die optimale Temperatur f\u00fcr Ihre Muttermilch oder sp\u00e4ter f\u00fcr Gl\u00e4schen mit Babynahrung aufrecht und sorgt so f\u00fcr Frische, wo immer Sie auch hingehen. Mit den zwei separaten F\u00e4chern k\u00f6nnen Sie Ihre wichtigsten Dinge effizient organisieren. In das obere Fach passt Ihre Milchpumpe, w\u00e4hrend das untere Fach ausreichend Platz f\u00fcr die Aufbewahrung von Milchflaschen und anderen Utensilien bietet. Mit gen\u00fcgend Platz f\u00fcr eine Milchpumpe, zwei Babyflaschen, Stilleinlagen und andere kleine Gegenst\u00e4nde haben Sie alles, was Sie brauchen, immer griffbereit. In den strategisch platzierten F\u00e4chern im Inneren k\u00f6nnen Sie Ihre Gegenst\u00e4nde sicher und leicht zug\u00e4nglich aufbewahren. Kein Suchen mehr nach verlegten Gegenst\u00e4nden; alles bleibt an seinem Platz und Sie k\u00f6nnen sich ganz auf die Pflege Ihres Kindes konzentrieren.<\/p>\n<p>Verbessern Sie Ihre Stillzeit mit unserem Thermo Breastpump Organiser in Dunkelgrau. Praktisch, stilvoll und vielseitig &#8211; der perfekte Begleiter f\u00fcr jede stillende Mutter, die unterwegs ist.<\/p>\n","protected":false},"featured_media":66303,"comment_status":"closed","ping_status":"closed","template":"","meta":{"_lmt_disableupdate":"","_lmt_disable":""},"product_brand":[],"product_cat":[639,640],"product_tag":[],"woo-feed-brand":[],"class_list":{"0":"post-40594","1":"product","2":"type-product","3":"status-publish","4":"has-post-thumbnail","6":"product_cat-drausen","7":"product_cat-outdoor-zubehor","9":"first","10":"instock","11":"taxable","12":"shipping-taxable","13":"purchasable","14":"product-type-simple"},"_links":{"self":[{"href":"https:\/\/www.bojungle.eu\/de\/wp-json\/wp\/v2\/product\/40594","targetHints":{"allow":["GET"]}}],"collection":[{"href":"https:\/\/www.bojungle.eu\/de\/wp-json\/wp\/v2\/product"}],"about":[{"href":"https:\/\/www.bojungle.eu\/de\/wp-json\/wp\/v2\/types\/product"}],"replies":[{"embeddable":true,"href":"https:\/\/www.bojungle.eu\/de\/wp-json\/wp\/v2\/comments?post=40594"}],"version-history":[{"count":1,"href":"https:\/\/www.bojungle.eu\/de\/wp-json\/wp\/v2\/product\/40594\/revisions"}],"predecessor-version":[{"id":66396,"href":"https:\/\/www.bojungle.eu\/de\/wp-json\/wp\/v2\/product\/40594\/revisions\/66396"}],"wp:featuredmedia":[{"embeddable":true,"href":"https:\/\/www.bojungle.eu\/de\/wp-json\/wp\/v2\/media\/66303"}],"wp:attachment":[{"href":"https:\/\/www.bojungle.eu\/de\/wp-json\/wp\/v2\/media?parent=40594"}],"wp:term":[{"taxonomy":"product_brand","embeddable":true,"href":"https:\/\/www.bojungle.eu\/de\/wp-json\/wp\/v2\/product_brand?post=40594"},{"taxonomy":"product_cat","embeddable":true,"href":"https:\/\/www.bojungle.eu\/de\/wp-json\/wp\/v2\/product_cat?post=40594"},{"taxonomy":"product_tag","embeddable":true,"href":"https:\/\/www.bojungle.eu\/de\/wp-json\/wp\/v2\/product_tag?post=40594"},{"taxonomy":"woo-feed-brand","embeddable":true,"href":"https:\/\/www.bojungle.eu\/de\/wp-json\/wp\/v2\/woo-feed-brand?post=40594"}],"curies":[{"name":"wp","href":"https:\/\/api.w.org\/{rel}","templated":true}]}}