{"id":40718,"date":"2022-05-29T11:57:05","date_gmt":"2022-05-29T09:57:05","guid":{"rendered":"https:\/\/dev.authority.biz\/boj\/product\/b-cloud-grau-pu-leder-sitzeinheit-autositz-adapter-regenschutz\/"},"modified":"2023-07-05T16:15:21","modified_gmt":"2023-07-05T14:15:21","slug":"b-cloud-grauer-all-in-one-kinderwagen","status":"publish","type":"product","link":"https:\/\/www.bojungle.eu\/de\/produkt\/b-cloud-grauer-all-in-one-kinderwagen\/","title":{"rendered":"B-Cloud grauer All-In-One Kinderwagen"},"content":{"rendered":"<p><strong>Entdecken Sie den Bo Jungle Suvvy Cloud Grey All-in-One-Kinderwagen: Komfort und Vielseitigkeit neu definiert<\/strong><\/p>\n<p>Erleben Sie den Inbegriff von Komfort und Luxus mit dem brandneuen Bo Jungle Suvvy All-in-One-Kinderwagen. Dieser mit viel Liebe zum Detail gefertigte Kinderwagen ist auf die Bed\u00fcrfnisse moderner Familien zugeschnitten, die f\u00fcr ihre Kleinen gr\u00f6\u00dftm\u00f6glichen Komfort und Vielseitigkeit suchen. Inspiriert vom bekannten belgischen Lebensstil vereint der Bo Jungle Suvvy Funktionalit\u00e4t, Stil und innovative Features zu einem au\u00dfergew\u00f6hnlichen Reisebegleiter.  <\/p>\n<p><strong>Komfort f\u00fcr jedes Wetter<\/strong><\/p>\n<p>Der Bo Jungle Suvvy Kinderwagen legt gro\u00dfen Wert darauf, den Komfort Ihres Kindes zu gew\u00e4hrleisten und ist mit einer Reihe von Funktionen ausgestattet, um allen Wetterbedingungen gerecht zu werden. Die ultraleichte Thermo-Babywanne bietet eine gem\u00fctliche und sichere Umgebung, in der sich Ihr Kleines auch bei k\u00fchlen Winterausfl\u00fcgen wohlf\u00fchlt. Die wetterbest\u00e4ndigen Stoffe bieten optimalen Schutz vor den Elementen, sodass Ihr Kind Outdoor-Abenteuer genie\u00dfen und dabei trocken und komfortabel bleiben kann. Steigen Sie selbstbewusst aus und wissen Sie, dass der Bo Jungle Suvvy Ihr Kind sch\u00fctzt, egal ob es regnet oder die Sonne scheint.   <\/p>\n<p><strong>Luxuri\u00f6ses Design und ergonomische Funktionen<\/strong><\/p>\n<p>Treten Sie ein in eine Welt moderner Eleganz mit dem Bo Jungle Suvvy All-in-One-Kinderwagen. Sein modernes \u00c4u\u00dferes passt m\u00fchelos zu Ihrem Stil, w\u00e4hrend der durchdacht gestaltete Innenraum Ihrem Kind eine Oase des Komforts bietet. Die ger\u00e4umigen und weichen Sitze sorgen f\u00fcr eine gem\u00fctliche Fahrt und machen jede Fahrt zu einem Vergn\u00fcgen. Die sorgf\u00e4ltig ausgew\u00e4hlten Materialien strahlen nicht nur Eleganz aus, sondern sind auch leicht zu reinigen und garantieren vielbesch\u00e4ftigten Eltern ein sorgenfreies Erlebnis.   <\/p>\n<p><strong>Tolle Leistung f\u00fcr aktive Familien<\/strong><\/p>\n<p>Das Abenteuer erwartet Sie und der Bo Jungle Suvvy ist bereit, Sie dorthin zu bringen. Ausgestattet mit einem zuverl\u00e4ssigen Allrad-Amortisationssystem gleitet dieser Kinderwagen m\u00fchelos \u00fcber verschiedene Gel\u00e4nde und sorgt f\u00fcr eine sanfte und stabile Fahrt f\u00fcr Ihr Kind. Das innovative One-Click\u2122-Bremssystem sorgt f\u00fcr schnelles und sicheres Anhalten und gibt Ihnen Sicherheit bei Ihren Outdoor-Ausfl\u00fcgen. Der \u00e4u\u00dferst wendige Rahmen erm\u00f6glicht eine einfache Navigation und macht den Bo Jungle Suvvy zur perfekten Wahl f\u00fcr aktive Familien, die die Freude an der Erkundung der Natur genie\u00dfen.   <\/p>\n<p><strong>Komfort neu definiert<\/strong><\/p>\n<p>Wir wissen, wie wichtig Komfort in Ihrem gesch\u00e4ftigen Lebensstil ist, und deshalb wurde der Bo Jungle Suvvy All-in-One-Kinderwagen entwickelt, um Ihr Leben zu vereinfachen. Seine kompakten Ma\u00dfe im zusammengeklappten Zustand von 61 cm x 81 cm x 42 cm machen Lagerung und Transport zum Kinderspiel. F\u00fcr noch mehr Komfort wird der Kinderwagen noch kompakter, wenn die R\u00e4der entfernt werden und sich die H\u00f6he um 35 cm verringert. Genie\u00dfen Sie die Freiheit, ohne sperrige Ausr\u00fcstung auf Entdeckungsreise zu gehen. W\u00e4hlen Sie den Bo Jungle Suvvy All-in-One-Kinderwagen und begeben Sie sich auf eine Reise voller Komfort, Stil und Abenteuer. Erh\u00f6hen Sie Ihr Spazierg\u00e4ngererlebnis auf ein neues Niveau und schaffen Sie mit Ihrem Kind wertvolle Erinnerungen. Erleben Sie den Inbegriff von Vielseitigkeit und Zuverl\u00e4ssigkeit mit dem Bo Jungle Suvvy \u2013 Ihrem zuverl\u00e4ssigen Begleiter f\u00fcr jedes Abenteuer, von belebten Stra\u00dfen in der Stadt bis hin zu rauen Outdoor-Trails.      <\/p>\n","protected":false},"excerpt":{"rendered":"<p>Entdecken Sie den Bo Jungle Suvvy Cloud Grey All-in-One-Kinderwagen: Komfort und Vielseitigkeit neu definiert<\/p>\n","protected":false},"featured_media":58008,"comment_status":"closed","ping_status":"closed","template":"","meta":{"_lmt_disableupdate":"","_lmt_disable":""},"product_brand":[],"product_cat":[639,644],"product_tag":[],"woo-feed-brand":[],"class_list":{"0":"post-40718","1":"product","2":"type-product","3":"status-publish","4":"has-post-thumbnail","6":"product_cat-drausen","7":"product_cat-kinderwagen","9":"first","10":"instock","11":"taxable","12":"shipping-taxable","13":"purchasable","14":"product-type-simple"},"_links":{"self":[{"href":"https:\/\/www.bojungle.eu\/de\/wp-json\/wp\/v2\/product\/40718","targetHints":{"allow":["GET"]}}],"collection":[{"href":"https:\/\/www.bojungle.eu\/de\/wp-json\/wp\/v2\/product"}],"about":[{"href":"https:\/\/www.bojungle.eu\/de\/wp-json\/wp\/v2\/types\/product"}],"replies":[{"embeddable":true,"href":"https:\/\/www.bojungle.eu\/de\/wp-json\/wp\/v2\/comments?post=40718"}],"version-history":[{"count":0,"href":"https:\/\/www.bojungle.eu\/de\/wp-json\/wp\/v2\/product\/40718\/revisions"}],"wp:featuredmedia":[{"embeddable":true,"href":"https:\/\/www.bojungle.eu\/de\/wp-json\/wp\/v2\/media\/58008"}],"wp:attachment":[{"href":"https:\/\/www.bojungle.eu\/de\/wp-json\/wp\/v2\/media?parent=40718"}],"wp:term":[{"taxonomy":"product_brand","embeddable":true,"href":"https:\/\/www.bojungle.eu\/de\/wp-json\/wp\/v2\/product_brand?post=40718"},{"taxonomy":"product_cat","embeddable":true,"href":"https:\/\/www.bojungle.eu\/de\/wp-json\/wp\/v2\/product_cat?post=40718"},{"taxonomy":"product_tag","embeddable":true,"href":"https:\/\/www.bojungle.eu\/de\/wp-json\/wp\/v2\/product_tag?post=40718"},{"taxonomy":"woo-feed-brand","embeddable":true,"href":"https:\/\/www.bojungle.eu\/de\/wp-json\/wp\/v2\/woo-feed-brand?post=40718"}],"curies":[{"name":"wp","href":"https:\/\/api.w.org\/{rel}","templated":true}]}}