{"id":40820,"date":"2022-05-29T11:53:16","date_gmt":"2022-05-29T09:53:16","guid":{"rendered":"https:\/\/dev.authority.biz\/boj\/product\/b-absaugplatte-baer-grau\/"},"modified":"2025-08-11T16:12:33","modified_gmt":"2025-08-11T14:12:33","slug":"b-sauger-platte-bar-grau","status":"publish","type":"product","link":"https:\/\/www.bojungle.eu\/de\/produkt\/b-sauger-platte-bar-grau\/","title":{"rendered":"B-Absaugplatte B\u00e4r Grau"},"content":{"rendered":"<p data-start=\"84\" data-end=\"132\">Mit dem Saugnapf-Teller \u201eB\u00e4r\u201c geh\u00f6ren unordentliche Mahlzeiten der Vergangenheit an. Er haftet am Tisch, sodass Ihr Baby ihn nicht auf den Boden werfen kann. Er verf\u00fcgt \u00fcber einen starken Saugnapf, der den Teller an seinem Platz h\u00e4lt, w\u00e4hrend Ihr Kind isst.  <\/p>\n<p data-start=\"311\" data-end=\"446\">Aus weichem, sicherem Silikon hergestellt, ist es sanft zu Babys und f\u00fcr Eltern leicht zu reinigen. Die niedlichen B\u00e4renohren machen die Mahlzeiten noch lustiger! <\/p>\n<ul>\n<li data-start=\"448\" data-end=\"643\">Bleibt dank starker Saugkraft an Ort und Stelle<\/li>\n<li data-start=\"448\" data-end=\"643\">Sicher in der Mikrowelle und im Backofen verwendbar (bis zu 220 \u00b0C)<\/li>\n<li data-start=\"448\" data-end=\"643\">Leicht zu reinigen \u2013 einfach in die Sp\u00fclmaschine geben<\/li>\n<li data-start=\"448\" data-end=\"643\">Aus Silikon hergestellt<\/li>\n<\/ul>\n<p data-start=\"645\" data-end=\"716\">Ideal f\u00fcr die t\u00e4glichen Mahlzeiten und kleine H\u00e4nde, die gerade lernen, selbstst\u00e4ndig zu essen.<\/p>\n","protected":false},"excerpt":{"rendered":"<p>Der Saugnapf-Teller \u201eB\u00e4r\u201c ist ein niedlicher und praktischer Silikonteller mit starkem Saugnapf, der das Versch\u00fctten von Fl\u00fcssigkeiten verhindert. Er ist mikrowellen-, backofen- (bis 220 \u00b0C) und sp\u00fclmaschinenfest. <\/p>\n","protected":false},"featured_media":72440,"comment_status":"closed","ping_status":"closed","template":"","meta":{"_lmt_disableupdate":"","_lmt_disable":""},"product_brand":[],"product_cat":[452,450,555],"product_tag":[],"woo-feed-brand":[],"class_list":{"0":"post-40820","1":"product","2":"type-product","3":"status-publish","4":"has-post-thumbnail","6":"product_cat-bereich-silikone","7":"product_cat-essen-trinken","8":"product_cat-zeit-zum-abendessen","10":"first","11":"outofstock","12":"taxable","13":"shipping-taxable","14":"purchasable","15":"product-type-simple"},"_links":{"self":[{"href":"https:\/\/www.bojungle.eu\/de\/wp-json\/wp\/v2\/product\/40820","targetHints":{"allow":["GET"]}}],"collection":[{"href":"https:\/\/www.bojungle.eu\/de\/wp-json\/wp\/v2\/product"}],"about":[{"href":"https:\/\/www.bojungle.eu\/de\/wp-json\/wp\/v2\/types\/product"}],"replies":[{"embeddable":true,"href":"https:\/\/www.bojungle.eu\/de\/wp-json\/wp\/v2\/comments?post=40820"}],"version-history":[{"count":1,"href":"https:\/\/www.bojungle.eu\/de\/wp-json\/wp\/v2\/product\/40820\/revisions"}],"predecessor-version":[{"id":80928,"href":"https:\/\/www.bojungle.eu\/de\/wp-json\/wp\/v2\/product\/40820\/revisions\/80928"}],"wp:featuredmedia":[{"embeddable":true,"href":"https:\/\/www.bojungle.eu\/de\/wp-json\/wp\/v2\/media\/72440"}],"wp:attachment":[{"href":"https:\/\/www.bojungle.eu\/de\/wp-json\/wp\/v2\/media?parent=40820"}],"wp:term":[{"taxonomy":"product_brand","embeddable":true,"href":"https:\/\/www.bojungle.eu\/de\/wp-json\/wp\/v2\/product_brand?post=40820"},{"taxonomy":"product_cat","embeddable":true,"href":"https:\/\/www.bojungle.eu\/de\/wp-json\/wp\/v2\/product_cat?post=40820"},{"taxonomy":"product_tag","embeddable":true,"href":"https:\/\/www.bojungle.eu\/de\/wp-json\/wp\/v2\/product_tag?post=40820"},{"taxonomy":"woo-feed-brand","embeddable":true,"href":"https:\/\/www.bojungle.eu\/de\/wp-json\/wp\/v2\/woo-feed-brand?post=40820"}],"curies":[{"name":"wp","href":"https:\/\/api.w.org\/{rel}","templated":true}]}}