{"id":40853,"date":"2022-05-29T11:52:36","date_gmt":"2022-05-29T09:52:36","guid":{"rendered":"https:\/\/dev.authority.biz\/boj\/product\/b-strolly-grey-silver-moon-gestell-sitzeinheit-autositzadapter-regenschutz-wiege\/"},"modified":"2022-05-29T11:52:36","modified_gmt":"2022-05-29T11:52:36","slug":"b-strolly-grey-silver-moon-frame-seat-unit-car-seat-adapters-rain-protection-cradle-2","status":"publish","type":"product","link":"https:\/\/www.bojungle.eu\/de\/produkt\/b-strolly-grey-silver-moon-frame-seat-unit-car-seat-adapters-rain-protection-cradle-2\/","title":{"rendered":"B-Strolly Grey Silver Moon (Gestell + Sitzeinheit + Autositzadapter + Regenschutz + Wiege)"},"content":{"rendered":"<ul>\n<li>Lernen Sie den Bo Jungle Strolly kennen, der Sicherheits- und Gesundheitsfunktionen f\u00fcr Ihr Baby bietet, die in allen Kinderwagen von Bo Jungle vorhanden sind. Der B-Strolly ist f\u00fcr jeden geeignet. Genie\u00dfen Sie seine Einfachheit und Qualit\u00e4t.<\/li>\n<li>In der Einfachheit liegt die Genialit\u00e4t &#8211; der B-Strolly verf\u00fcgt \u00fcber die meisten Eigenschaften von Kinderwagen der Spitzenklasse, so dass er f\u00fcr die t\u00e4glichen Fahrten in der Stadt und in der Natur bequem und praktisch ist. Das Fahrgestell mit EVA-Schaumstoff-R\u00e4dern erm\u00f6glicht es, die Fahrt auf sch\u00f6nen Wegen im Wald oder im Park zu genie\u00dfen. Au\u00dferdem machen spezielle Stickereien und lichtreflektierende Designelemente den Kinderwagen einzigartig und zu jeder Tageszeit sichtbar. Die weiche Matratze aus Kokosflocken und der zus\u00e4tzliche Schutz der Wiege vor Wind schaffen eine sichere und komfortable Umgebung f\u00fcr Ihr Baby.<\/li>\n<li>Abmessungen (gefaltet): 61 cm x 81 cm<\/li>\n<\/ul>\n","protected":false},"excerpt":{"rendered":"<p>In der Einfachheit liegt die Genialit\u00e4t<\/p>\n","protected":false},"featured_media":57445,"comment_status":"closed","ping_status":"closed","template":"","meta":{"_lmt_disableupdate":"","_lmt_disable":""},"product_brand":[],"product_cat":[639,644,1340],"product_tag":[],"woo-feed-brand":[],"class_list":{"0":"post-40853","1":"product","2":"type-product","3":"status-publish","4":"has-post-thumbnail","6":"product_cat-drausen","7":"product_cat-kinderwagen","8":"product_cat-sale-de","10":"first","11":"instock","12":"sale","13":"taxable","14":"shipping-taxable","15":"purchasable","16":"product-type-simple"},"_links":{"self":[{"href":"https:\/\/www.bojungle.eu\/de\/wp-json\/wp\/v2\/product\/40853","targetHints":{"allow":["GET"]}}],"collection":[{"href":"https:\/\/www.bojungle.eu\/de\/wp-json\/wp\/v2\/product"}],"about":[{"href":"https:\/\/www.bojungle.eu\/de\/wp-json\/wp\/v2\/types\/product"}],"replies":[{"embeddable":true,"href":"https:\/\/www.bojungle.eu\/de\/wp-json\/wp\/v2\/comments?post=40853"}],"version-history":[{"count":0,"href":"https:\/\/www.bojungle.eu\/de\/wp-json\/wp\/v2\/product\/40853\/revisions"}],"wp:featuredmedia":[{"embeddable":true,"href":"https:\/\/www.bojungle.eu\/de\/wp-json\/wp\/v2\/media\/57445"}],"wp:attachment":[{"href":"https:\/\/www.bojungle.eu\/de\/wp-json\/wp\/v2\/media?parent=40853"}],"wp:term":[{"taxonomy":"product_brand","embeddable":true,"href":"https:\/\/www.bojungle.eu\/de\/wp-json\/wp\/v2\/product_brand?post=40853"},{"taxonomy":"product_cat","embeddable":true,"href":"https:\/\/www.bojungle.eu\/de\/wp-json\/wp\/v2\/product_cat?post=40853"},{"taxonomy":"product_tag","embeddable":true,"href":"https:\/\/www.bojungle.eu\/de\/wp-json\/wp\/v2\/product_tag?post=40853"},{"taxonomy":"woo-feed-brand","embeddable":true,"href":"https:\/\/www.bojungle.eu\/de\/wp-json\/wp\/v2\/woo-feed-brand?post=40853"}],"curies":[{"name":"wp","href":"https:\/\/api.w.org\/{rel}","templated":true}]}}