{"id":40862,"date":"2022-05-29T11:49:08","date_gmt":"2022-05-29T09:49:08","guid":{"rendered":"https:\/\/dev.authority.biz\/boj\/product\/b-step-up-hocker-grau\/"},"modified":"2025-03-18T11:13:01","modified_gmt":"2025-03-18T10:13:01","slug":"b-step-up-stool-grey-2","status":"publish","type":"product","link":"https:\/\/www.bojungle.eu\/de\/produkt\/b-step-up-stool-grey-2\/","title":{"rendered":"Tritthocker grau"},"content":{"rendered":"<p>Der Bo Jungle Tritthocker in Grau ist perfekt f\u00fcr Kleinkinder, die gerade lernen, aufs T\u00f6pfchen zu gehen oder Hilfe beim Erreichen des Waschbeckens ben\u00f6tigen. Er ist sicher mit einem sicheren Verschlusssystem und rutschfesten F\u00fc\u00dfen, die ihn w\u00e4hrend der Benutzung stabil halten. <\/p>\n<p>Der Hocker ist in der H\u00f6he verstellbar (15 cm &#8211; 26 cm) und w\u00e4chst so mit Ihrem Kind mit. Er ist leicht und mit einem Transportgriff ausgestattet, so dass er leicht zu transportieren ist. Au\u00dferdem ist er leicht zu reinigen, so dass Ihr Zuhause sauber bleibt.  <\/p>\n<p>Mit seinem modernen, klaren Design macht der Bo Jungle Step-Up Stool in jedem Raum eine gute Figur. Er kann bis zu 150 kg tragen und ist damit stark genug f\u00fcr die ganze Familie. <\/p>\n<p>Sicher, praktisch und stilvoll &#8211; der Bo Jungle Step-Up Stool ist ein Muss f\u00fcr jedes Zuhause.<\/p>\n","protected":false},"excerpt":{"rendered":"<div class=\"flex-1 overflow-hidden @container\/thread translate-y-[1.5rem] -mt-[1.5rem] pb-[1.5rem]\">\n<div class=\"h-full\">\n<div class=\"react-scroll-to-bottom--css-wjdla-79elbk h-full\">\n<div class=\"react-scroll-to-bottom--css-wjdla-1n7m0yu\">\n<div class=\"flex flex-col text-sm\">\n<article class=\"w-full text-token-text-primary focus-visible:outline-2 focus-visible:outline-offset-[-4px]\" dir=\"auto\" data-testid=\"conversation-turn-7\" data-scroll-anchor=\"true\">\n<div class=\"m-auto text-base py-[18px] px-6\">\n<div class=\"mx-auto flex flex-1 gap-4 text-base md:gap-5 lg:gap-6 md:max-w-3xl\">\n<div class=\"group\/conversation-turn relative flex w-full min-w-0 flex-col agent-turn @xs\/thread:px-0 @sm\/thread:px-1.5 @md\/thread:px-4\">\n<div class=\"flex-col gap-1 md:gap-3\">\n<div class=\"flex max-w-full flex-col flex-grow\">\n<div class=\"min-h-8 text-message flex w-full flex-col items-end gap-2 whitespace-normal break-words text-start [.text-message+&amp;]:mt-5\" dir=\"auto\" data-message-author-role=\"assistant\" data-message-id=\"b4871a3b-8d97-4bd5-9e52-52989dc4a866\" data-message-model-slug=\"gpt-4o-mini\">\n<div class=\"flex w-full flex-col gap-1 empty:hidden first:pt-[3px]\">\n<div class=\"markdown prose w-full break-words dark:prose-invert light\">\n<p>Der Bo Jungle Step-Up Stool in Grau ist perfekt f\u00fcr Kleinkinder, hilft beim T\u00f6pfchentraining und beim Erreichen von Waschbecken. Er ist sicher, leicht und einfach zu transportieren, mit einem sicheren Verriegelungssystem und rutschfesten F\u00fc\u00dfen. Die verstellbare H\u00f6he (15 cm &#8211; 26 cm) w\u00e4chst mit Ihrem Kind mit und kann bis zu 150 kg tragen. Mit seinem modernen Design und der leicht zu reinigenden Oberfl\u00e4che ist es die perfekte Erg\u00e4nzung f\u00fcr jedes Zuhause!   <\/p>\n<\/div>\n<\/div>\n<\/div>\n<\/div>\n<\/div>\n<\/div>\n<\/div>\n<\/div>\n<\/article>\n<\/div>\n<\/div>\n<\/div>\n<\/div>\n<\/div>\n","protected":false},"featured_media":69692,"comment_status":"closed","ping_status":"closed","template":"","meta":{"_lmt_disableupdate":"","_lmt_disable":""},"product_brand":[],"product_cat":[514,544],"product_tag":[],"woo-feed-brand":[],"class_list":{"0":"post-40862","1":"product","2":"type-product","3":"status-publish","4":"has-post-thumbnail","6":"product_cat-korperpflege","7":"product_cat-toilettenartikel","9":"first","10":"instock","11":"taxable","12":"shipping-taxable","13":"purchasable","14":"product-type-simple"},"_links":{"self":[{"href":"https:\/\/www.bojungle.eu\/de\/wp-json\/wp\/v2\/product\/40862","targetHints":{"allow":["GET"]}}],"collection":[{"href":"https:\/\/www.bojungle.eu\/de\/wp-json\/wp\/v2\/product"}],"about":[{"href":"https:\/\/www.bojungle.eu\/de\/wp-json\/wp\/v2\/types\/product"}],"replies":[{"embeddable":true,"href":"https:\/\/www.bojungle.eu\/de\/wp-json\/wp\/v2\/comments?post=40862"}],"version-history":[{"count":1,"href":"https:\/\/www.bojungle.eu\/de\/wp-json\/wp\/v2\/product\/40862\/revisions"}],"predecessor-version":[{"id":79027,"href":"https:\/\/www.bojungle.eu\/de\/wp-json\/wp\/v2\/product\/40862\/revisions\/79027"}],"wp:featuredmedia":[{"embeddable":true,"href":"https:\/\/www.bojungle.eu\/de\/wp-json\/wp\/v2\/media\/69692"}],"wp:attachment":[{"href":"https:\/\/www.bojungle.eu\/de\/wp-json\/wp\/v2\/media?parent=40862"}],"wp:term":[{"taxonomy":"product_brand","embeddable":true,"href":"https:\/\/www.bojungle.eu\/de\/wp-json\/wp\/v2\/product_brand?post=40862"},{"taxonomy":"product_cat","embeddable":true,"href":"https:\/\/www.bojungle.eu\/de\/wp-json\/wp\/v2\/product_cat?post=40862"},{"taxonomy":"product_tag","embeddable":true,"href":"https:\/\/www.bojungle.eu\/de\/wp-json\/wp\/v2\/product_tag?post=40862"},{"taxonomy":"woo-feed-brand","embeddable":true,"href":"https:\/\/www.bojungle.eu\/de\/wp-json\/wp\/v2\/woo-feed-brand?post=40862"}],"curies":[{"name":"wp","href":"https:\/\/api.w.org\/{rel}","templated":true}]}}