{"id":40907,"date":"2022-05-29T11:49:07","date_gmt":"2022-05-29T09:49:07","guid":{"rendered":"https:\/\/dev.authority.biz\/boj\/product\/b-soft-loeffel-set-3-stueck-grau-weiss-rosa\/"},"modified":"2022-05-29T11:49:07","modified_gmt":"2022-05-29T11:49:07","slug":"b-weich-loffel-set-3-teilig-grau-weis-rosa","status":"publish","type":"product","link":"https:\/\/www.bojungle.eu\/de\/produkt\/b-weich-loffel-set-3-teilig-grau-weis-rosa\/","title":{"rendered":"B-Soft L\u00f6ffel Set 3 St\u00fcck (Grau &#8211; Wei\u00df &#8211; Rosa)"},"content":{"rendered":"<ul>\n<li>Der perfekte L\u00f6ffel f\u00fcr die ersten Bisse Ihres Babys!<\/li>\n<li>L\u00f6ffel mit Spitzen aus weichem Silikon zum Schutz des empfindlichen Zahnfleischs Ihres Babys<\/li>\n<li>Weiche und flache Vorderseite, so dass auch kleine Babys die Nahrung herausnehmen k\u00f6nnen<\/li>\n<li>Kunststoffgriff f\u00fcr guten Halt<\/li>\n<li>Sp\u00fclmaschinentauglich<\/li>\n<li>Verkauft in einem Set von 3 L\u00f6ffeln in wei\u00df, rosa und grau<\/li>\n<\/ul>\n","protected":false},"excerpt":{"rendered":"<p>Der perfekte L\u00f6ffel f\u00fcr die ersten Bisse Ihres Babys!<\/p>\n","protected":false},"featured_media":56980,"comment_status":"closed","ping_status":"closed","template":"","meta":{"_lmt_disableupdate":"","_lmt_disable":""},"product_brand":[],"product_cat":[450,555],"product_tag":[],"woo-feed-brand":[],"class_list":{"0":"post-40907","1":"product","2":"type-product","3":"status-publish","4":"has-post-thumbnail","6":"product_cat-essen-trinken","7":"product_cat-zeit-zum-abendessen","9":"first","10":"outofstock","11":"taxable","12":"shipping-taxable","13":"purchasable","14":"product-type-simple"},"_links":{"self":[{"href":"https:\/\/www.bojungle.eu\/de\/wp-json\/wp\/v2\/product\/40907","targetHints":{"allow":["GET"]}}],"collection":[{"href":"https:\/\/www.bojungle.eu\/de\/wp-json\/wp\/v2\/product"}],"about":[{"href":"https:\/\/www.bojungle.eu\/de\/wp-json\/wp\/v2\/types\/product"}],"replies":[{"embeddable":true,"href":"https:\/\/www.bojungle.eu\/de\/wp-json\/wp\/v2\/comments?post=40907"}],"version-history":[{"count":0,"href":"https:\/\/www.bojungle.eu\/de\/wp-json\/wp\/v2\/product\/40907\/revisions"}],"wp:featuredmedia":[{"embeddable":true,"href":"https:\/\/www.bojungle.eu\/de\/wp-json\/wp\/v2\/media\/56980"}],"wp:attachment":[{"href":"https:\/\/www.bojungle.eu\/de\/wp-json\/wp\/v2\/media?parent=40907"}],"wp:term":[{"taxonomy":"product_brand","embeddable":true,"href":"https:\/\/www.bojungle.eu\/de\/wp-json\/wp\/v2\/product_brand?post=40907"},{"taxonomy":"product_cat","embeddable":true,"href":"https:\/\/www.bojungle.eu\/de\/wp-json\/wp\/v2\/product_cat?post=40907"},{"taxonomy":"product_tag","embeddable":true,"href":"https:\/\/www.bojungle.eu\/de\/wp-json\/wp\/v2\/product_tag?post=40907"},{"taxonomy":"woo-feed-brand","embeddable":true,"href":"https:\/\/www.bojungle.eu\/de\/wp-json\/wp\/v2\/woo-feed-brand?post=40907"}],"curies":[{"name":"wp","href":"https:\/\/api.w.org\/{rel}","templated":true}]}}