{"id":40999,"date":"2022-05-29T11:49:07","date_gmt":"2022-05-29T09:49:07","guid":{"rendered":"https:\/\/dev.authority.biz\/boj\/product\/b-step-up-hocker-blau\/"},"modified":"2025-03-18T13:34:46","modified_gmt":"2025-03-18T12:34:46","slug":"b-step-up-stool-blau","status":"publish","type":"product","link":"https:\/\/www.bojungle.eu\/de\/produkt\/b-step-up-stool-blau\/","title":{"rendered":"B-Step up Hocker Blau"},"content":{"rendered":"<p>Der Bo Jungle Step-Up Stool in Blau ist perfekt f\u00fcr Kleinkinder, die gerade lernen, aufs T\u00f6pfchen zu gehen oder Hilfe beim Erreichen des Waschbeckens ben\u00f6tigen. Er ist sicher mit einem sicheren Verschlusssystem und rutschfesten F\u00fc\u00dfen, die ihn w\u00e4hrend der Benutzung stabil halten. <\/p>\n<p>Der Hocker ist in der H\u00f6he verstellbar (15 cm &#8211; 26 cm) und w\u00e4chst so mit Ihrem Kind mit. Er ist leicht und mit einem Transportgriff ausgestattet, so dass er leicht zu transportieren ist. Au\u00dferdem ist er leicht zu reinigen, so dass Ihr Zuhause sauber bleibt.  <\/p>\n<p>Mit seinem modernen, klaren Design macht der Bo Jungle Step-Up Stool in jedem Raum eine gute Figur. Er kann bis zu 150 kg tragen und ist damit stark genug f\u00fcr die ganze Familie. <\/p>\n<p>Sicher, praktisch und stilvoll &#8211; der Bo Jungle Step-Up Stool ist ein Muss f\u00fcr jedes Zuhause.<\/p>\n","protected":false},"excerpt":{"rendered":"<p>Der Bo Jungle Step-Up Stool in Blau ist perfekt f\u00fcr Kleinkinder, hilft beim T\u00f6pfchentraining und beim Erreichen von Waschbecken. Er ist sicher, leicht und einfach zu transportieren, mit einem sicheren Verriegelungssystem und rutschfesten F\u00fc\u00dfen. Die verstellbare H\u00f6he (15 cm &#8211; 26 cm) w\u00e4chst mit Ihrem Kind mit und kann bis zu 150 kg tragen. Mit seinem modernen Design und der leicht zu reinigenden Oberfl\u00e4che ist es die perfekte Erg\u00e4nzung f\u00fcr jedes Zuhause!   <\/p>\n","protected":false},"featured_media":69752,"comment_status":"closed","ping_status":"closed","template":"","meta":{"_lmt_disableupdate":"","_lmt_disable":""},"product_brand":[],"product_cat":[514,544],"product_tag":[],"woo-feed-brand":[],"class_list":{"0":"post-40999","1":"product","2":"type-product","3":"status-publish","4":"has-post-thumbnail","6":"product_cat-korperpflege","7":"product_cat-toilettenartikel","9":"first","10":"outofstock","11":"taxable","12":"shipping-taxable","13":"purchasable","14":"product-type-simple"},"_links":{"self":[{"href":"https:\/\/www.bojungle.eu\/de\/wp-json\/wp\/v2\/product\/40999","targetHints":{"allow":["GET"]}}],"collection":[{"href":"https:\/\/www.bojungle.eu\/de\/wp-json\/wp\/v2\/product"}],"about":[{"href":"https:\/\/www.bojungle.eu\/de\/wp-json\/wp\/v2\/types\/product"}],"replies":[{"embeddable":true,"href":"https:\/\/www.bojungle.eu\/de\/wp-json\/wp\/v2\/comments?post=40999"}],"version-history":[{"count":1,"href":"https:\/\/www.bojungle.eu\/de\/wp-json\/wp\/v2\/product\/40999\/revisions"}],"predecessor-version":[{"id":79365,"href":"https:\/\/www.bojungle.eu\/de\/wp-json\/wp\/v2\/product\/40999\/revisions\/79365"}],"wp:featuredmedia":[{"embeddable":true,"href":"https:\/\/www.bojungle.eu\/de\/wp-json\/wp\/v2\/media\/69752"}],"wp:attachment":[{"href":"https:\/\/www.bojungle.eu\/de\/wp-json\/wp\/v2\/media?parent=40999"}],"wp:term":[{"taxonomy":"product_brand","embeddable":true,"href":"https:\/\/www.bojungle.eu\/de\/wp-json\/wp\/v2\/product_brand?post=40999"},{"taxonomy":"product_cat","embeddable":true,"href":"https:\/\/www.bojungle.eu\/de\/wp-json\/wp\/v2\/product_cat?post=40999"},{"taxonomy":"product_tag","embeddable":true,"href":"https:\/\/www.bojungle.eu\/de\/wp-json\/wp\/v2\/product_tag?post=40999"},{"taxonomy":"woo-feed-brand","embeddable":true,"href":"https:\/\/www.bojungle.eu\/de\/wp-json\/wp\/v2\/woo-feed-brand?post=40999"}],"curies":[{"name":"wp","href":"https:\/\/api.w.org\/{rel}","templated":true}]}}