{"id":41017,"date":"2022-05-29T11:49:06","date_gmt":"2022-05-29T09:49:06","guid":{"rendered":"https:\/\/dev.authority.biz\/boj\/product\/b-snooze-3-in-1-grau-schwarz\/"},"modified":"2024-02-13T13:37:41","modified_gmt":"2024-02-13T12:37:41","slug":"b-snooze-3-in-1-grey-black-2","status":"publish","type":"product","link":"https:\/\/www.bojungle.eu\/de\/produkt\/b-snooze-3-in-1-grey-black-2\/","title":{"rendered":"B-Snooze 3 in 1 Grau\/Schwarz"},"content":{"rendered":"<p>Der B-Snooze 3 in 1 Grau\/Schwarz ist auf Vielseitigkeit ausgelegt. Es kann in drei verschiedenen Konfigurationen verwendet werden, die jeweils ma\u00dfgeschneiderte Unterst\u00fctzung f\u00fcr verschiedene Schlafpositionen und Bed\u00fcrfnisse bieten. Ob es den Kopf Ihres Babys sanft anhebt, seinen zarten K\u00f6rper wiegt oder auf Reisen st\u00fctzt, dieses Kissen passt sich m\u00fchelos an die sich ver\u00e4ndernden Bed\u00fcrfnisse Ihres Babys an. Eines der herausragenden Merkmale des B-Snooze 3 in 1 ist seine verstellbare Kopfst\u00fctze, die sich dem Wachstum und der Entwicklung Ihres Babys anpasst. Wenn Ihr Kind w\u00e4chst, k\u00f6nnen Sie die Kopfst\u00fctze einfach anpassen, um optimalen Komfort und eine optimale Ausrichtung zu gew\u00e4hrleisten und so gesunde Schlafgewohnheiten vom S\u00e4uglings- bis zum Kleinkindalter zu f\u00f6rdern. Durch die Verwendung luftdurchl\u00e4ssiger Materialien wird die Luftzirkulation und Atmungsaktivit\u00e4t gef\u00f6rdert, so dass Ihr Baby zu jeder Jahreszeit k\u00fchl und bequem liegt. Die Verwendung hochwertiger, atmungsaktiver Stoffe erh\u00f6ht nicht nur den Komfort, sondern auch die Sicherheit, damit Ihr Baby ruhig schlafen kann, ohne zu \u00fcberhitzen. Sicherheit steht an erster Stelle, deshalb ist der B-Snooze 3 in 1 mit \u00d6ffnungen f\u00fcr Sicherheitsgurte ausgestattet, die f\u00fcr einen sicheren und bequemen Sitz auf Reisen oder bei der Verwendung im Kinderwagen oder Autositz sorgen. Au\u00dferdem ist der untere Teil wasserabweisend und bietet so zus\u00e4tzlichen Schutz vor Windelunf\u00e4llen und Versch\u00fcttungen. So k\u00f6nnen Sie beruhigt sein, dass die Schlafumgebung Ihres Babys sauber und hygienisch bleibt.<\/p>\n<p>Verbessern Sie das Reise- und Schlaferlebnis Ihres Babys mit dem B-Snooze 3 in 1 Grau\/Schwarz. Er wurde f\u00fcr Vielseitigkeit, Komfort und Sicherheit entwickelt und ist der perfekte Begleiter f\u00fcr die Reise Ihres Kindes!<\/p>\n<ul>\n<li>Universal-Kissen, das den ganzen K\u00f6rper Ihres Babys st\u00fctzt<\/li>\n<li>Die 3 Teile k\u00f6nnen auch einzeln verwendet werden<\/li>\n<li>Die Kopfst\u00fctze kann verstellt werden, wenn das Baby w\u00e4chst<\/li>\n<li>Die luftdurchl\u00e4ssigen Stoffe bieten mehr Komfort und Sicherheit in allen Jahreszeiten<\/li>\n<li>Mit \u00d6ffnungen f\u00fcr die Sicherheitsgurte<\/li>\n<li>Der untere Teil ist wasserabweisend und bietet Schutz vor Unf\u00e4llen mit Wasser.<\/li>\n<\/ul>\n","protected":false},"excerpt":{"rendered":"<p>Entdecken Sie den B-Snooze 3 in 1 Grau\/Schwarz, die ultimative L\u00f6sung f\u00fcr den Komfort und die Sicherheit Ihres Babys beim Schlafen und Reisen. Dieses innovative Universalkissen wurde sorgf\u00e4ltig entwickelt, um den gesamten K\u00f6rper Ihres Kindes umfassend zu st\u00fctzen und ihm jederzeit einen bequemen und sicheren Schlaf zu erm\u00f6glichen.<\/p>\n","protected":false},"featured_media":65885,"comment_status":"closed","ping_status":"closed","template":"","meta":{"_lmt_disableupdate":"","_lmt_disable":""},"product_brand":[],"product_cat":[639,640],"product_tag":[],"woo-feed-brand":[],"class_list":{"0":"post-41017","1":"product","2":"type-product","3":"status-publish","4":"has-post-thumbnail","6":"product_cat-drausen","7":"product_cat-outdoor-zubehor","9":"first","10":"instock","11":"taxable","12":"shipping-taxable","13":"purchasable","14":"product-type-simple"},"_links":{"self":[{"href":"https:\/\/www.bojungle.eu\/de\/wp-json\/wp\/v2\/product\/41017","targetHints":{"allow":["GET"]}}],"collection":[{"href":"https:\/\/www.bojungle.eu\/de\/wp-json\/wp\/v2\/product"}],"about":[{"href":"https:\/\/www.bojungle.eu\/de\/wp-json\/wp\/v2\/types\/product"}],"replies":[{"embeddable":true,"href":"https:\/\/www.bojungle.eu\/de\/wp-json\/wp\/v2\/comments?post=41017"}],"version-history":[{"count":1,"href":"https:\/\/www.bojungle.eu\/de\/wp-json\/wp\/v2\/product\/41017\/revisions"}],"predecessor-version":[{"id":65893,"href":"https:\/\/www.bojungle.eu\/de\/wp-json\/wp\/v2\/product\/41017\/revisions\/65893"}],"wp:featuredmedia":[{"embeddable":true,"href":"https:\/\/www.bojungle.eu\/de\/wp-json\/wp\/v2\/media\/65885"}],"wp:attachment":[{"href":"https:\/\/www.bojungle.eu\/de\/wp-json\/wp\/v2\/media?parent=41017"}],"wp:term":[{"taxonomy":"product_brand","embeddable":true,"href":"https:\/\/www.bojungle.eu\/de\/wp-json\/wp\/v2\/product_brand?post=41017"},{"taxonomy":"product_cat","embeddable":true,"href":"https:\/\/www.bojungle.eu\/de\/wp-json\/wp\/v2\/product_cat?post=41017"},{"taxonomy":"product_tag","embeddable":true,"href":"https:\/\/www.bojungle.eu\/de\/wp-json\/wp\/v2\/product_tag?post=41017"},{"taxonomy":"woo-feed-brand","embeddable":true,"href":"https:\/\/www.bojungle.eu\/de\/wp-json\/wp\/v2\/woo-feed-brand?post=41017"}],"curies":[{"name":"wp","href":"https:\/\/api.w.org\/{rel}","templated":true}]}}