{"id":41110,"date":"2022-05-29T11:46:49","date_gmt":"2022-05-29T09:46:49","guid":{"rendered":"https:\/\/dev.authority.biz\/boj\/product\/b-rocket-silikon-rot\/"},"modified":"2022-05-29T11:46:49","modified_gmt":"2022-05-29T11:46:49","slug":"b-rakete-silikon-pink","status":"publish","type":"product","link":"https:\/\/www.bojungle.eu\/de\/produkt\/b-rakete-silikon-pink\/","title":{"rendered":"B-Rocket Silikon Rot"},"content":{"rendered":"<ul>\n<li>Unser Silikonschl\u00e4ger stimuliert sowohl die Biss- als auch die Greifsinne. Es sorgt daf\u00fcr, dass die Schmerzen und Beschwerden beim Durchbei\u00dfen der Z\u00e4hne so weit gemildert werden und stimuliert durch seine unterschiedlichen Bissfl\u00e4chen auch die Lippen und die Zunge. Die Z\u00e4hne werden massiert und auch das Zahnfleisch wird aufgeweicht. Ideal f\u00fcr kleine H\u00e4nde und kommende Z\u00e4hne!<\/li>\n<li>Pflegeleicht, maschinenwaschbar<\/li>\n<li>Hergestellt aus Silikon<\/li>\n<\/ul>\n","protected":false},"excerpt":{"rendered":"<p>Unser Silikonschl\u00e4ger stimuliert sowohl die Biss- als auch die Greifsinne. Es sorgt daf\u00fcr, dass die Schmerzen und Beschwerden beim Durchbei\u00dfen der Z\u00e4hne so weit gemildert werden und stimuliert durch seine unterschiedlichen Bissfl\u00e4chen auch die Lippen und die Zunge. Die Z\u00e4hne werden massiert und auch das Zahnfleisch wird aufgeweicht. Ideal f\u00fcr kleine H\u00e4nde und kommende Z\u00e4hne!<\/p>\n","protected":false},"featured_media":73155,"comment_status":"closed","ping_status":"closed","template":"","meta":{"_lmt_disableupdate":"","_lmt_disable":""},"product_brand":[],"product_cat":[603,453,473],"product_tag":[],"woo-feed-brand":[],"class_list":{"0":"post-41110","1":"product","2":"type-product","3":"status-publish","4":"has-post-thumbnail","6":"product_cat-beisring-spielzeug","7":"product_cat-spielzeit","8":"product_cat-spielzeug-aus-silikon","10":"first","11":"instock","12":"taxable","13":"shipping-taxable","14":"purchasable","15":"product-type-simple"},"_links":{"self":[{"href":"https:\/\/www.bojungle.eu\/de\/wp-json\/wp\/v2\/product\/41110","targetHints":{"allow":["GET"]}}],"collection":[{"href":"https:\/\/www.bojungle.eu\/de\/wp-json\/wp\/v2\/product"}],"about":[{"href":"https:\/\/www.bojungle.eu\/de\/wp-json\/wp\/v2\/types\/product"}],"replies":[{"embeddable":true,"href":"https:\/\/www.bojungle.eu\/de\/wp-json\/wp\/v2\/comments?post=41110"}],"version-history":[{"count":0,"href":"https:\/\/www.bojungle.eu\/de\/wp-json\/wp\/v2\/product\/41110\/revisions"}],"wp:featuredmedia":[{"embeddable":true,"href":"https:\/\/www.bojungle.eu\/de\/wp-json\/wp\/v2\/media\/73155"}],"wp:attachment":[{"href":"https:\/\/www.bojungle.eu\/de\/wp-json\/wp\/v2\/media?parent=41110"}],"wp:term":[{"taxonomy":"product_brand","embeddable":true,"href":"https:\/\/www.bojungle.eu\/de\/wp-json\/wp\/v2\/product_brand?post=41110"},{"taxonomy":"product_cat","embeddable":true,"href":"https:\/\/www.bojungle.eu\/de\/wp-json\/wp\/v2\/product_cat?post=41110"},{"taxonomy":"product_tag","embeddable":true,"href":"https:\/\/www.bojungle.eu\/de\/wp-json\/wp\/v2\/product_tag?post=41110"},{"taxonomy":"woo-feed-brand","embeddable":true,"href":"https:\/\/www.bojungle.eu\/de\/wp-json\/wp\/v2\/woo-feed-brand?post=41110"}],"curies":[{"name":"wp","href":"https:\/\/api.w.org\/{rel}","templated":true}]}}