{"id":41128,"date":"2022-05-29T11:46:49","date_gmt":"2022-05-29T11:46:49","guid":{"rendered":"https:\/\/dev.authority.biz\/boj\/product\/b-secure-heiss-und-kalt-gel-packungen\/"},"modified":"2024-02-14T11:41:13","modified_gmt":"2024-02-14T10:41:13","slug":"b-secure-hot-cold-gel-packs","status":"publish","type":"product","link":"https:\/\/www.bojungle.eu\/de\/produkt\/b-secure-hot-cold-gel-packs\/","title":{"rendered":"B-Secure Hei\u00df- und Kalt-Gel-Packungen"},"content":{"rendered":"<ul>\n<li>Diese niedlichen Figuren k\u00f6nnen gek\u00fchlt werden, um Schmerzen nach einem kleinen Unfall zu lindern oder um Fieber oder Schwellungen nach einem Insektenstich zu reduzieren.<\/li>\n<li>Sie k\u00f6nnen auch erw\u00e4rmt werden, um z. B. Muskelkater zu lindern.<\/li>\n<li>Die B-Secure Hot &amp; Cold Gel Packs erf\u00fcllen alle europ\u00e4ischen Normen und enthalten keine sch\u00e4dlichen Substanzen wie Phthalate.<\/li>\n<li>Jedes Tier wird einzeln verkauft<\/li>\n<\/ul>\n","protected":false},"excerpt":{"rendered":"<div class=\"flex-1 overflow-hidden\">\n<div class=\"react-scroll-to-bottom--css-gdsgq-79elbk h-full\">\n<div class=\"react-scroll-to-bottom--css-gdsgq-1n7m0yu\">\n<div class=\"flex flex-col pb-9 text-sm\">\n<div class=\"w-full text-token-text-primary\" data-testid=\"conversation-turn-3\">\n<div class=\"px-4 py-2 justify-center text-base md:gap-6 m-auto\">\n<div class=\"flex flex-1 text-base mx-auto gap-3 md:px-5 lg:px-1 xl:px-5 md:max-w-3xl lg:max-w-[40rem] xl:max-w-[48rem] group final-completion\">\n<div class=\"relative flex w-full flex-col agent-turn\">\n<div class=\"flex-col gap-1 md:gap-3\">\n<div class=\"flex flex-grow flex-col max-w-full\">\n<div class=\"min-h-[20px] text-message flex flex-col items-start gap-3 whitespace-pre-wrap break-words [.text-message+&amp;]:mt-5 overflow-x-auto\" data-message-author-role=\"assistant\" data-message-id=\"d656732c-ab35-47f6-9aef-4e9b6f585ad8\">\n<div class=\"markdown prose w-full break-words dark:prose-invert light\">\n<p>Holen Sie sich Ihre B-Secure Hot &amp; Cold Gel Packs mit Tierformen &#8211; Ihre liebenswerten Begleiter f\u00fcr schnelle Linderung! Diese niedlichen Figuren wurden entwickelt, um Unannehmlichkeiten mit doppelter Funktionalit\u00e4t zu lindern. M\u00fcssen Sie sich nach einem kleinen Missgeschick abk\u00fchlen oder Schwellungen lindern? K\u00fchlen Sie diese Packs einfach. Sie haben Muskelkater? Heizen Sie sie f\u00fcr wohlige W\u00e4rme auf. Sie k\u00f6nnen beruhigt sein, denn sie erf\u00fcllen strenge europ\u00e4ische Normen und sind frei von sch\u00e4dlichen Substanzen wie Phthalaten. Holen Sie sich noch heute Ihre Packungen und lassen Sie sich von diesen liebenswerten Tieren tr\u00f6sten, wann immer Sie es brauchen. Jede Packung wird einzeln verkauft, damit Sie es bequem haben.        <\/p>\n<\/div>\n<\/div>\n<\/div>\n<\/div>\n<\/div>\n<\/div>\n<\/div>\n<\/div>\n<\/div>\n<\/div>\n<\/div>\n<\/div>\n<div class=\"w-full pt-2 md:pt-0 dark:border-white\/20 md:border-transparent md:dark:border-transparent md:w-[calc(100%-.5rem)]\">\n<form class=\"stretch mx-2 flex flex-row gap-3 last:mb-2 md:mx-4 md:last:mb-6 lg:mx-auto lg:max-w-2xl xl:max-w-3xl\">\n<div class=\"relative flex h-full flex-1 items-stretch md:flex-col\">\n<div class=\"flex w-full items-center\"><\/div>\n<\/div>\n<\/form>\n<\/div>\n","protected":false},"featured_media":44466,"comment_status":"closed","ping_status":"closed","template":"","meta":{"_lmt_disableupdate":"","_lmt_disable":""},"product_brand":[],"product_cat":[514,585],"product_tag":[],"woo-feed-brand":[],"class_list":{"0":"post-41128","1":"product","2":"type-product","3":"status-publish","4":"has-post-thumbnail","6":"product_cat-korperpflege","7":"product_cat-schonheit-und-gesundheit-des-babys","9":"first","10":"instock","11":"taxable","12":"shipping-taxable","13":"purchasable","14":"product-type-variable"},"_links":{"self":[{"href":"https:\/\/www.bojungle.eu\/de\/wp-json\/wp\/v2\/product\/41128","targetHints":{"allow":["GET"]}}],"collection":[{"href":"https:\/\/www.bojungle.eu\/de\/wp-json\/wp\/v2\/product"}],"about":[{"href":"https:\/\/www.bojungle.eu\/de\/wp-json\/wp\/v2\/types\/product"}],"replies":[{"embeddable":true,"href":"https:\/\/www.bojungle.eu\/de\/wp-json\/wp\/v2\/comments?post=41128"}],"version-history":[{"count":1,"href":"https:\/\/www.bojungle.eu\/de\/wp-json\/wp\/v2\/product\/41128\/revisions"}],"predecessor-version":[{"id":66291,"href":"https:\/\/www.bojungle.eu\/de\/wp-json\/wp\/v2\/product\/41128\/revisions\/66291"}],"wp:featuredmedia":[{"embeddable":true,"href":"https:\/\/www.bojungle.eu\/de\/wp-json\/wp\/v2\/media\/44466"}],"wp:attachment":[{"href":"https:\/\/www.bojungle.eu\/de\/wp-json\/wp\/v2\/media?parent=41128"}],"wp:term":[{"taxonomy":"product_brand","embeddable":true,"href":"https:\/\/www.bojungle.eu\/de\/wp-json\/wp\/v2\/product_brand?post=41128"},{"taxonomy":"product_cat","embeddable":true,"href":"https:\/\/www.bojungle.eu\/de\/wp-json\/wp\/v2\/product_cat?post=41128"},{"taxonomy":"product_tag","embeddable":true,"href":"https:\/\/www.bojungle.eu\/de\/wp-json\/wp\/v2\/product_tag?post=41128"},{"taxonomy":"woo-feed-brand","embeddable":true,"href":"https:\/\/www.bojungle.eu\/de\/wp-json\/wp\/v2\/woo-feed-brand?post=41128"}],"curies":[{"name":"wp","href":"https:\/\/api.w.org\/{rel}","templated":true}]}}