{"id":41132,"date":"2022-05-29T11:46:49","date_gmt":"2022-05-29T09:46:49","guid":{"rendered":"https:\/\/dev.authority.biz\/boj\/product\/b-roly-poly-einhorn\/"},"modified":"2024-05-06T13:00:13","modified_gmt":"2024-05-06T11:00:13","slug":"b-roly-poly-unicorn-2","status":"publish","type":"product","link":"https:\/\/www.bojungle.eu\/de\/produkt\/b-roly-poly-unicorn-2\/","title":{"rendered":"B-Roly Poly Einhorn"},"content":{"rendered":"<div id=\"description\" class=\"tab-pane fade in active\" role=\"tabpanel\">\n<div class=\"product-description\">\n<p>Wir stellen das Roly Poly Einhorn vor, ein spezielles Spielzeug, das f\u00fcr Babys in verschiedenen Phasen des Heranwachsens entwickelt wurde! Von den ersten Greifversuchen bis hin zum Erlernen von Farben und Zahlen &#8211; dieses Spielzeug hilft ihnen zu lernen und Spa\u00df zu haben. F\u00fcr Babys im Alter von 3 Monaten ist es ideal, um zu lernen, Dinge zu halten. Es ist weich und leicht zu greifen, also perfekt f\u00fcr kleine H\u00e4nde. Wenn Babys \u00e4lter werden und anfangen, sich aufzusetzen und zu bewegen (etwa mit 6 Monaten), ist das Roly Poly Einhorn immer noch ein toller Spielgef\u00e4hrte. Es wackelt hin und her, so dass die Kleinen es gerne anfassen und so lernen, ihre H\u00e4nde und Augen zusammen zu benutzen. Aber das ist noch nicht alles! Wenn Babys etwa 9 Monate alt sind, beginnt das Roly Poly Einhorn, ihnen Farben und Zahlen beizubringen. Das Roly Poly Einhorn ist farbenfroh und hat Kn\u00f6pfe mit Zahlen, so dass Babys beim Spielen z\u00e4hlen und Farben erkennen lernen. Das Roly Poly Einhorn ist nicht irgendein Spielzeug &#8211; es ist ein lustiger Freund, der Babys beim Lernen und Wachsen hilft. Mit seinen leuchtenden Farben und lustigen Funktionen wird es sicher ein Lieblingsspielzeug f\u00fcr Ihr Kind. Lassen Sie den Spa\u00df und das Lernen mit dem Roly Poly Einhorn beginnen! <\/p>\n<\/div>\n<\/div>\n<div id=\"product-details\" class=\"tab-pane fade\" style=\"box-sizing: inherit; opacity: 1; transition: opacity 0.15s linear 0s; display: block; margin-bottom: 20px; color: #000000; font-family: Roboto, Arial, Helvetica, sans-serif; font-size: 13px; font-style: normal; font-variant-ligatures: normal; font-variant-caps: normal; font-weight: 400; letter-spacing: normal; orphans: 2; text-align: start; text-indent: 0px; text-transform: none; white-space: normal; widows: 2; word-spacing: 0px; -webkit-text-stroke-width: 0px; background-color: #ffffff; text-decoration-thickness: initial; text-decoration-style: initial; text-decoration-color: initial;\" role=\"tabpanel\" data-product=\"{\"id_shop_default\":\"1\",\"id_manufacturer\":\"0\",\"id_supplier\":\"0\",\"reference\":\"B925200\",\"is_virtual\":\"0\",\"delivery_in_stock\":\"\",\"delivery_out_stock\":\"\",\"id_category_default\":\"346\",\"on_sale\":\"0\",\"online_only\":\"0\",\"ecotax\":0,\"minimal_quantity\":\"1\",\"low_stock_threshold\":null,\"low_stock_alert\":\"0\",\"price\":\"u20ac4.99\",\"unity\":\"\",\"unit_price_ratio\":\"0.000000\",\"additional_shipping_cost\":\"0.000000\",\"customizable\":\"0\",\"text_fields\":\"0\",\"uploadable_files\":\"0\",\"redirect_type\":\"301-category\",\"id_type_redirected\":\"0\",\"available_for_order\":\"1\",\"available_date\":\"0000-00-00\",\"show_condition\":\"0\",\"condition\":\"new\",\"show_price\":\"1\",\"indexed\":\"1\",\"visibility\":\"both\",\"cache_default_attribute\":\"0\",\"advanced_stock_management\":\"0\",\"date_add\":\"2021-10-06 11:44:39\",\"date_upd\":\"2022-02-01 10:25:15\",\"pack_stock_type\":\"0\",\"meta_description\":\"Discover our B-Roly Poly Unicorn from the product range: Playing | Bo Jungle\",\"meta_keywords\":\"\",\"meta_title\":\"B-Roly Poly Unicorn | Bo Jungle\",\"link_rewrite\":\"b-roly-poly-unicorn\",\"name\":\"B-Roly Poly Unicorn\",\"description\":\"&lt;encoded_tag_open \/&gt;p&lt;encoded_tag_closed \/&gt;This toy is designed for babies at different levels of development. It helps to stimulate grasping in young babies (3+ months) and hand-eye coordination in babies who are beginning to sit up and crawl (6+ months). It also introduces the concepts of colour and numbers to babies from 9 months.&lt;encoded_tag_open \/&gt;\/p&lt;encoded_tag_closed \/&gt;\",\"description_short\":\"&lt;encoded_tag_open \/&gt;p&lt;encoded_tag_closed \/&gt;B-Roly Poly Unicorn&lt;encoded_tag_open \/&gt;\/p&lt;encoded_tag_closed \/&gt;\",\"available_now\":\"\",\"available_later\":\"\",\"id\":1068,\"id_product\":1068,\"out_of_stock\":0,\"new\":0,\"id_product_attribute\":\"0\",\"quantity_wanted\":1,\"extraContent\":[],\"allow_oosp\":true,\"category\":\"klein-speelgoed\",\"category_name\":\"Small toys\",\"link\":\"https:\/\/bojungle.eu\/gb\/klein-speelgoed\/1068-b-roly-poly-unicorn.html\",\"attribute_price\":0,\"price_tax_exc\":4.99,\"price_without_reduction\":4.99,\"reduction\":0,\"specific_prices\":[],\"quantity\":0,\"quantity_all_versions\":0,\"id_image\":\"gb-default\",\"features\":[],\"attachments\":[],\"virtual\":0,\"pack\":0,\"packItems\":[],\"nopackprice\":0,\"customization_required\":false,\"rate\":0,\"tax_name\":\"\",\"ecotax_rate\":0,\"unit_price\":\"\",\"customizations\":{\"fields\":[]},\"id_customization\":0,\"is_customizable\":false,\"show_quantities\":false,\"quantity_label\":\"Item\",\"quantity_discounts\":[],\"customer_group_discount\":0,\"images\":[{\"bySize\":{\"small_default\":{\"url\":\"https:\/\/bojungle.eu\/3243-small_default\/b-roly-poly-unicorn.jpg\",\"width\":98,\"height\":98},\"cart_default\":{\"url\":\"https:\/\/bojungle.eu\/3243-cart_default\/b-roly-poly-unicorn.jpg\",\"width\":125,\"height\":125},\"home_default\":{\"url\":\"https:\/\/bojungle.eu\/3243-home_default\/b-roly-poly-unicorn.jpg\",\"width\":259,\"height\":259},\"medium_default\":{\"url\":\"https:\/\/bojungle.eu\/3243-medium_default\/b-roly-poly-unicorn.jpg\",\"width\":452,\"height\":452},\"large_default\":{\"url\":\"https:\/\/bojungle.eu\/3243-large_default\/b-roly-poly-unicorn.jpg\",\"width\":800,\"height\":800}},\"small\":{\"url\":\"https:\/\/bojungle.eu\/3243-small_default\/b-roly-poly-unicorn.jpg\",\"width\":98,\"height\":98},\"medium\":{\"url\":\"https:\/\/bojungle.eu\/3243-home_default\/b-roly-poly-unicorn.jpg\",\"width\":259,\"height\":259},\"large\":{\"url\":\"https:\/\/bojungle.eu\/3243-large_default\/b-roly-poly-unicorn.jpg\",\"width\":800,\"height\":800},\"legend\":\"\",\"id_image\":\"3243\",\"cover\":\"1\",\"position\":\"1\",\"associatedVariants\":[]},{\"bySize\":{\"small_default\":{\"url\":\"https:\/\/bojungle.eu\/3244-small_default\/b-roly-poly-unicorn.jpg\",\"width\":98,\"height\":98},\"cart_default\":{\"url\":\"https:\/\/bojungle.eu\/3244-cart_default\/b-roly-poly-unicorn.jpg\",\"width\":125,\"height\":125},\"home_default\":{\"url\":\"https:\/\/bojungle.eu\/3244-home_default\/b-roly-poly-unicorn.jpg\",\"width\":259,\"height\":259},\"medium_default\":{\"url\":\"https:\/\/bojungle.eu\/3244-medium_default\/b-roly-poly-unicorn.jpg\",\"width\":452,\"height\":452},\"large_default\":{\"url\":\"https:\/\/bojungle.eu\/3244-large_default\/b-roly-poly-unicorn.jpg\",\"width\":800,\"height\":800}},\"small\":{\"url\":\"https:\/\/bojungle.eu\/3244-small_default\/b-roly-poly-unicorn.jpg\",\"width\":98,\"height\":98},\"medium\":{\"url\":\"https:\/\/bojungle.eu\/3244-home_default\/b-roly-poly-unicorn.jpg\",\"width\":259,\"height\":259},\"large\":{\"url\":\"https:\/\/bojungle.eu\/3244-large_default\/b-roly-poly-unicorn.jpg\",\"width\":800,\"height\":800},\"legend\":\"\",\"id_image\":\"3244\",\"cover\":null,\"position\":\"2\",\"associatedVariants\":[]}],\"cover\":{\"bySize\":{\"small_default\":{\"url\":\"https:\/\/bojungle.eu\/3243-small_default\/b-roly-poly-unicorn.jpg\",\"width\":98,\"height\":98},\"cart_default\":{\"url\":\"https:\/\/bojungle.eu\/3243-cart_default\/b-roly-poly-unicorn.jpg\",\"width\":125,\"height\":125},\"home_default\":{\"url\":\"https:\/\/bojungle.eu\/3243-home_default\/b-roly-poly-unicorn.jpg\",\"width\":259,\"height\":259},\"medium_default\":{\"url\":\"https:\/\/bojungle.eu\/3243-medium_default\/b-roly-poly-unicorn.jpg\",\"width\":452,\"height\":452},\"large_default\":{\"url\":\"https:\/\/bojungle.eu\/3243-large_default\/b-roly-poly-unicorn.jpg\",\"width\":800,\"height\":800}},\"small\":{\"url\":\"https:\/\/bojungle.eu\/3243-small_default\/b-roly-poly-unicorn.jpg\",\"width\":98,\"height\":98},\"medium\":{\"url\":\"https:\/\/bojungle.eu\/3243-home_default\/b-roly-poly-unicorn.jpg\",\"width\":259,\"height\":259},\"large\":{\"url\":\"https:\/\/bojungle.eu\/3243-large_default\/b-roly-poly-unicorn.jpg\",\"width\":800,\"height\":800},\"legend\":\"\",\"id_image\":\"3243\",\"cover\":\"1\",\"position\":\"1\",\"associatedVariants\":[]},\"has_discount\":false,\"discount_type\":null,\"discount_percentage\":null,\"discount_percentage_absolute\":null,\"discount_amount\":null,\"discount_amount_to_display\":null,\"price_amount\":4.99,\"unit_price_full\":\"\",\"show_availability\":false,\"availability_message\":null,\"availability_date\":null,\"availability\":null}\"><\/div>\n","protected":false},"excerpt":{"rendered":"<div id=\"description\" class=\"tab-pane fade in active\" role=\"tabpanel\">\n<div class=\"product-description\">\n<p>Das Roly Poly Einhorn ist f\u00fcr Babys in verschiedenen Entwicklungsstadien geeignet. Es f\u00f6rdert das Greifen bei Kleinkindern (ab 3 Monaten) und die Hand-Augen-Koordination bei Babys, die anfangen, sich aufzusetzen und zu krabbeln (ab 6 Monaten). Au\u00dferdem f\u00fchrt es Babys ab 9 Monaten in die Konzepte von Farben und Zahlen ein.<\/p>\n<\/div>\n<\/div>\n","protected":false},"featured_media":71080,"comment_status":"closed","ping_status":"closed","template":"","meta":{"_lmt_disableupdate":"","_lmt_disable":""},"product_brand":[],"product_cat":[619,502,620,453],"product_tag":[],"woo-feed-brand":[],"class_list":{"0":"post-41132","1":"product","2":"type-product","3":"status-publish","4":"has-post-thumbnail","6":"product_cat-aktivitatsspielzeug","7":"product_cat-buntes-spielzeug","8":"product_cat-musikalisches-spielzeug","9":"product_cat-spielzeit","11":"first","12":"instock","13":"taxable","14":"shipping-taxable","15":"purchasable","16":"product-type-simple"},"_links":{"self":[{"href":"https:\/\/www.bojungle.eu\/de\/wp-json\/wp\/v2\/product\/41132","targetHints":{"allow":["GET"]}}],"collection":[{"href":"https:\/\/www.bojungle.eu\/de\/wp-json\/wp\/v2\/product"}],"about":[{"href":"https:\/\/www.bojungle.eu\/de\/wp-json\/wp\/v2\/types\/product"}],"replies":[{"embeddable":true,"href":"https:\/\/www.bojungle.eu\/de\/wp-json\/wp\/v2\/comments?post=41132"}],"version-history":[{"count":1,"href":"https:\/\/www.bojungle.eu\/de\/wp-json\/wp\/v2\/product\/41132\/revisions"}],"predecessor-version":[{"id":75635,"href":"https:\/\/www.bojungle.eu\/de\/wp-json\/wp\/v2\/product\/41132\/revisions\/75635"}],"wp:featuredmedia":[{"embeddable":true,"href":"https:\/\/www.bojungle.eu\/de\/wp-json\/wp\/v2\/media\/71080"}],"wp:attachment":[{"href":"https:\/\/www.bojungle.eu\/de\/wp-json\/wp\/v2\/media?parent=41132"}],"wp:term":[{"taxonomy":"product_brand","embeddable":true,"href":"https:\/\/www.bojungle.eu\/de\/wp-json\/wp\/v2\/product_brand?post=41132"},{"taxonomy":"product_cat","embeddable":true,"href":"https:\/\/www.bojungle.eu\/de\/wp-json\/wp\/v2\/product_cat?post=41132"},{"taxonomy":"product_tag","embeddable":true,"href":"https:\/\/www.bojungle.eu\/de\/wp-json\/wp\/v2\/product_tag?post=41132"},{"taxonomy":"woo-feed-brand","embeddable":true,"href":"https:\/\/www.bojungle.eu\/de\/wp-json\/wp\/v2\/woo-feed-brand?post=41132"}],"curies":[{"name":"wp","href":"https:\/\/api.w.org\/{rel}","templated":true}]}}