{"id":41349,"date":"2022-05-29T11:36:02","date_gmt":"2022-05-29T09:36:02","guid":{"rendered":"https:\/\/dev.authority.biz\/boj\/product\/b-play-gym-grauer-apfel\/"},"modified":"2022-05-29T11:36:02","modified_gmt":"2022-05-29T11:36:02","slug":"b-play-gym-grey-apple-2","status":"publish","type":"product","link":"https:\/\/www.bojungle.eu\/de\/produkt\/b-play-gym-grey-apple-2\/","title":{"rendered":"B-Play Gym Grauer Apfel"},"content":{"rendered":"<p>Diese Spielmatte braucht nicht viel Aufhebens. Schon auf dem Foto ist zu erkennen, dass diese Spielmatte mit gro\u00dfer Sorgfalt und Geschicklichkeit hergestellt wurde. Die B\u00f6gen enthalten 4 Kuscheltiere, au\u00dferdem befinden sich auf der Spielmatte Knisterbl\u00e4tter, die die Sinne Ihrer Kleinen auf jeden Fall anregen werden. Dank der Velboa liegt Ihr Kind auf einer extrem weichen und angenehmen Spielmatte.<\/p>\n","protected":false},"excerpt":{"rendered":"<p>Diese Spielmatte braucht nicht viel Aufhebens. Schon auf dem Foto ist zu erkennen, dass diese Spielmatte mit gro\u00dfer Sorgfalt und Geschicklichkeit hergestellt wurde. Die B\u00f6gen enthalten 4 Kuscheltiere, au\u00dferdem befinden sich auf der Spielmatte Knisterbl\u00e4tter, die die Sinne Ihrer Kleinen auf jeden Fall anregen werden. Dank der Velboa liegt Ihr Kind auf einer extrem weichen und angenehmen Spielmatte.<\/p>\n","protected":false},"featured_media":74841,"comment_status":"closed","ping_status":"closed","template":"","meta":{"_lmt_disableupdate":"","_lmt_disable":""},"product_brand":[],"product_cat":[619,453],"product_tag":[],"woo-feed-brand":[],"class_list":{"0":"post-41349","1":"product","2":"type-product","3":"status-publish","4":"has-post-thumbnail","6":"product_cat-aktivitatsspielzeug","7":"product_cat-spielzeit","9":"first","10":"instock","11":"taxable","12":"shipping-taxable","13":"purchasable","14":"product-type-simple"},"_links":{"self":[{"href":"https:\/\/www.bojungle.eu\/de\/wp-json\/wp\/v2\/product\/41349","targetHints":{"allow":["GET"]}}],"collection":[{"href":"https:\/\/www.bojungle.eu\/de\/wp-json\/wp\/v2\/product"}],"about":[{"href":"https:\/\/www.bojungle.eu\/de\/wp-json\/wp\/v2\/types\/product"}],"replies":[{"embeddable":true,"href":"https:\/\/www.bojungle.eu\/de\/wp-json\/wp\/v2\/comments?post=41349"}],"version-history":[{"count":0,"href":"https:\/\/www.bojungle.eu\/de\/wp-json\/wp\/v2\/product\/41349\/revisions"}],"wp:featuredmedia":[{"embeddable":true,"href":"https:\/\/www.bojungle.eu\/de\/wp-json\/wp\/v2\/media\/74841"}],"wp:attachment":[{"href":"https:\/\/www.bojungle.eu\/de\/wp-json\/wp\/v2\/media?parent=41349"}],"wp:term":[{"taxonomy":"product_brand","embeddable":true,"href":"https:\/\/www.bojungle.eu\/de\/wp-json\/wp\/v2\/product_brand?post=41349"},{"taxonomy":"product_cat","embeddable":true,"href":"https:\/\/www.bojungle.eu\/de\/wp-json\/wp\/v2\/product_cat?post=41349"},{"taxonomy":"product_tag","embeddable":true,"href":"https:\/\/www.bojungle.eu\/de\/wp-json\/wp\/v2\/product_tag?post=41349"},{"taxonomy":"woo-feed-brand","embeddable":true,"href":"https:\/\/www.bojungle.eu\/de\/wp-json\/wp\/v2\/woo-feed-brand?post=41349"}],"curies":[{"name":"wp","href":"https:\/\/api.w.org\/{rel}","templated":true}]}}