{"id":41456,"date":"2022-05-29T11:29:51","date_gmt":"2022-05-29T09:29:51","guid":{"rendered":"https:\/\/dev.authority.biz\/boj\/product\/b-elephant-klavier\/"},"modified":"2024-05-08T12:55:07","modified_gmt":"2024-05-08T10:55:07","slug":"b-elephant-piano-2","status":"publish","type":"product","link":"https:\/\/www.bojungle.eu\/de\/produkt\/b-elephant-piano-2\/","title":{"rendered":"E&#8217;L&#8217;E&#8217;Phant Piano"},"content":{"rendered":"<div id=\"description\" class=\"tab-pane fade in active\" role=\"tabpanel\">\n<div class=\"product-description\">\n<p>Darf ich vorstellen: das E&#8217;Le&#8217;Phant Piano &#8211; Musikalischer Spa\u00df f\u00fcr Babys! Es ist f\u00fcr Babys ab 6 Monaten geeignet und verf\u00fcgt \u00fcber viele lustige Funktionen, die ihnen beim Lernen und Spielen helfen. Es hat Lichter und Musik, die Babys lieben, und Teile, die sich bewegen, um sie zu besch\u00e4ftigen.<\/p>\n<p>Was drin ist:<\/p>\n<ul>\n<li><strong>Klavier mit Licht und Musik: <\/strong> Dieses Klavier leuchtet und spielt Musik, so dass es Babys viel Spa\u00df macht, damit zu spielen.<\/li>\n<li><strong>Hilft bei der Bewegung der H\u00e4nde: <\/strong> Die Tasten und Kn\u00f6pfe des Klaviers helfen Babys, ihre H\u00e4nde und Finger zu bewegen.<\/li>\n<li><b>Verschiedene Modi: <\/b> Lern- und Musikmodus<\/li>\n<\/ul>\n<p>Das E&#8217;Le&#8217;Phant Piano ist Spa\u00df und Lernen in Einem! Lassen Sie Ihr Kind mit diesem spannenden Spielzeug Musik und Bewegung entdecken! <\/p>\n<\/div>\n<\/div>\n<div id=\"product-details\" class=\"tab-pane fade\" style=\"box-sizing: inherit; opacity: 1; transition: opacity 0.15s linear 0s; display: block; margin-bottom: 20px; color: #000000; font-family: Roboto, Arial, Helvetica, sans-serif; font-size: 13px; font-style: normal; font-variant-ligatures: normal; font-variant-caps: normal; font-weight: 400; letter-spacing: normal; orphans: 2; text-align: start; text-indent: 0px; text-transform: none; white-space: normal; widows: 2; word-spacing: 0px; -webkit-text-stroke-width: 0px; background-color: #ffffff; text-decoration-thickness: initial; text-decoration-style: initial; text-decoration-color: initial;\" role=\"tabpanel\" data-product=\"{\"id_shop_default\":\"1\",\"id_manufacturer\":\"0\",\"id_supplier\":\"0\",\"reference\":\"B925300\",\"is_virtual\":\"0\",\"delivery_in_stock\":\"\",\"delivery_out_stock\":\"\",\"id_category_default\":\"346\",\"on_sale\":\"0\",\"online_only\":\"0\",\"ecotax\":0,\"minimal_quantity\":\"1\",\"low_stock_threshold\":null,\"low_stock_alert\":\"0\",\"price\":\"u20ac4.99\",\"unity\":\"\",\"unit_price_ratio\":\"0.000000\",\"additional_shipping_cost\":\"0.000000\",\"customizable\":\"0\",\"text_fields\":\"0\",\"uploadable_files\":\"0\",\"redirect_type\":\"301-category\",\"id_type_redirected\":\"0\",\"available_for_order\":\"1\",\"available_date\":\"0000-00-00\",\"show_condition\":\"0\",\"condition\":\"new\",\"show_price\":\"1\",\"indexed\":\"1\",\"visibility\":\"both\",\"cache_default_attribute\":\"0\",\"advanced_stock_management\":\"0\",\"date_add\":\"2021-10-06 13:37:28\",\"date_upd\":\"2022-02-01 10:25:15\",\"pack_stock_type\":\"0\",\"meta_description\":\"Discover our B-E'Le'Phant Piano from the product range: Playing | Bo Jungle\",\"meta_keywords\":\"\",\"meta_title\":\"B-E'Le'Phant Piano | Bo Jungle\",\"link_rewrite\":\"b-e-le-phant-piano\",\"name\":\"B-E'Le'Phant Piano\",\"description\":\"&lt;encoded_tag_open \/&gt;p&lt;encoded_tag_closed \/&gt;This toy is designed for babies of 6 months and older. It features a number of interactive and moving parts that help to improve dexterity and fine motor skills. It also encourages musical exploration and learning, through play.&lt;encoded_tag_open \/&gt;\/p&lt;encoded_tag_closed \/&gt;\",\"description_short\":\"&lt;encoded_tag_open \/&gt;p&lt;encoded_tag_closed \/&gt;B-E-Le-Phant Piano&lt;encoded_tag_open \/&gt;\/p&lt;encoded_tag_closed \/&gt;\",\"available_now\":\"\",\"available_later\":\"\",\"id\":1071,\"id_product\":1071,\"out_of_stock\":0,\"new\":0,\"id_product_attribute\":\"0\",\"quantity_wanted\":1,\"extraContent\":[],\"allow_oosp\":true,\"category\":\"klein-speelgoed\",\"category_name\":\"Small toys\",\"link\":\"https:\/\/bojungle.eu\/gb\/klein-speelgoed\/1071-b-e-le-phant-piano.html\",\"attribute_price\":0,\"price_tax_exc\":4.99,\"price_without_reduction\":4.99,\"reduction\":0,\"specific_prices\":[],\"quantity\":0,\"quantity_all_versions\":0,\"id_image\":\"gb-default\",\"features\":[],\"attachments\":[],\"virtual\":0,\"pack\":0,\"packItems\":[],\"nopackprice\":0,\"customization_required\":false,\"rate\":0,\"tax_name\":\"\",\"ecotax_rate\":0,\"unit_price\":\"\",\"customizations\":{\"fields\":[]},\"id_customization\":0,\"is_customizable\":false,\"show_quantities\":false,\"quantity_label\":\"Item\",\"quantity_discounts\":[],\"customer_group_discount\":0,\"images\":[{\"bySize\":{\"small_default\":{\"url\":\"https:\/\/bojungle.eu\/3251-small_default\/b-e-le-phant-piano.jpg\",\"width\":98,\"height\":98},\"cart_default\":{\"url\":\"https:\/\/bojungle.eu\/3251-cart_default\/b-e-le-phant-piano.jpg\",\"width\":125,\"height\":125},\"home_default\":{\"url\":\"https:\/\/bojungle.eu\/3251-home_default\/b-e-le-phant-piano.jpg\",\"width\":259,\"height\":259},\"medium_default\":{\"url\":\"https:\/\/bojungle.eu\/3251-medium_default\/b-e-le-phant-piano.jpg\",\"width\":452,\"height\":452},\"large_default\":{\"url\":\"https:\/\/bojungle.eu\/3251-large_default\/b-e-le-phant-piano.jpg\",\"width\":800,\"height\":800}},\"small\":{\"url\":\"https:\/\/bojungle.eu\/3251-small_default\/b-e-le-phant-piano.jpg\",\"width\":98,\"height\":98},\"medium\":{\"url\":\"https:\/\/bojungle.eu\/3251-home_default\/b-e-le-phant-piano.jpg\",\"width\":259,\"height\":259},\"large\":{\"url\":\"https:\/\/bojungle.eu\/3251-large_default\/b-e-le-phant-piano.jpg\",\"width\":800,\"height\":800},\"legend\":\"\",\"id_image\":\"3251\",\"cover\":\"1\",\"position\":\"1\",\"associatedVariants\":[]}],\"cover\":{\"bySize\":{\"small_default\":{\"url\":\"https:\/\/bojungle.eu\/3251-small_default\/b-e-le-phant-piano.jpg\",\"width\":98,\"height\":98},\"cart_default\":{\"url\":\"https:\/\/bojungle.eu\/3251-cart_default\/b-e-le-phant-piano.jpg\",\"width\":125,\"height\":125},\"home_default\":{\"url\":\"https:\/\/bojungle.eu\/3251-home_default\/b-e-le-phant-piano.jpg\",\"width\":259,\"height\":259},\"medium_default\":{\"url\":\"https:\/\/bojungle.eu\/3251-medium_default\/b-e-le-phant-piano.jpg\",\"width\":452,\"height\":452},\"large_default\":{\"url\":\"https:\/\/bojungle.eu\/3251-large_default\/b-e-le-phant-piano.jpg\",\"width\":800,\"height\":800}},\"small\":{\"url\":\"https:\/\/bojungle.eu\/3251-small_default\/b-e-le-phant-piano.jpg\",\"width\":98,\"height\":98},\"medium\":{\"url\":\"https:\/\/bojungle.eu\/3251-home_default\/b-e-le-phant-piano.jpg\",\"width\":259,\"height\":259},\"large\":{\"url\":\"https:\/\/bojungle.eu\/3251-large_default\/b-e-le-phant-piano.jpg\",\"width\":800,\"height\":800},\"legend\":\"\",\"id_image\":\"3251\",\"cover\":\"1\",\"position\":\"1\",\"associatedVariants\":[]},\"has_discount\":false,\"discount_type\":null,\"discount_percentage\":null,\"discount_percentage_absolute\":null,\"discount_amount\":null,\"discount_amount_to_display\":null,\"price_amount\":4.99,\"unit_price_full\":\"\",\"show_availability\":false,\"availability_message\":null,\"availability_date\":null,\"availability\":null}\"><\/div>\n","protected":false},"excerpt":{"rendered":"<div id=\"description\" class=\"tab-pane fade in active\" role=\"tabpanel\">\n<div class=\"product-description\">\n<p>Das E&#8217;Le&#8217;Phant Piano wurde f\u00fcr Babys ab 6 Monaten entwickelt. Dieses interaktive Klavier bietet Lichter, Musik und bewegliche Teile, um Ihr Kind zu besch\u00e4ftigen. Mit Tasten und Kn\u00f6pfen zum Erforschen f\u00f6rdert es die Entwicklung der Handbewegungen und bietet verschiedene Modi zum Lernen und Musizieren. <\/p>\n<\/div>\n<\/div>\n<div id=\"product-details\" class=\"tab-pane fade\" style=\"box-sizing: inherit; opacity: 1; transition: opacity 0.15s linear 0s; display: block; margin-bottom: 20px; color: #000000; font-family: Roboto, Arial, Helvetica, sans-serif; font-size: 13px; font-style: normal; font-variant-ligatures: normal; font-variant-caps: normal; font-weight: 400; letter-spacing: normal; orphans: 2; text-align: start; text-indent: 0px; text-transform: none; white-space: normal; widows: 2; word-spacing: 0px; -webkit-text-stroke-width: 0px; background-color: #ffffff; text-decoration-thickness: initial; text-decoration-style: initial; text-decoration-color: initial;\" role=\"tabpanel\" data-product=\"{\"id_shop_default\":\"1\",\"id_manufacturer\":\"0\",\"id_supplier\":\"0\",\"reference\":\"B925300\",\"is_virtual\":\"0\",\"delivery_in_stock\":\"\",\"delivery_out_stock\":\"\",\"id_category_default\":\"346\",\"on_sale\":\"0\",\"online_only\":\"0\",\"ecotax\":0,\"minimal_quantity\":\"1\",\"low_stock_threshold\":null,\"low_stock_alert\":\"0\",\"price\":\"u20ac4.99\",\"unity\":\"\",\"unit_price_ratio\":\"0.000000\",\"additional_shipping_cost\":\"0.000000\",\"customizable\":\"0\",\"text_fields\":\"0\",\"uploadable_files\":\"0\",\"redirect_type\":\"301-category\",\"id_type_redirected\":\"0\",\"available_for_order\":\"1\",\"available_date\":\"0000-00-00\",\"show_condition\":\"0\",\"condition\":\"new\",\"show_price\":\"1\",\"indexed\":\"1\",\"visibility\":\"both\",\"cache_default_attribute\":\"0\",\"advanced_stock_management\":\"0\",\"date_add\":\"2021-10-06 13:37:28\",\"date_upd\":\"2022-02-01 10:25:15\",\"pack_stock_type\":\"0\",\"meta_description\":\"Discover our B-E'Le'Phant Piano from the product range: Playing | Bo Jungle\",\"meta_keywords\":\"\",\"meta_title\":\"B-E'Le'Phant Piano | Bo Jungle\",\"link_rewrite\":\"b-e-le-phant-piano\",\"name\":\"B-E'Le'Phant Piano\",\"description\":\"&lt;encoded_tag_open \/&gt;p&lt;encoded_tag_closed \/&gt;This toy is designed for babies of 6 months and older. It features a number of interactive and moving parts that help to improve dexterity and fine motor skills. It also encourages musical exploration and learning, through play.&lt;encoded_tag_open \/&gt;\/p&lt;encoded_tag_closed \/&gt;\",\"description_short\":\"&lt;encoded_tag_open \/&gt;p&lt;encoded_tag_closed \/&gt;B-E-Le-Phant Piano&lt;encoded_tag_open \/&gt;\/p&lt;encoded_tag_closed \/&gt;\",\"available_now\":\"\",\"available_later\":\"\",\"id\":1071,\"id_product\":1071,\"out_of_stock\":0,\"new\":0,\"id_product_attribute\":\"0\",\"quantity_wanted\":1,\"extraContent\":[],\"allow_oosp\":true,\"category\":\"klein-speelgoed\",\"category_name\":\"Small toys\",\"link\":\"https:\/\/bojungle.eu\/gb\/klein-speelgoed\/1071-b-e-le-phant-piano.html\",\"attribute_price\":0,\"price_tax_exc\":4.99,\"price_without_reduction\":4.99,\"reduction\":0,\"specific_prices\":[],\"quantity\":0,\"quantity_all_versions\":0,\"id_image\":\"gb-default\",\"features\":[],\"attachments\":[],\"virtual\":0,\"pack\":0,\"packItems\":[],\"nopackprice\":0,\"customization_required\":false,\"rate\":0,\"tax_name\":\"\",\"ecotax_rate\":0,\"unit_price\":\"\",\"customizations\":{\"fields\":[]},\"id_customization\":0,\"is_customizable\":false,\"show_quantities\":false,\"quantity_label\":\"Item\",\"quantity_discounts\":[],\"customer_group_discount\":0,\"images\":[{\"bySize\":{\"small_default\":{\"url\":\"https:\/\/bojungle.eu\/3251-small_default\/b-e-le-phant-piano.jpg\",\"width\":98,\"height\":98},\"cart_default\":{\"url\":\"https:\/\/bojungle.eu\/3251-cart_default\/b-e-le-phant-piano.jpg\",\"width\":125,\"height\":125},\"home_default\":{\"url\":\"https:\/\/bojungle.eu\/3251-home_default\/b-e-le-phant-piano.jpg\",\"width\":259,\"height\":259},\"medium_default\":{\"url\":\"https:\/\/bojungle.eu\/3251-medium_default\/b-e-le-phant-piano.jpg\",\"width\":452,\"height\":452},\"large_default\":{\"url\":\"https:\/\/bojungle.eu\/3251-large_default\/b-e-le-phant-piano.jpg\",\"width\":800,\"height\":800}},\"small\":{\"url\":\"https:\/\/bojungle.eu\/3251-small_default\/b-e-le-phant-piano.jpg\",\"width\":98,\"height\":98},\"medium\":{\"url\":\"https:\/\/bojungle.eu\/3251-home_default\/b-e-le-phant-piano.jpg\",\"width\":259,\"height\":259},\"large\":{\"url\":\"https:\/\/bojungle.eu\/3251-large_default\/b-e-le-phant-piano.jpg\",\"width\":800,\"height\":800},\"legend\":\"\",\"id_image\":\"3251\",\"cover\":\"1\",\"position\":\"1\",\"associatedVariants\":[]}],\"cover\":{\"bySize\":{\"small_default\":{\"url\":\"https:\/\/bojungle.eu\/3251-small_default\/b-e-le-phant-piano.jpg\",\"width\":98,\"height\":98},\"cart_default\":{\"url\":\"https:\/\/bojungle.eu\/3251-cart_default\/b-e-le-phant-piano.jpg\",\"width\":125,\"height\":125},\"home_default\":{\"url\":\"https:\/\/bojungle.eu\/3251-home_default\/b-e-le-phant-piano.jpg\",\"width\":259,\"height\":259},\"medium_default\":{\"url\":\"https:\/\/bojungle.eu\/3251-medium_default\/b-e-le-phant-piano.jpg\",\"width\":452,\"height\":452},\"large_default\":{\"url\":\"https:\/\/bojungle.eu\/3251-large_default\/b-e-le-phant-piano.jpg\",\"width\":800,\"height\":800}},\"small\":{\"url\":\"https:\/\/bojungle.eu\/3251-small_default\/b-e-le-phant-piano.jpg\",\"width\":98,\"height\":98},\"medium\":{\"url\":\"https:\/\/bojungle.eu\/3251-home_default\/b-e-le-phant-piano.jpg\",\"width\":259,\"height\":259},\"large\":{\"url\":\"https:\/\/bojungle.eu\/3251-large_default\/b-e-le-phant-piano.jpg\",\"width\":800,\"height\":800},\"legend\":\"\",\"id_image\":\"3251\",\"cover\":\"1\",\"position\":\"1\",\"associatedVariants\":[]},\"has_discount\":false,\"discount_type\":null,\"discount_percentage\":null,\"discount_percentage_absolute\":null,\"discount_amount\":null,\"discount_amount_to_display\":null,\"price_amount\":4.99,\"unit_price_full\":\"\",\"show_availability\":false,\"availability_message\":null,\"availability_date\":null,\"availability\":null}\"><\/div>\n","protected":false},"featured_media":71624,"comment_status":"closed","ping_status":"closed","template":"","meta":{"_lmt_disableupdate":"","_lmt_disable":""},"product_brand":[],"product_cat":[619,502,620,453],"product_tag":[],"woo-feed-brand":[],"class_list":{"0":"post-41456","1":"product","2":"type-product","3":"status-publish","4":"has-post-thumbnail","6":"product_cat-aktivitatsspielzeug","7":"product_cat-buntes-spielzeug","8":"product_cat-musikalisches-spielzeug","9":"product_cat-spielzeit","11":"first","12":"instock","13":"taxable","14":"shipping-taxable","15":"purchasable","16":"product-type-simple"},"_links":{"self":[{"href":"https:\/\/www.bojungle.eu\/de\/wp-json\/wp\/v2\/product\/41456","targetHints":{"allow":["GET"]}}],"collection":[{"href":"https:\/\/www.bojungle.eu\/de\/wp-json\/wp\/v2\/product"}],"about":[{"href":"https:\/\/www.bojungle.eu\/de\/wp-json\/wp\/v2\/types\/product"}],"replies":[{"embeddable":true,"href":"https:\/\/www.bojungle.eu\/de\/wp-json\/wp\/v2\/comments?post=41456"}],"version-history":[{"count":1,"href":"https:\/\/www.bojungle.eu\/de\/wp-json\/wp\/v2\/product\/41456\/revisions"}],"predecessor-version":[{"id":75655,"href":"https:\/\/www.bojungle.eu\/de\/wp-json\/wp\/v2\/product\/41456\/revisions\/75655"}],"wp:featuredmedia":[{"embeddable":true,"href":"https:\/\/www.bojungle.eu\/de\/wp-json\/wp\/v2\/media\/71624"}],"wp:attachment":[{"href":"https:\/\/www.bojungle.eu\/de\/wp-json\/wp\/v2\/media?parent=41456"}],"wp:term":[{"taxonomy":"product_brand","embeddable":true,"href":"https:\/\/www.bojungle.eu\/de\/wp-json\/wp\/v2\/product_brand?post=41456"},{"taxonomy":"product_cat","embeddable":true,"href":"https:\/\/www.bojungle.eu\/de\/wp-json\/wp\/v2\/product_cat?post=41456"},{"taxonomy":"product_tag","embeddable":true,"href":"https:\/\/www.bojungle.eu\/de\/wp-json\/wp\/v2\/product_tag?post=41456"},{"taxonomy":"woo-feed-brand","embeddable":true,"href":"https:\/\/www.bojungle.eu\/de\/wp-json\/wp\/v2\/woo-feed-brand?post=41456"}],"curies":[{"name":"wp","href":"https:\/\/api.w.org\/{rel}","templated":true}]}}