{"id":41594,"date":"2022-05-29T11:29:47","date_gmt":"2022-05-29T09:29:47","guid":{"rendered":"https:\/\/dev.authority.biz\/boj\/product\/b-luxus-pflegeset-grau\/"},"modified":"2024-03-04T10:16:29","modified_gmt":"2024-03-04T09:16:29","slug":"b-luxus-pflegeset-grau","status":"publish","type":"product","link":"https:\/\/www.bojungle.eu\/de\/produkt\/b-luxus-pflegeset-grau\/","title":{"rendered":"B-Luxus Pflegeset Grau"},"content":{"rendered":"<p>Entdecken Sie unser ausgefallenes Baby Luxury Grooming Set in Grau! Es enth\u00e4lt alles, was Sie f\u00fcr die Pflege Ihres Kleinen brauchen &#8211; insgesamt 15 Artikel! <\/p>\n<ol>\n<li><strong>Pflege der N\u00e4gel:<\/strong> Wir haben Feilen, Scheren und einen Nagelknipser, um die winzigen N\u00e4gel sauber und ordentlich zu halten.<\/li>\n<li><strong>Zahnb\u00fcrsten:<\/strong> Es gibt eine normale und eine kleine Zahnb\u00fcrste f\u00fcr kleine Finger, damit die Z\u00e4hne sauber bleiben.<\/li>\n<li><strong>Haarpflege:<\/strong> Ein Kamm und eine weiche B\u00fcrste, damit das Haar Ihres Babys sch\u00f6n aussieht.<\/li>\n<li><strong>Medizinische Hilfsmittel:<\/strong> Wir haben eine Spritze f\u00fcr die genaue Verabreichung von fl\u00fcssigen Medikamenten beigelegt.<\/li>\n<li><strong>Temperaturmessger\u00e4te:<\/strong> Ein digitales Thermometer, um die Temperatur Ihres Babys zu messen, und ein spezielles Thermometer f\u00fcr die Badewanne, um sicherzustellen, dass die Temperatur genau richtig ist.<\/li>\n<li><strong>Nasensauger:<\/strong> Macht die verstopfte Nase Ihres Babys frei und erleichtert das Atmen.<\/li>\n<\/ol>\n<p>Die Tasche, in der alles geliefert wird, ist super trendy und bietet viel Platz f\u00fcr Extras wie Shampoo und Lotion. Au\u00dferdem ist sie mit einem Aufh\u00e4nger versehen, damit du sie unterwegs an einem Haken aufh\u00e4ngen kannst. Und mach dir keine Sorgen \u00fcber versch\u00fcttete Fl\u00fcssigkeiten &#8211; die Tasche ist aus hochwertigem Material, das du einfach in die Waschmaschine werfen kannst, wenn sie sauber werden muss. Sorgen Sie also daf\u00fcr, dass Ihr Baby mit dem Baby Grooming Set in Grau gut aussieht und sich wohl f\u00fchlt!   <\/p>\n","protected":false},"excerpt":{"rendered":"<p>Entdecken Sie unser Luxury Grooming Set Grey! Mit 15 essentiellen Artikeln, darunter Nagelpflegewerkzeuge, Zahnb\u00fcrsten, Haarpflegezubeh\u00f6r und mehr, bietet dieses Set alles, was Sie brauchen, um Ihr Kleines sauber und komfortabel zu halten. Die elegante Tasche bietet praktische Aufbewahrungsm\u00f6glichkeiten und ist zur einfachen Reinigung in der Maschine waschbar. Erweitern Sie die Pflegeroutine Ihres Babys noch heute mit diesem unverzichtbaren Set!   <\/p>\n","protected":false},"featured_media":67441,"comment_status":"closed","ping_status":"closed","template":"","meta":{"_lmt_disableupdate":"","_lmt_disable":""},"product_brand":[],"product_cat":[514,585],"product_tag":[],"woo-feed-brand":[],"class_list":{"0":"post-41594","1":"product","2":"type-product","3":"status-publish","4":"has-post-thumbnail","6":"product_cat-korperpflege","7":"product_cat-schonheit-und-gesundheit-des-babys","9":"first","10":"instock","11":"featured","12":"taxable","13":"shipping-taxable","14":"purchasable","15":"product-type-simple"},"_links":{"self":[{"href":"https:\/\/www.bojungle.eu\/de\/wp-json\/wp\/v2\/product\/41594","targetHints":{"allow":["GET"]}}],"collection":[{"href":"https:\/\/www.bojungle.eu\/de\/wp-json\/wp\/v2\/product"}],"about":[{"href":"https:\/\/www.bojungle.eu\/de\/wp-json\/wp\/v2\/types\/product"}],"replies":[{"embeddable":true,"href":"https:\/\/www.bojungle.eu\/de\/wp-json\/wp\/v2\/comments?post=41594"}],"version-history":[{"count":1,"href":"https:\/\/www.bojungle.eu\/de\/wp-json\/wp\/v2\/product\/41594\/revisions"}],"predecessor-version":[{"id":67475,"href":"https:\/\/www.bojungle.eu\/de\/wp-json\/wp\/v2\/product\/41594\/revisions\/67475"}],"wp:featuredmedia":[{"embeddable":true,"href":"https:\/\/www.bojungle.eu\/de\/wp-json\/wp\/v2\/media\/67441"}],"wp:attachment":[{"href":"https:\/\/www.bojungle.eu\/de\/wp-json\/wp\/v2\/media?parent=41594"}],"wp:term":[{"taxonomy":"product_brand","embeddable":true,"href":"https:\/\/www.bojungle.eu\/de\/wp-json\/wp\/v2\/product_brand?post=41594"},{"taxonomy":"product_cat","embeddable":true,"href":"https:\/\/www.bojungle.eu\/de\/wp-json\/wp\/v2\/product_cat?post=41594"},{"taxonomy":"product_tag","embeddable":true,"href":"https:\/\/www.bojungle.eu\/de\/wp-json\/wp\/v2\/product_tag?post=41594"},{"taxonomy":"woo-feed-brand","embeddable":true,"href":"https:\/\/www.bojungle.eu\/de\/wp-json\/wp\/v2\/woo-feed-brand?post=41594"}],"curies":[{"name":"wp","href":"https:\/\/api.w.org\/{rel}","templated":true}]}}