{"id":41619,"date":"2022-05-29T11:29:11","date_gmt":"2022-05-29T09:29:11","guid":{"rendered":"https:\/\/dev.authority.biz\/boj\/product\/b-licht-musik-rassel-hase\/"},"modified":"2023-07-10T11:12:18","modified_gmt":"2023-07-10T09:12:18","slug":"b-light-music-rattle-rabbit","status":"publish","type":"product","link":"https:\/\/www.bojungle.eu\/de\/produkt\/b-light-music-rattle-rabbit\/","title":{"rendered":"B-Licht &amp; Musik Rassel Hase"},"content":{"rendered":"<ul>\n<li>Leichtes Design mit lackfreiem Material und integriertem Bei\u00dfzubeh\u00f6r<\/li>\n<li>Vier Modi<\/li>\n<li>Blinkendes Licht<\/li>\n<li>Eingebauter Sensor<\/li>\n<li>Bei\u00dfspielzeug<\/li>\n<\/ul>\n","protected":false},"excerpt":{"rendered":"<p>Sch\u00fctteln Sie diese s\u00fc\u00dfe Rassel einfach, damit die Lichter flackern und die Musik zu spielen beginnt. Mit den weichen Ohren, an denen Ihr Baby kauen kann, wird diese Rassel zum Lieblingsst\u00fcck Ihres Babys!<\/p>\n","protected":false},"featured_media":55038,"comment_status":"closed","ping_status":"closed","template":"","meta":{"_lmt_disableupdate":"","_lmt_disable":""},"product_brand":[],"product_cat":[619,502,675,620,453],"product_tag":[1161,1036,1037,1162,1163],"woo-feed-brand":[],"class_list":{"0":"post-41619","1":"product","2":"type-product","3":"status-publish","4":"has-post-thumbnail","6":"product_cat-aktivitatsspielzeug","7":"product_cat-buntes-spielzeug","8":"product_cat-klappern","9":"product_cat-musikalisches-spielzeug","10":"product_cat-spielzeit","11":"product_tag-baby-de","12":"product_tag-lichter","13":"product_tag-musik","14":"product_tag-rassel","15":"product_tag-spielen","17":"first","18":"instock","19":"taxable","20":"shipping-taxable","21":"purchasable","22":"product-type-simple"},"_links":{"self":[{"href":"https:\/\/www.bojungle.eu\/de\/wp-json\/wp\/v2\/product\/41619","targetHints":{"allow":["GET"]}}],"collection":[{"href":"https:\/\/www.bojungle.eu\/de\/wp-json\/wp\/v2\/product"}],"about":[{"href":"https:\/\/www.bojungle.eu\/de\/wp-json\/wp\/v2\/types\/product"}],"replies":[{"embeddable":true,"href":"https:\/\/www.bojungle.eu\/de\/wp-json\/wp\/v2\/comments?post=41619"}],"version-history":[{"count":0,"href":"https:\/\/www.bojungle.eu\/de\/wp-json\/wp\/v2\/product\/41619\/revisions"}],"wp:featuredmedia":[{"embeddable":true,"href":"https:\/\/www.bojungle.eu\/de\/wp-json\/wp\/v2\/media\/55038"}],"wp:attachment":[{"href":"https:\/\/www.bojungle.eu\/de\/wp-json\/wp\/v2\/media?parent=41619"}],"wp:term":[{"taxonomy":"product_brand","embeddable":true,"href":"https:\/\/www.bojungle.eu\/de\/wp-json\/wp\/v2\/product_brand?post=41619"},{"taxonomy":"product_cat","embeddable":true,"href":"https:\/\/www.bojungle.eu\/de\/wp-json\/wp\/v2\/product_cat?post=41619"},{"taxonomy":"product_tag","embeddable":true,"href":"https:\/\/www.bojungle.eu\/de\/wp-json\/wp\/v2\/product_tag?post=41619"},{"taxonomy":"woo-feed-brand","embeddable":true,"href":"https:\/\/www.bojungle.eu\/de\/wp-json\/wp\/v2\/woo-feed-brand?post=41619"}],"curies":[{"name":"wp","href":"https:\/\/api.w.org\/{rel}","templated":true}]}}