{"id":42807,"date":"2022-05-29T11:29:10","date_gmt":"2022-05-29T09:29:10","guid":{"rendered":"https:\/\/bojungle.eu\/shop\/product\/b-keys-silikon-grau-weiss-blau-rosa\/"},"modified":"2024-04-11T13:51:58","modified_gmt":"2024-04-11T11:51:58","slug":"b-keys-silicone-greywhitebluepink","status":"publish","type":"product","link":"https:\/\/www.bojungle.eu\/de\/produkt\/b-keys-silicone-greywhitebluepink\/","title":{"rendered":"Schl\u00fcssel aus Silikon (Grau, Wei\u00df, Blau, Rosa)"},"content":{"rendered":"<p>Entdecken Sie unsere Schl\u00fcssel aus Silikon (grau, wei\u00df, blau, rosa) &#8211; ein Muss f\u00fcr die Spielzeit Ihres Kindes! Diese aus umweltfreundlichem Silikon gefertigten Schl\u00fcssel sind mehr als nur ein Bei\u00dfspielzeug. Mit den losen Schl\u00fcsseln, die den zentralen Bei\u00dfring umgeben, bieten sie ein leicht zu greifendes Design, das perfekt f\u00fcr kleine H\u00e4nde zum Erkunden und Spielen ist. Sie lindern nicht nur die Beschwerden beim Zahnen, sondern regen mit ihren leuchtenden Farben und vielf\u00e4ltigen Formen auch die Sinne Ihres Babys an. Stellen Sie sich die Freude auf den Gesichtern Ihrer Kleinen vor, wenn sie die verschiedenen Texturen und Farbt\u00f6ne entdecken! Und hier ist das T\u00fcpfelchen auf dem i: Das Keys Silikon-Set ist nicht nur sicher f\u00fcr Ihr Baby, sondern auch f\u00fcr die Umwelt. Da es aus hochwertigem Silikon hergestellt ist, k\u00f6nnen Sie sicher sein, dass das Spielen Ihres Babys nicht nur Spa\u00df macht, sondern auch umweltbewusst ist. Warum sollten Sie sich also mit gew\u00f6hnlichem Spielzeug zufrieden geben, wenn Sie das Spielerlebnis Ihres Babys mit unserem Silikon-Schl\u00fcssel-Set aufwerten k\u00f6nnen? Bringen Sie noch heute einen Hauch von Farbe, Komfort und Umweltfreundlichkeit in die Welt Ihres Babys!  <\/p>\n","protected":false},"excerpt":{"rendered":"<div class=\"w-full text-token-text-primary\" dir=\"auto\" data-testid=\"conversation-turn-5\">\n<div class=\"px-4 py-2 justify-center text-base md:gap-6 m-auto\">\n<div class=\"flex flex-1 text-base mx-auto gap-3 juice:gap-4 juice:md:gap-6 md:px-5 lg:px-1 xl:px-5 md:max-w-3xl lg:max-w-[40rem] xl:max-w-[48rem] group\">\n<div class=\"relative flex w-full flex-col agent-turn\">\n<div class=\"flex-col gap-1 md:gap-3\">\n<div class=\"flex flex-grow flex-col max-w-full\">\n<div class=\"min-h-[20px] text-message flex flex-col items-start gap-3 whitespace-pre-wrap break-words [.text-message+&amp;]:mt-5 overflow-x-auto\" dir=\"auto\" data-message-author-role=\"assistant\" data-message-id=\"17b7d7b6-b91e-4499-b753-bc31b4cdf645\">\n<div class=\"markdown prose w-full break-words dark:prose-invert light\">\n<p>Probieren Sie unsere Schl\u00fcssel aus Silikon (grau, wei\u00df, blau, rosa) &#8211; sie sind fantastisch f\u00fcr Ihr Kind! Diese aus umweltfreundlichem Silikon hergestellten Schl\u00fcssel sind nicht nur zum Zahnen geeignet. Sie eignen sich auch hervorragend als Greifspielzeug, da die Schl\u00fcssel lose um den eigentlichen Bei\u00dfring herum liegen. Au\u00dferdem gibt es sie in verschiedenen Farben und Formen, was f\u00fcr die Sinne Ihres Babys ein Riesenspa\u00df ist. Und das Beste daran? Sie sind sicher f\u00fcr Ihr Baby und f\u00fcr die Umwelt. Also, warum noch warten? Holen Sie sich Ihr Silikon-Schl\u00fcssel-Set noch heute!       <\/p>\n<\/div>\n<\/div>\n<\/div>\n<\/div>\n<div class=\"absolute\">\n<div class=\"flex w-full gap-2 items-center justify-center\"><\/div>\n<\/div>\n<\/div>\n<\/div>\n<\/div>\n<\/div>\n<div class=\"w-full text-token-text-primary\" dir=\"auto\" data-testid=\"conversation-turn-6\">\n<div class=\"px-4 py-2 justify-center text-base md:gap-6 m-auto\">\n<div class=\"flex flex-1 text-base mx-auto gap-3 juice:gap-4 juice:md:gap-6 md:px-5 lg:px-1 xl:px-5 md:max-w-3xl lg:max-w-[40rem] xl:max-w-[48rem] group\">\n<div class=\"flex-shrink-0 flex flex-col relative items-end\">\n<div>\n<div class=\"pt-0.5\">\n<div class=\"gizmo-shadow-stroke flex h-6 w-6 items-center justify-center overflow-hidden rounded-full\"><\/div>\n<\/div>\n<\/div>\n<\/div>\n<\/div>\n<\/div>\n<\/div>\n","protected":false},"featured_media":73013,"comment_status":"closed","ping_status":"closed","template":"","meta":{"_lmt_disableupdate":"","_lmt_disable":""},"product_brand":[],"product_cat":[453,473],"product_tag":[],"woo-feed-brand":[],"class_list":{"0":"post-42807","1":"product","2":"type-product","3":"status-publish","4":"has-post-thumbnail","6":"product_cat-spielzeit","7":"product_cat-spielzeug-aus-silikon","9":"first","10":"instock","11":"taxable","12":"shipping-taxable","13":"purchasable","14":"product-type-simple"},"_links":{"self":[{"href":"https:\/\/www.bojungle.eu\/de\/wp-json\/wp\/v2\/product\/42807","targetHints":{"allow":["GET"]}}],"collection":[{"href":"https:\/\/www.bojungle.eu\/de\/wp-json\/wp\/v2\/product"}],"about":[{"href":"https:\/\/www.bojungle.eu\/de\/wp-json\/wp\/v2\/types\/product"}],"replies":[{"embeddable":true,"href":"https:\/\/www.bojungle.eu\/de\/wp-json\/wp\/v2\/comments?post=42807"}],"version-history":[{"count":1,"href":"https:\/\/www.bojungle.eu\/de\/wp-json\/wp\/v2\/product\/42807\/revisions"}],"predecessor-version":[{"id":73035,"href":"https:\/\/www.bojungle.eu\/de\/wp-json\/wp\/v2\/product\/42807\/revisions\/73035"}],"wp:featuredmedia":[{"embeddable":true,"href":"https:\/\/www.bojungle.eu\/de\/wp-json\/wp\/v2\/media\/73013"}],"wp:attachment":[{"href":"https:\/\/www.bojungle.eu\/de\/wp-json\/wp\/v2\/media?parent=42807"}],"wp:term":[{"taxonomy":"product_brand","embeddable":true,"href":"https:\/\/www.bojungle.eu\/de\/wp-json\/wp\/v2\/product_brand?post=42807"},{"taxonomy":"product_cat","embeddable":true,"href":"https:\/\/www.bojungle.eu\/de\/wp-json\/wp\/v2\/product_cat?post=42807"},{"taxonomy":"product_tag","embeddable":true,"href":"https:\/\/www.bojungle.eu\/de\/wp-json\/wp\/v2\/product_tag?post=42807"},{"taxonomy":"woo-feed-brand","embeddable":true,"href":"https:\/\/www.bojungle.eu\/de\/wp-json\/wp\/v2\/woo-feed-brand?post=42807"}],"curies":[{"name":"wp","href":"https:\/\/api.w.org\/{rel}","templated":true}]}}