{"id":42844,"date":"2022-05-29T11:29:10","date_gmt":"2022-05-29T09:29:10","guid":{"rendered":"https:\/\/bojungle.eu\/shop\/product\/b-learn-discovery-tisch\/"},"modified":"2025-08-06T14:51:41","modified_gmt":"2025-08-06T12:51:41","slug":"b-learn-discovery-table","status":"publish","type":"product","link":"https:\/\/www.bojungle.eu\/de\/produkt\/b-learn-discovery-table\/","title":{"rendered":"B-Learn &amp; Discovery Table"},"content":{"rendered":"<p>Lernen Sie unseren Learn &amp; Discovery Table kennen, perfekt f\u00fcr Ihren kleinen Entdecker!<\/p>\n<p>Dieser Tisch ist super bunt und hat viele lustige Sachen zu tun. Lass den Ball auf den Tisch fallen und beobachte, wie er sich dreht, bevor er durch das Loch f\u00e4llt. Das ist wie Magie! Dies hilft Ihrem Kleinkind, Dinge mit den Augen zu verfolgen.   <\/p>\n<p>Aber warte, da ist noch mehr! Dr\u00fccke auf die Z\u00e4hne des Nilpferds und du h\u00f6rst coole Musik und Tierger\u00e4usche. Das macht so viel Spa\u00df! Und es hilft deinem Kind zu lernen, wie Dinge funktionieren.   <\/p>\n<p>Mit Lichtern und Musik ist dieser Tisch ein Erlebnis f\u00fcr die Sinne. Ihr Kind wird es lieben, mit ihm zu spielen und zu lernen! <\/p>\n<p>Machen Sie sich bereit f\u00fcr stundenlangen Lernspa\u00df mit unserem Learn &amp; Discovery Table!<\/p>\n<p>&nbsp;<\/p>\n<table border=\"1\">\n<tbody>\n<tr>\n<td>Anleitung<\/td>\n<td><a href=\"https:\/\/www.bojungle.eu\/wp-content\/uploads\/2025\/08\/Manual-B925210-2.pdf\">Hier klicken<\/a><\/td>\n<\/tr>\n<\/tbody>\n<\/table>\n","protected":false},"excerpt":{"rendered":"<div class=\"flex-1 overflow-hidden\">\n<div class=\"react-scroll-to-bottom--css-jpaix-79elbk h-full\">\n<div class=\"react-scroll-to-bottom--css-jpaix-1n7m0yu\">\n<div class=\"flex flex-col text-sm pb-9\">\n<div class=\"w-full text-token-text-primary\" dir=\"auto\" data-testid=\"conversation-turn-7\" data-scroll-anchor=\"true\">\n<div class=\"py-2 px-3 text-base md:px-4 m-auto md:px-5 lg:px-1 xl:px-5\">\n<div class=\"mx-auto flex flex-1 gap-3 text-base juice:gap-4 juice:md:gap-6 md:max-w-3xl lg:max-w-[40rem] xl:max-w-[48rem]\">\n<div class=\"relative flex w-full min-w-0 flex-col agent-turn\">\n<div class=\"flex-col gap-1 md:gap-3\">\n<div class=\"flex flex-grow flex-col max-w-full\">\n<div class=\"min-h-[20px] text-message flex flex-col items-start whitespace-pre-wrap break-words [.text-message+&amp;]:mt-5 overflow-x-auto gap-3\" dir=\"auto\" data-message-author-role=\"assistant\" data-message-id=\"e862e374-493f-440c-bba9-50430143b1bf\">\n<div class=\"markdown prose w-full break-words dark:prose-invert light\">\n<p>Wir stellen unseren Lern- und Entdeckungstisch vor! Mit farbenfrohen B\u00e4llen, die sich drehen und durch L\u00f6cher fallen, lustiger Musik und coolen Tierger\u00e4uschen ist er perfekt f\u00fcr kleine Kinder zum Lernen und Spielen. Beobachten Sie, wie Ihr Kind Ursache und Wirkung erforscht, w\u00e4hrend es sich mit Lichtern und Musik vergn\u00fcgt!  <\/p>\n<\/div>\n<\/div>\n<\/div>\n<\/div>\n<\/div>\n<\/div>\n<\/div>\n<\/div>\n<\/div>\n<\/div>\n<\/div>\n<\/div>\n","protected":false},"featured_media":71514,"comment_status":"closed","ping_status":"closed","template":"","meta":{"_lmt_disableupdate":"","_lmt_disable":""},"product_brand":[],"product_cat":[619,502,620,1340,453],"product_tag":[1032,1035,1034,1033,1036,1037,1031],"woo-feed-brand":[],"class_list":{"0":"post-42844","1":"product","2":"type-product","3":"status-publish","4":"has-post-thumbnail","6":"product_cat-aktivitatsspielzeug","7":"product_cat-buntes-spielzeug","8":"product_cat-musikalisches-spielzeug","9":"product_cat-sale-de","10":"product_cat-spielzeit","11":"product_tag-aktivitat","12":"product_tag-ballspiele","13":"product_tag-entdeckung","14":"product_tag-lernen","15":"product_tag-lichter","16":"product_tag-musik","17":"product_tag-tisch","19":"first","20":"instock","21":"sale","22":"taxable","23":"shipping-taxable","24":"purchasable","25":"product-type-simple"},"_links":{"self":[{"href":"https:\/\/www.bojungle.eu\/de\/wp-json\/wp\/v2\/product\/42844","targetHints":{"allow":["GET"]}}],"collection":[{"href":"https:\/\/www.bojungle.eu\/de\/wp-json\/wp\/v2\/product"}],"about":[{"href":"https:\/\/www.bojungle.eu\/de\/wp-json\/wp\/v2\/types\/product"}],"replies":[{"embeddable":true,"href":"https:\/\/www.bojungle.eu\/de\/wp-json\/wp\/v2\/comments?post=42844"}],"version-history":[{"count":2,"href":"https:\/\/www.bojungle.eu\/de\/wp-json\/wp\/v2\/product\/42844\/revisions"}],"predecessor-version":[{"id":80815,"href":"https:\/\/www.bojungle.eu\/de\/wp-json\/wp\/v2\/product\/42844\/revisions\/80815"}],"wp:featuredmedia":[{"embeddable":true,"href":"https:\/\/www.bojungle.eu\/de\/wp-json\/wp\/v2\/media\/71514"}],"wp:attachment":[{"href":"https:\/\/www.bojungle.eu\/de\/wp-json\/wp\/v2\/media?parent=42844"}],"wp:term":[{"taxonomy":"product_brand","embeddable":true,"href":"https:\/\/www.bojungle.eu\/de\/wp-json\/wp\/v2\/product_brand?post=42844"},{"taxonomy":"product_cat","embeddable":true,"href":"https:\/\/www.bojungle.eu\/de\/wp-json\/wp\/v2\/product_cat?post=42844"},{"taxonomy":"product_tag","embeddable":true,"href":"https:\/\/www.bojungle.eu\/de\/wp-json\/wp\/v2\/product_tag?post=42844"},{"taxonomy":"woo-feed-brand","embeddable":true,"href":"https:\/\/www.bojungle.eu\/de\/wp-json\/wp\/v2\/woo-feed-brand?post=42844"}],"curies":[{"name":"wp","href":"https:\/\/api.w.org\/{rel}","templated":true}]}}