{"id":42910,"date":"2022-05-29T11:26:15","date_gmt":"2022-05-29T09:26:15","guid":{"rendered":"https:\/\/bojungle.eu\/shop\/product\/b-genius-reversible-kinderwagen-hellgrau\/"},"modified":"2022-05-29T11:26:15","modified_gmt":"2022-05-29T11:26:15","slug":"b-genius-klappbarer-kinderwagen-hellgrau","status":"publish","type":"product","link":"https:\/\/www.bojungle.eu\/de\/produkt\/b-genius-klappbarer-kinderwagen-hellgrau\/","title":{"rendered":"B-Genius Reversible Kinderwagen Hellgrau"},"content":{"rendered":"<ul>\n<li>Der Kinderwagen, der sich auf Rucksackgr\u00f6\u00dfe zusammenfalten l\u00e4sst!<\/li>\n<li>Super kompakt im zusammengeklappten Zustand (47 cm x 43 cm x 23 cm)<\/li>\n<li>Wiegt nur 6,34 kg!<\/li>\n<li>Beidseitig verwendbar: einfach zu verstellen (Teile im Lieferumfang enthalten) &#8211; Aluminiumrahmen &#8211; Verstellbare R\u00fcckenlehne: bis 170\u00b0 umlegbar &#8211; Verstellbare Fu\u00dfst\u00fctze &#8211; Abnehmbares St\u00fctzkissen<\/li>\n<li>Kann zusammengeklappt senkrecht gestellt werden (passt als Handgep\u00e4ck ins Flugzeug)<\/li>\n<li>5-Punkt-Sicherheitsgurte<\/li>\n<li>Abnehmbare R\u00e4der, Sonnendach und Sicherheitsb\u00fcgel &#8211; Fu\u00dfbremssystem an den Hinterr\u00e4dern &#8211; Bel\u00fcftung auf der R\u00fcckseite<\/li>\n<li>Mitgeliefertes Zubeh\u00f6r: Moskitonetz, Regenschutz, Kit f\u00fcr bidirektionale Nutzung, Transporttasche<\/li>\n<li>Optional: Autositz, Maxi-Cosi-Adapter und Adapter, um zwei Kinderwagen aneinander zu befestigen<\/li>\n<li>Empfohlenes Alter: 0-36 Monate, bis zu 18 kg<\/li>\n<\/ul>\n","protected":false},"excerpt":{"rendered":"<p>Der Kinderwagen, der sich auf Rucksackgr\u00f6\u00dfe zusammenfalten l\u00e4sst!<\/p>\n","protected":false},"featured_media":54667,"comment_status":"closed","ping_status":"closed","template":"","meta":{"_lmt_disableupdate":"","_lmt_disable":""},"product_brand":[],"product_cat":[639,644],"product_tag":[],"woo-feed-brand":[],"class_list":{"0":"post-42910","1":"product","2":"type-product","3":"status-publish","4":"has-post-thumbnail","6":"product_cat-drausen","7":"product_cat-kinderwagen","9":"first","10":"instock","11":"taxable","12":"shipping-taxable","13":"purchasable","14":"product-type-simple"},"_links":{"self":[{"href":"https:\/\/www.bojungle.eu\/de\/wp-json\/wp\/v2\/product\/42910","targetHints":{"allow":["GET"]}}],"collection":[{"href":"https:\/\/www.bojungle.eu\/de\/wp-json\/wp\/v2\/product"}],"about":[{"href":"https:\/\/www.bojungle.eu\/de\/wp-json\/wp\/v2\/types\/product"}],"replies":[{"embeddable":true,"href":"https:\/\/www.bojungle.eu\/de\/wp-json\/wp\/v2\/comments?post=42910"}],"version-history":[{"count":0,"href":"https:\/\/www.bojungle.eu\/de\/wp-json\/wp\/v2\/product\/42910\/revisions"}],"wp:featuredmedia":[{"embeddable":true,"href":"https:\/\/www.bojungle.eu\/de\/wp-json\/wp\/v2\/media\/54667"}],"wp:attachment":[{"href":"https:\/\/www.bojungle.eu\/de\/wp-json\/wp\/v2\/media?parent=42910"}],"wp:term":[{"taxonomy":"product_brand","embeddable":true,"href":"https:\/\/www.bojungle.eu\/de\/wp-json\/wp\/v2\/product_brand?post=42910"},{"taxonomy":"product_cat","embeddable":true,"href":"https:\/\/www.bojungle.eu\/de\/wp-json\/wp\/v2\/product_cat?post=42910"},{"taxonomy":"product_tag","embeddable":true,"href":"https:\/\/www.bojungle.eu\/de\/wp-json\/wp\/v2\/product_tag?post=42910"},{"taxonomy":"woo-feed-brand","embeddable":true,"href":"https:\/\/www.bojungle.eu\/de\/wp-json\/wp\/v2\/woo-feed-brand?post=42910"}],"curies":[{"name":"wp","href":"https:\/\/api.w.org\/{rel}","templated":true}]}}