{"id":42936,"date":"2022-05-29T11:26:15","date_gmt":"2022-05-29T09:26:15","guid":{"rendered":"https:\/\/bojungle.eu\/shop\/product\/b-kopfstuetze-kopfkissen-grau\/"},"modified":"2025-03-13T14:25:48","modified_gmt":"2025-03-13T13:25:48","slug":"b-kopfstutze-kissen-grau","status":"publish","type":"product","link":"https:\/\/www.bojungle.eu\/de\/produkt\/b-kopfstutze-kissen-grau\/","title":{"rendered":"B-Kopfst\u00fctze Kopfkissen Grau"},"content":{"rendered":"<p data-start=\"99\" data-end=\"346\">Geben Sie Ihrem Kleinen mit unserem Baby-Kopfst\u00fctzkissen den Komfort und Halt, den es braucht. Dieses weiche und ergonomische Kissen f\u00f6rdert die korrekte Ausrichtung von Kopf und Nacken und reduziert die Belastung. Es eignet sich perfekt f\u00fcr zu Hause und unterwegs. <\/p>\n<p data-start=\"62\" data-end=\"338\"><strong>Wesentliche Merkmale<\/strong><\/p>\n<ul>\n<li data-start=\"62\" data-end=\"338\"><strong data-start=\"375\" data-end=\"395\">Ergonomisches Design<\/strong> \u2013 Wiegt sanft den Kopf Ihres Babys und unterst\u00fctzt so eine gesunde Entwicklung.<\/li>\n<li data-start=\"62\" data-end=\"338\"><strong data-start=\"467\" data-end=\"488\">Weich und atmungsaktiv \u2013<\/strong> Hergestellt mit einem hypoallergenen, atmungsaktiven Bezug, der Ihr Baby k\u00fchl und bequem h\u00e4lt.<\/li>\n<li data-start=\"62\" data-end=\"338\"><strong data-start=\"581\" data-end=\"603\">Sanfter Memory-Schaum \u2013<\/strong> Bietet weiche, anpassungsf\u00e4hige Unterst\u00fctzung f\u00fcr ultimativen Komfort.<\/li>\n<li data-start=\"62\" data-end=\"338\"><strong data-start=\"665\" data-end=\"693\" data-is-only-node=\"\">Perfekt f\u00fcr den t\u00e4glichen Gebrauch \u2013 <\/strong>Ideal f\u00fcr Kinderbetten, Stubenwagen, Kinderwagen und Autositze.<\/li>\n<li data-start=\"62\" data-end=\"338\"><strong data-start=\"755\" data-end=\"781\">Leicht und tragbar \u2013<\/strong> Ideal f\u00fcr unterwegs und sorgt f\u00fcr Komfort, wo immer Ihr Baby ruht.<\/li>\n<\/ul>\n<p data-start=\"848\" data-end=\"978\">Sorgen Sie mit dem Baby-Kopfst\u00fctzkissen f\u00fcr den Komfort und das Wohlbefinden Ihres Babys \u2013 ein Muss f\u00fcr ruhige Nickerchen und unbeschwerte Reisen!<\/p>\n","protected":false},"excerpt":{"rendered":"<div class=\"flex max-w-full flex-col flex-grow\">\n<div class=\"min-h-8 text-message relative flex w-full flex-col items-end gap-2 whitespace-normal break-words text-start [.text-message+&amp;]:mt-5\" dir=\"auto\" data-message-author-role=\"assistant\" data-message-id=\"954ae71e-5acd-4af3-bb72-15859359c1da\" data-message-model-slug=\"gpt-4o\">\n<div class=\"flex w-full flex-col gap-1 empty:hidden first:pt-[3px]\">\n<div class=\"markdown prose w-full break-words dark:prose-invert light\">\n<p data-start=\"62\" data-end=\"315\" data-is-last-node=\"\" data-is-only-node=\"\">Genie\u00dfen Sie perfekte Nackenunterst\u00fctzung mit dem Kopfst\u00fctzkissen! Sein ergonomisches Design und der Memory-Schaum passen sich Ihrer K\u00f6rperform an, reduzieren die Belastung und verbessern die K\u00f6rperhaltung. Leicht, atmungsaktiv und ideal f\u00fcr zu Hause, auf Reisen oder im B\u00fcro \u2013 bleiben Sie \u00fcberall bequem!  <\/p>\n<\/div>\n<\/div>\n<\/div>\n<\/div>\n","protected":false},"featured_media":68439,"comment_status":"closed","ping_status":"closed","template":"","meta":{"_lmt_disableupdate":"","_lmt_disable":""},"product_brand":[],"product_cat":[639,800,530,640],"product_tag":[],"woo-feed-brand":[],"class_list":{"0":"post-42936","1":"product","2":"type-product","3":"status-publish","4":"has-post-thumbnail","6":"product_cat-drausen","7":"product_cat-kopfkissen","8":"product_cat-schlaf","9":"product_cat-outdoor-zubehor","11":"first","12":"instock","13":"taxable","14":"shipping-taxable","15":"purchasable","16":"product-type-simple"},"_links":{"self":[{"href":"https:\/\/www.bojungle.eu\/de\/wp-json\/wp\/v2\/product\/42936","targetHints":{"allow":["GET"]}}],"collection":[{"href":"https:\/\/www.bojungle.eu\/de\/wp-json\/wp\/v2\/product"}],"about":[{"href":"https:\/\/www.bojungle.eu\/de\/wp-json\/wp\/v2\/types\/product"}],"replies":[{"embeddable":true,"href":"https:\/\/www.bojungle.eu\/de\/wp-json\/wp\/v2\/comments?post=42936"}],"version-history":[{"count":1,"href":"https:\/\/www.bojungle.eu\/de\/wp-json\/wp\/v2\/product\/42936\/revisions"}],"predecessor-version":[{"id":79341,"href":"https:\/\/www.bojungle.eu\/de\/wp-json\/wp\/v2\/product\/42936\/revisions\/79341"}],"wp:featuredmedia":[{"embeddable":true,"href":"https:\/\/www.bojungle.eu\/de\/wp-json\/wp\/v2\/media\/68439"}],"wp:attachment":[{"href":"https:\/\/www.bojungle.eu\/de\/wp-json\/wp\/v2\/media?parent=42936"}],"wp:term":[{"taxonomy":"product_brand","embeddable":true,"href":"https:\/\/www.bojungle.eu\/de\/wp-json\/wp\/v2\/product_brand?post=42936"},{"taxonomy":"product_cat","embeddable":true,"href":"https:\/\/www.bojungle.eu\/de\/wp-json\/wp\/v2\/product_cat?post=42936"},{"taxonomy":"product_tag","embeddable":true,"href":"https:\/\/www.bojungle.eu\/de\/wp-json\/wp\/v2\/product_tag?post=42936"},{"taxonomy":"woo-feed-brand","embeddable":true,"href":"https:\/\/www.bojungle.eu\/de\/wp-json\/wp\/v2\/woo-feed-brand?post=42936"}],"curies":[{"name":"wp","href":"https:\/\/api.w.org\/{rel}","templated":true}]}}