{"id":42960,"date":"2022-05-29T11:26:02","date_gmt":"2022-05-29T09:26:02","guid":{"rendered":"https:\/\/bojungle.eu\/shop\/product\/b-digital-baby-food-processor-6-in-1\/"},"modified":"2025-06-11T16:23:57","modified_gmt":"2025-06-11T14:23:57","slug":"b-digital-baby-food-processor-6-in-1","status":"publish","type":"product","link":"https:\/\/www.bojungle.eu\/de\/produkt\/b-digital-baby-food-processor-6-in-1\/","title":{"rendered":"B-Digital Baby Food Processor 6 in 1"},"content":{"rendered":"<ul>\n<li>900 ml Inhalt<\/li>\n<li>Digitale Anzeige und Nutzung<\/li>\n<li>6 Funktionen: Dampfgaren, Automatisches Mixen, Sterilisieren, Heizen, Warmhalten, Reinigen<\/li>\n<li>Teile sind sp\u00fclmaschinenfest<\/li>\n<li>Messbecher, Spatel und Zange sind im Lieferumfang enthalten<\/li>\n<li>M\u00f6glichkeit, zwei Lebensmittelarten in getrennten Beh\u00e4ltern gleichzeitig zu d\u00e4mpfen, indem der Messbecher auf den D\u00e4mpfkorb gestellt wird<\/li>\n<li>2 D\u00e4mpfgeschwindigkeiten: niedrige oder hohe Geschwindigkeit<\/li>\n<li>2 Mixgeschwindigkeiten: niedrige Geschwindigkeit f\u00fcr eine Textur mit kleinen St\u00fccken oder hohe Geschwindigkeit f\u00fcr eine glatte Textur<\/li>\n<li>Mischt automatisch in Zyklen: 13 Sekunden ein, 2 Sekunden aus (5 Zyklen)<\/li>\n<\/ul>\n<table border=\"1\">\n<tbody>\n<tr>\n<td>Anleitung<\/td>\n<td><a href=\"https:\/\/www.bojungle.eu\/wp-content\/uploads\/2025\/06\/2018-02-23-Handleiding-food-processor-v3.pdf\" target=\"_blank\" rel=\"noopener\">Hier klicken<\/a><\/td>\n<\/tr>\n<\/tbody>\n<\/table>\n","protected":false},"excerpt":{"rendered":"<p>6 Funktionen: Dampfgaren, Automatisches Mixen, Sterilisieren, Heizen, Warmhalten, Reinigen<\/p>\n","protected":false},"featured_media":74038,"comment_status":"closed","ping_status":"closed","template":"","meta":{"_lmt_disableupdate":"","_lmt_disable":""},"product_brand":[],"product_cat":[450,455],"product_tag":[],"woo-feed-brand":[],"class_list":{"0":"post-42960","1":"product","2":"type-product","3":"status-publish","4":"has-post-thumbnail","6":"product_cat-essen-trinken","7":"product_cat-zubereitung-von-mahlzeiten","9":"first","10":"instock","11":"taxable","12":"shipping-taxable","13":"purchasable","14":"product-type-simple"},"_links":{"self":[{"href":"https:\/\/www.bojungle.eu\/de\/wp-json\/wp\/v2\/product\/42960","targetHints":{"allow":["GET"]}}],"collection":[{"href":"https:\/\/www.bojungle.eu\/de\/wp-json\/wp\/v2\/product"}],"about":[{"href":"https:\/\/www.bojungle.eu\/de\/wp-json\/wp\/v2\/types\/product"}],"replies":[{"embeddable":true,"href":"https:\/\/www.bojungle.eu\/de\/wp-json\/wp\/v2\/comments?post=42960"}],"version-history":[{"count":1,"href":"https:\/\/www.bojungle.eu\/de\/wp-json\/wp\/v2\/product\/42960\/revisions"}],"predecessor-version":[{"id":80190,"href":"https:\/\/www.bojungle.eu\/de\/wp-json\/wp\/v2\/product\/42960\/revisions\/80190"}],"wp:featuredmedia":[{"embeddable":true,"href":"https:\/\/www.bojungle.eu\/de\/wp-json\/wp\/v2\/media\/74038"}],"wp:attachment":[{"href":"https:\/\/www.bojungle.eu\/de\/wp-json\/wp\/v2\/media?parent=42960"}],"wp:term":[{"taxonomy":"product_brand","embeddable":true,"href":"https:\/\/www.bojungle.eu\/de\/wp-json\/wp\/v2\/product_brand?post=42960"},{"taxonomy":"product_cat","embeddable":true,"href":"https:\/\/www.bojungle.eu\/de\/wp-json\/wp\/v2\/product_cat?post=42960"},{"taxonomy":"product_tag","embeddable":true,"href":"https:\/\/www.bojungle.eu\/de\/wp-json\/wp\/v2\/product_tag?post=42960"},{"taxonomy":"woo-feed-brand","embeddable":true,"href":"https:\/\/www.bojungle.eu\/de\/wp-json\/wp\/v2\/woo-feed-brand?post=42960"}],"curies":[{"name":"wp","href":"https:\/\/api.w.org\/{rel}","templated":true}]}}