{"id":43013,"date":"2022-05-29T11:24:19","date_gmt":"2022-05-29T09:24:19","guid":{"rendered":"https:\/\/bojungle.eu\/shop\/product\/b-klappbare-duschwanne-grau-weiss\/"},"modified":"2025-05-26T16:26:14","modified_gmt":"2025-05-26T14:26:14","slug":"b-faltbares-duschbad-grau-weis","status":"publish","type":"product","link":"https:\/\/www.bojungle.eu\/de\/produkt\/b-faltbares-duschbad-grau-weis\/","title":{"rendered":"B-Klappbare Duschwanne Grau\/Wei\u00df"},"content":{"rendered":"<p>Die faltbare Duschwanne besteht aus hochwertigen Silikonteilen und einem robusten Aluminiumrahmen und bietet au\u00dfergew\u00f6hnliche Haltbarkeit und Verstellbarkeit. Die h\u00f6henverstellbare Funktion gew\u00e4hrleistet optimalen Komfort f\u00fcr Benutzer aller Altersgruppen und F\u00e4higkeiten. <\/p>\n<p>Ausgestattet mit einem bequemen Sitz mit Saugn\u00e4pfen f\u00fcr zus\u00e4tzliche Stabilit\u00e4t und Halt, bietet unsere Badewanne eine sichere Umgebung f\u00fcr Entspannung oder erfrischende Duschen.<\/p>\n<p>Mit unserem benutzerfreundlichen Abflussdeckel ist die Reinigung ein Kinderspiel, da das Wasser nach jedem Gebrauch schnell und effizient entfernt werden kann. Au\u00dferdem k\u00f6nnen Sie beruhigt sein, denn unsere faltbare Duschwanne ist BPA-frei, so dass Ihre Gesundheit und Sicherheit an erster Stelle stehen. <\/p>\n<p>Verbessern Sie Ihr Badeerlebnis mit der ultimativen Mischung aus Bequemlichkeit, Komfort und Vielseitigkeit. Werten Sie Ihren Raum mit unserer faltbaren Duschwanne noch heute auf! <\/p>\n<ul>\n<li>Diese Badewanne kann problemlos in eine Dusche gestellt werden oder als Alternative zu einer festen Badewanne dienen. Dank der Silikonteile in der Wanne und des Aluminiumrahmens kann sie in der H\u00f6he verstellt werden. Im Inneren der Badewanne ist ein Sitz mit Saugn\u00e4pfen vorhanden. Dank des Ablassdeckels l\u00e4sst sich das Wasser leicht entfernen.<\/li>\n<li>BPA-frei<\/li>\n<\/ul>\n<table border=\"1\">\n<tbody>\n<tr>\n<td>Anleitung<\/td>\n<td><a href=\"https:\/\/www.bojungle.eu\/wp-content\/uploads\/2025\/05\/B400660-B-Foldable-Shower-Bath.pdf\" target=\"_blank\" rel=\"noopener\">Hier klicken<\/a><\/td>\n<\/tr>\n<\/tbody>\n<\/table>\n","protected":false},"excerpt":{"rendered":"<p>Erleben Sie die unvergleichliche Bequemlichkeit und den Komfort unserer faltbaren Duschwanne in elegantem Grau\/Wei\u00df! Verwandeln Sie Ihre Baderoutine mit dieser innovativen L\u00f6sung, die sich nahtlos in Ihren Duschbereich integrieren l\u00e4sst oder als flexible Alternative zu einer herk\u00f6mmlichen festen Badewanne fungiert. <\/p>\n<p>&nbsp;<\/p>\n","protected":false},"featured_media":66619,"comment_status":"closed","ping_status":"closed","template":"","meta":{"_lmt_disableupdate":"","_lmt_disable":""},"product_brand":[],"product_cat":[584,514],"product_tag":[],"woo-feed-brand":[],"class_list":{"0":"post-43013","1":"product","2":"type-product","3":"status-publish","4":"has-post-thumbnail","6":"product_cat-baby-in-der-badewanne","7":"product_cat-korperpflege","9":"first","10":"instock","11":"taxable","12":"shipping-taxable","13":"purchasable","14":"product-type-simple"},"_links":{"self":[{"href":"https:\/\/www.bojungle.eu\/de\/wp-json\/wp\/v2\/product\/43013","targetHints":{"allow":["GET"]}}],"collection":[{"href":"https:\/\/www.bojungle.eu\/de\/wp-json\/wp\/v2\/product"}],"about":[{"href":"https:\/\/www.bojungle.eu\/de\/wp-json\/wp\/v2\/types\/product"}],"replies":[{"embeddable":true,"href":"https:\/\/www.bojungle.eu\/de\/wp-json\/wp\/v2\/comments?post=43013"}],"version-history":[{"count":2,"href":"https:\/\/www.bojungle.eu\/de\/wp-json\/wp\/v2\/product\/43013\/revisions"}],"predecessor-version":[{"id":79934,"href":"https:\/\/www.bojungle.eu\/de\/wp-json\/wp\/v2\/product\/43013\/revisions\/79934"}],"wp:featuredmedia":[{"embeddable":true,"href":"https:\/\/www.bojungle.eu\/de\/wp-json\/wp\/v2\/media\/66619"}],"wp:attachment":[{"href":"https:\/\/www.bojungle.eu\/de\/wp-json\/wp\/v2\/media?parent=43013"}],"wp:term":[{"taxonomy":"product_brand","embeddable":true,"href":"https:\/\/www.bojungle.eu\/de\/wp-json\/wp\/v2\/product_brand?post=43013"},{"taxonomy":"product_cat","embeddable":true,"href":"https:\/\/www.bojungle.eu\/de\/wp-json\/wp\/v2\/product_cat?post=43013"},{"taxonomy":"product_tag","embeddable":true,"href":"https:\/\/www.bojungle.eu\/de\/wp-json\/wp\/v2\/product_tag?post=43013"},{"taxonomy":"woo-feed-brand","embeddable":true,"href":"https:\/\/www.bojungle.eu\/de\/wp-json\/wp\/v2\/woo-feed-brand?post=43013"}],"curies":[{"name":"wp","href":"https:\/\/api.w.org\/{rel}","templated":true}]}}