{"id":43111,"date":"2022-05-29T11:16:57","date_gmt":"2022-05-29T09:16:57","guid":{"rendered":"https:\/\/bojungle.eu\/shop\/product\/b-dinner-stuhl-wheely-pink\/"},"modified":"2022-05-29T11:16:57","modified_gmt":"2022-05-29T11:16:57","slug":"b-abendessen-stuhl-weiss-rosa","status":"publish","type":"product","link":"https:\/\/www.bojungle.eu\/de\/produkt\/b-abendessen-stuhl-weiss-rosa\/","title":{"rendered":"B-Dinner Stuhl Wheely Pink"},"content":{"rendered":"<ul>\n<li>Design und Funktionalit\u00e4t in Einem!<\/li>\n<li>Sehr kompakt zusammengeklappt<\/li>\n<li>Herausnehmbarer Tablett-Einsatz<\/li>\n<li>Leicht zu reinigen<\/li>\n<li>Luxuri\u00f6ser Sitzbezug aus PU-Leder<\/li>\n<li>Aluminium-Rohre<\/li>\n<li>5-Punkt-Sicherheitsgurte<\/li>\n<li>R\u00fcckenlehne in 3 Positionen verstellbar, Fu\u00dfst\u00fctze in 3, Tablett in 3<\/li>\n<li>Hinterr\u00e4der k\u00f6nnen blockiert werden<\/li>\n<li>7 m\u00f6gliche H\u00f6henpositionen<\/li>\n<li>Lebensmittelgeeignete Kunststoffe<\/li>\n<\/ul>\n","protected":false},"excerpt":{"rendered":"<p>Design und Funktionalit\u00e4t in Einem!<\/p>\n","protected":false},"featured_media":75233,"comment_status":"closed","ping_status":"closed","template":"","meta":{"_lmt_disableupdate":"","_lmt_disable":""},"product_brand":[],"product_cat":[450,658],"product_tag":[],"woo-feed-brand":[],"class_list":{"0":"post-43111","1":"product","2":"type-product","3":"status-publish","4":"has-post-thumbnail","6":"product_cat-essen-trinken","7":"product_cat-hochstuhle-und-kindersitze","9":"first","10":"instock","11":"taxable","12":"shipping-taxable","13":"purchasable","14":"product-type-simple"},"_links":{"self":[{"href":"https:\/\/www.bojungle.eu\/de\/wp-json\/wp\/v2\/product\/43111","targetHints":{"allow":["GET"]}}],"collection":[{"href":"https:\/\/www.bojungle.eu\/de\/wp-json\/wp\/v2\/product"}],"about":[{"href":"https:\/\/www.bojungle.eu\/de\/wp-json\/wp\/v2\/types\/product"}],"replies":[{"embeddable":true,"href":"https:\/\/www.bojungle.eu\/de\/wp-json\/wp\/v2\/comments?post=43111"}],"version-history":[{"count":0,"href":"https:\/\/www.bojungle.eu\/de\/wp-json\/wp\/v2\/product\/43111\/revisions"}],"wp:featuredmedia":[{"embeddable":true,"href":"https:\/\/www.bojungle.eu\/de\/wp-json\/wp\/v2\/media\/75233"}],"wp:attachment":[{"href":"https:\/\/www.bojungle.eu\/de\/wp-json\/wp\/v2\/media?parent=43111"}],"wp:term":[{"taxonomy":"product_brand","embeddable":true,"href":"https:\/\/www.bojungle.eu\/de\/wp-json\/wp\/v2\/product_brand?post=43111"},{"taxonomy":"product_cat","embeddable":true,"href":"https:\/\/www.bojungle.eu\/de\/wp-json\/wp\/v2\/product_cat?post=43111"},{"taxonomy":"product_tag","embeddable":true,"href":"https:\/\/www.bojungle.eu\/de\/wp-json\/wp\/v2\/product_tag?post=43111"},{"taxonomy":"woo-feed-brand","embeddable":true,"href":"https:\/\/www.bojungle.eu\/de\/wp-json\/wp\/v2\/woo-feed-brand?post=43111"}],"curies":[{"name":"wp","href":"https:\/\/api.w.org\/{rel}","templated":true}]}}