{"id":43128,"date":"2022-05-29T11:15:09","date_gmt":"2022-05-29T09:15:09","guid":{"rendered":"https:\/\/bojungle.eu\/shop\/product\/b-cosy-weiss\/"},"modified":"2024-06-11T09:45:23","modified_gmt":"2024-06-11T07:45:23","slug":"b-cosy-weis","status":"publish","type":"product","link":"https:\/\/www.bojungle.eu\/de\/produkt\/b-cosy-weis\/","title":{"rendered":"B-Cosy Wei\u00df"},"content":{"rendered":"<p>Das B-Cosy White Ergonomic Cushion ist die ultimative L\u00f6sung, um sicherzustellen, dass der Kopf Ihres Babys vom ersten Tag an sch\u00f6n rund und gut gest\u00fctzt ist. Dieses vielseitige Kissen wurde im Hinblick auf den Komfort und die Gesundheit Ihres Kindes entwickelt und eignet sich perfekt f\u00fcr die Verwendung in Kinderwagen, Autositzen, Schaukeln, Wippen, Babybetten und Kinderbetten.<\/p>\n<p><strong>Wesentliche Merkmale:<\/strong><\/p>\n<ul>\n<li><strong>Ergonomisches Design:<\/strong> Fachm\u00e4nnisch geformt, um den Kopf Ihres Babys zu wiegen und den Druck gleichm\u00e4\u00dfig zu verteilen, was das Flachkopfsyndrom verhindert.<\/li>\n<li><strong>Von Geburt an verwendet:<\/strong> Geeignet f\u00fcr Neugeborene, die in den ersten Monaten eine wichtige Unterst\u00fctzung erhalten.<\/li>\n<li><strong>Weiche und atmungsaktive Materialien: <\/strong> Hergestellt aus hochwertigen, atmungsaktiven Materialien, die Ihr Baby zu jeder Jahreszeit k\u00fchl und bequem halten.<\/li>\n<li><strong>Vielseitig einsetzbar:<\/strong> Passt nahtlos in Kinderwagen, Autositze, Schaukeln, Babywippen, Babybetten und Kinderbetten und ist damit eine bequeme Wahl f\u00fcr viel besch\u00e4ftigte Eltern, die viel unterwegs sind.<\/li>\n<li><strong>Leicht zu reinigen:<\/strong> Die Materialien des Kissens sind nicht nur sanft zur Haut Ihres Babys, sondern auch leicht zu reinigen, damit es frisch und hygienisch bleibt.<\/li>\n<\/ul>\n<p>Geben Sie Ihrem Baby den besten Start mit dem B-Cosy White Ergonomic Cushion, bei dem Komfort auf Funktionalit\u00e4t trifft. Ein Muss f\u00fcr alle Eltern, denen das Wohlbefinden und das Gl\u00fcck ihres Babys am Herzen liegt.<\/p>\n","protected":false},"excerpt":{"rendered":"<div class=\"flex flex-grow flex-col max-w-full\">\n<div class=\"min-h-[20px] text-message flex flex-col items-start whitespace-pre-wrap break-words [.text-message+&amp;]:mt-5 juice:w-full juice:items-end overflow-x-auto gap-2\" dir=\"auto\" data-message-author-role=\"assistant\" data-message-id=\"cf4d27f0-e94a-46af-ad1f-544928a89c38\">\n<div class=\"flex w-full flex-col gap-1 juice:empty:hidden juice:first:pt-[3px]\">\n<div class=\"markdown prose w-full break-words dark:prose-invert light\">\n<p>Das B-Cosy White Ergonomic Cushion sorgt daf\u00fcr, dass der Kopf Ihres Babys sch\u00f6n rund bleibt. Dieses Kissen ist von Geburt an geeignet und bietet mit seinem ergonomischen Design die notwendige Unterst\u00fctzung. Er besteht aus weichen, atmungsaktiven Materialien und sorgt daf\u00fcr, dass sich Ihr Baby in Kinderwagen, Autositzen, Schaukeln, Wippen, Babybetten und Kinderbetten wohl f\u00fchlt. Leicht zu reinigen und perfekt f\u00fcr Eltern, die viel unterwegs sind, ist er ein Muss f\u00fcr das Wohlbefinden Ihres Babys.<\/p>\n<\/div>\n<\/div>\n<\/div>\n<\/div>\n","protected":false},"featured_media":75787,"comment_status":"closed","ping_status":"closed","template":"","meta":{"_lmt_disableupdate":"","_lmt_disable":""},"product_brand":[],"product_cat":[639,800,530],"product_tag":[],"woo-feed-brand":[],"class_list":{"0":"post-43128","1":"product","2":"type-product","3":"status-publish","4":"has-post-thumbnail","6":"product_cat-drausen","7":"product_cat-kopfkissen","8":"product_cat-schlaf","10":"first","11":"outofstock","12":"taxable","13":"shipping-taxable","14":"purchasable","15":"product-type-simple"},"_links":{"self":[{"href":"https:\/\/www.bojungle.eu\/de\/wp-json\/wp\/v2\/product\/43128","targetHints":{"allow":["GET"]}}],"collection":[{"href":"https:\/\/www.bojungle.eu\/de\/wp-json\/wp\/v2\/product"}],"about":[{"href":"https:\/\/www.bojungle.eu\/de\/wp-json\/wp\/v2\/types\/product"}],"replies":[{"embeddable":true,"href":"https:\/\/www.bojungle.eu\/de\/wp-json\/wp\/v2\/comments?post=43128"}],"version-history":[{"count":1,"href":"https:\/\/www.bojungle.eu\/de\/wp-json\/wp\/v2\/product\/43128\/revisions"}],"predecessor-version":[{"id":75809,"href":"https:\/\/www.bojungle.eu\/de\/wp-json\/wp\/v2\/product\/43128\/revisions\/75809"}],"wp:featuredmedia":[{"embeddable":true,"href":"https:\/\/www.bojungle.eu\/de\/wp-json\/wp\/v2\/media\/75787"}],"wp:attachment":[{"href":"https:\/\/www.bojungle.eu\/de\/wp-json\/wp\/v2\/media?parent=43128"}],"wp:term":[{"taxonomy":"product_brand","embeddable":true,"href":"https:\/\/www.bojungle.eu\/de\/wp-json\/wp\/v2\/product_brand?post=43128"},{"taxonomy":"product_cat","embeddable":true,"href":"https:\/\/www.bojungle.eu\/de\/wp-json\/wp\/v2\/product_cat?post=43128"},{"taxonomy":"product_tag","embeddable":true,"href":"https:\/\/www.bojungle.eu\/de\/wp-json\/wp\/v2\/product_tag?post=43128"},{"taxonomy":"woo-feed-brand","embeddable":true,"href":"https:\/\/www.bojungle.eu\/de\/wp-json\/wp\/v2\/woo-feed-brand?post=43128"}],"curies":[{"name":"wp","href":"https:\/\/api.w.org\/{rel}","templated":true}]}}