{"id":43214,"date":"2022-05-29T11:13:27","date_gmt":"2022-05-29T09:13:27","guid":{"rendered":"https:\/\/bojungle.eu\/shop\/product\/b-wagen-lenkrad\/"},"modified":"2025-02-12T15:59:33","modified_gmt":"2025-02-12T14:59:33","slug":"b-car-steering-wheel","status":"publish","type":"product","link":"https:\/\/www.bojungle.eu\/de\/produkt\/b-car-steering-wheel\/","title":{"rendered":"Car Steering Wheel"},"content":{"rendered":"<p data-start=\"0\" data-end=\"201\">Das Car Steering Wheel &#8211; das ultimative interaktive Fahrerlebnis f\u00fcr Kinder! Dieses lustige und fesselnde Lenkrad ist vollgepackt mit Funktionen, die Ihre Kleinen unterwegs unterhalten. <\/p>\n<p data-start=\"203\" data-end=\"220\"><strong data-start=\"203\" data-end=\"220\">Wesentliche Merkmale:<\/strong><\/p>\n<ul data-start=\"222\" data-end=\"909\">\n<li data-start=\"222\" data-end=\"391\">\n<p data-start=\"224\" data-end=\"391\"><strong data-start=\"224\" data-end=\"273\">Lenkrad mit integrierten Soundeffekten: <\/strong>Drehen Sie das Lenkrad und genie\u00dfen Sie realistische Motorenger\u00e4usche, Autohupen und lustige Fahrger\u00e4usche, die das Abenteuer zum Leben erwecken.<\/p>\n<\/li>\n<li data-start=\"395\" data-end=\"543\">\n<p data-start=\"397\" data-end=\"543\"><strong data-start=\"397\" data-end=\"437\">Autohupe mit Musik und Lichteffekten: <\/strong>Dr\u00fccke auf die Hupe und beobachte, wie sie in leuchtenden Farben aufleuchtet und einen Ohrwurm spielt, der f\u00fcr zus\u00e4tzliche Spannung sorgt.<\/p>\n<\/li>\n<li data-start=\"547\" data-end=\"728\">\n<p data-start=\"549\" data-end=\"728\"><strong data-start=\"549\" data-end=\"595\">360\u00b0 drehbares Zahnrad mit Soundeffekten: <\/strong>Das sich vollst\u00e4ndig drehende Zahnrad gibt den Kindern das Gef\u00fchl, wirklich hinter dem Steuer zu sitzen, mit spannenden Soundeffekten beim Drehen.<\/p>\n<\/li>\n<li data-start=\"730\" data-end=\"909\">\n<p data-start=\"732\" data-end=\"909\"><strong data-start=\"732\" data-end=\"751\">H\u00e4ngende Klemmen:<\/strong> L\u00e4sst sich leicht an der Kopfst\u00fctze des Autos oder an einem Laufstall befestigen und sorgt so f\u00fcr einen sicheren Halt, w\u00e4hrend Ihr Kind endlosen Spa\u00df hat, egal ob auf einer Autofahrt oder w\u00e4hrend der Spielzeit.<\/p>\n<\/li>\n<\/ul>\n<p data-start=\"911\" data-end=\"1113\" data-is-last-node=\"\">Das B-Car Lenkrad ist perfekt f\u00fcr kleine Fahrer, die gerne die Erwachsenen nachahmen, und ist ein Muss f\u00fcr den Autositz oder Laufstall Ihres Kindes. Mit Sound, Musik und Lichtern wird jede Fahrt zu einem Abenteuer! <\/p>\n","protected":false},"excerpt":{"rendered":"<p>Das Auto-Lenkrad ist ein interaktives Spielzeug, das f\u00fcr Spa\u00df und Unterhaltung sorgt! Mit integrierten Soundeffekten, einer Autohupe mit Musik und Lichtern, einem um 360\u00b0 drehbaren Zahnrad und Aufh\u00e4ngeklammern zur einfachen Befestigung an den Kopfst\u00fctzen des Autos oder am Laufstall bringt es die Aufregung des Fahrens in den Kindersitz Ihres Kindes.  <\/p>\n<p>&nbsp;<\/p>\n","protected":false},"featured_media":71444,"comment_status":"closed","ping_status":"closed","template":"","meta":{"_lmt_disableupdate":"","_lmt_disable":""},"product_brand":[],"product_cat":[619,502,620,453],"product_tag":[],"woo-feed-brand":[],"class_list":{"0":"post-43214","1":"product","2":"type-product","3":"status-publish","4":"has-post-thumbnail","6":"product_cat-aktivitatsspielzeug","7":"product_cat-buntes-spielzeug","8":"product_cat-musikalisches-spielzeug","9":"product_cat-spielzeit","11":"first","12":"instock","13":"taxable","14":"shipping-taxable","15":"purchasable","16":"product-type-simple"},"_links":{"self":[{"href":"https:\/\/www.bojungle.eu\/de\/wp-json\/wp\/v2\/product\/43214","targetHints":{"allow":["GET"]}}],"collection":[{"href":"https:\/\/www.bojungle.eu\/de\/wp-json\/wp\/v2\/product"}],"about":[{"href":"https:\/\/www.bojungle.eu\/de\/wp-json\/wp\/v2\/types\/product"}],"replies":[{"embeddable":true,"href":"https:\/\/www.bojungle.eu\/de\/wp-json\/wp\/v2\/comments?post=43214"}],"version-history":[{"count":1,"href":"https:\/\/www.bojungle.eu\/de\/wp-json\/wp\/v2\/product\/43214\/revisions"}],"predecessor-version":[{"id":79069,"href":"https:\/\/www.bojungle.eu\/de\/wp-json\/wp\/v2\/product\/43214\/revisions\/79069"}],"wp:featuredmedia":[{"embeddable":true,"href":"https:\/\/www.bojungle.eu\/de\/wp-json\/wp\/v2\/media\/71444"}],"wp:attachment":[{"href":"https:\/\/www.bojungle.eu\/de\/wp-json\/wp\/v2\/media?parent=43214"}],"wp:term":[{"taxonomy":"product_brand","embeddable":true,"href":"https:\/\/www.bojungle.eu\/de\/wp-json\/wp\/v2\/product_brand?post=43214"},{"taxonomy":"product_cat","embeddable":true,"href":"https:\/\/www.bojungle.eu\/de\/wp-json\/wp\/v2\/product_cat?post=43214"},{"taxonomy":"product_tag","embeddable":true,"href":"https:\/\/www.bojungle.eu\/de\/wp-json\/wp\/v2\/product_tag?post=43214"},{"taxonomy":"woo-feed-brand","embeddable":true,"href":"https:\/\/www.bojungle.eu\/de\/wp-json\/wp\/v2\/woo-feed-brand?post=43214"}],"curies":[{"name":"wp","href":"https:\/\/api.w.org\/{rel}","templated":true}]}}