{"id":43255,"date":"2022-05-29T11:13:30","date_gmt":"2022-05-29T09:13:30","guid":{"rendered":"https:\/\/bojungle.eu\/shop\/product\/b-komfort-nest-taupe\/"},"modified":"2025-03-13T12:52:11","modified_gmt":"2025-03-13T11:52:11","slug":"b-komfort-nest-taupe","status":"publish","type":"product","link":"https:\/\/www.bojungle.eu\/de\/produkt\/b-komfort-nest-taupe\/","title":{"rendered":"B-Komfort Nest Taupe"},"content":{"rendered":"<p data-start=\"62\" data-end=\"282\">Geben Sie Ihrem Kind den ultimativen Komfort und die ultimative Sicherheit mit dem Comfort Nest Taupe, einem universellen Ganzk\u00f6rperst\u00fctzkissen, das nahtlos in Kinderwagen, Tragetaschen, Autositze, Kinderbetten, Schaukeln und vieles mehr passt.<\/p>\n<p>Wesentliche Merkmale:<\/p>\n<ul>\n<li><strong data-start=\"308\" data-end=\"334\">Vielseitiger und sicherer Sitz<\/strong> &#8211; Mit Gurtband\u00f6ffnungen f\u00fcr einen bequemen und sicheren Sitz in verschiedenen Babyausr\u00fcstungen.<\/li>\n<li><strong data-start=\"424\" data-end=\"454\">Wendbar f\u00fcr alle Jahreszeiten <\/strong>&#8211; Mit einer atmungsaktiven Sommerseite f\u00fcr k\u00fchlen Komfort und einer weichen Velboa-Winterseite f\u00fcr W\u00e4rme und Gem\u00fctlichkeit.<\/li>\n<li><strong data-start=\"578\" data-end=\"601\">Abnehmbarer Fu\u00dfsack <\/strong>&#8211; Sorgt f\u00fcr zus\u00e4tzliche W\u00e4rme und kann f\u00fcr mehr Komfort abgenommen werden.<\/li>\n<li><strong data-start=\"667\" data-end=\"687\">Ultimative Unterst\u00fctzung<\/strong> &#8211; Die Ganzk\u00f6rperpolsterung gew\u00e4hrleistet optimalen Komfort und Unterst\u00fctzung f\u00fcr Kopf, Nacken und K\u00f6rper Ihres Babys.<\/li>\n<\/ul>\n<p data-start=\"788\" data-end=\"907\" data-is-last-node=\"\" data-is-only-node=\"\">Das Comfort Nest Taupe eignet sich perfekt f\u00fcr den ganzj\u00e4hrigen Gebrauch und sorgt daf\u00fcr, dass Ihr Kleines es kuschelig und sicher hat, egal wohin Sie gehen!<\/p>\n","protected":false},"excerpt":{"rendered":"<div class=\"flex max-w-full flex-col flex-grow\">\n<div class=\"min-h-8 text-message relative flex w-full flex-col items-end gap-2 whitespace-normal break-words text-start [.text-message+&amp;]:mt-5\" dir=\"auto\" data-message-author-role=\"assistant\" data-message-id=\"3ae60a2c-cacd-4a52-b05c-d94bc836cb8a\" data-message-model-slug=\"gpt-4o\">\n<div class=\"flex w-full flex-col gap-1 empty:hidden first:pt-[3px]\">\n<div class=\"markdown prose w-full break-words dark:prose-invert light\">\n<p data-start=\"63\" data-end=\"463\" data-is-last-node=\"\" data-is-only-node=\"\">Mit diesem vielseitigen St\u00fctzkissen, das f\u00fcr Kinderwagen, Autositze, Tragetaschen, Kinderbetten und vieles mehr geeignet ist, haben es Ihre Kleinen bequem und sicher. Mit seinem wendbaren Design mit einer atmungsaktiven Sommerseite und einer weichen Velboa-Winterseite sorgt es das ganze Jahr \u00fcber f\u00fcr Komfort. Der abnehmbare Fu\u00dfsack sorgt f\u00fcr zus\u00e4tzliche W\u00e4rme, w\u00e4hrend die Gurtband\u00f6ffnungen f\u00fcr einen sicheren Sitz sorgen. Perfekte Unterst\u00fctzung f\u00fcr jede Reise!   <\/p>\n<\/div>\n<\/div>\n<\/div>\n<\/div>\n<div class=\"mb-2 flex gap-3 -ml-2\" tabindex=\"0\">\n<div class=\"flex items-center justify-start rounded-xl p-1\">\n<div class=\"flex items-center\">\n<p>&nbsp;<\/p>\n<div class=\"flex\"><\/div>\n<p>&nbsp;<\/p>\n<div class=\"flex items-center pb-0\"><\/div>\n<\/div>\n<\/div>\n<\/div>\n","protected":false},"featured_media":68187,"comment_status":"closed","ping_status":"closed","template":"","meta":{"_lmt_disableupdate":"","_lmt_disable":""},"product_brand":[],"product_cat":[639,640],"product_tag":[],"woo-feed-brand":[],"class_list":{"0":"post-43255","1":"product","2":"type-product","3":"status-publish","4":"has-post-thumbnail","6":"product_cat-drausen","7":"product_cat-outdoor-zubehor","9":"first","10":"instock","11":"taxable","12":"shipping-taxable","13":"purchasable","14":"product-type-simple"},"_links":{"self":[{"href":"https:\/\/www.bojungle.eu\/de\/wp-json\/wp\/v2\/product\/43255","targetHints":{"allow":["GET"]}}],"collection":[{"href":"https:\/\/www.bojungle.eu\/de\/wp-json\/wp\/v2\/product"}],"about":[{"href":"https:\/\/www.bojungle.eu\/de\/wp-json\/wp\/v2\/types\/product"}],"replies":[{"embeddable":true,"href":"https:\/\/www.bojungle.eu\/de\/wp-json\/wp\/v2\/comments?post=43255"}],"version-history":[{"count":1,"href":"https:\/\/www.bojungle.eu\/de\/wp-json\/wp\/v2\/product\/43255\/revisions"}],"predecessor-version":[{"id":79328,"href":"https:\/\/www.bojungle.eu\/de\/wp-json\/wp\/v2\/product\/43255\/revisions\/79328"}],"wp:featuredmedia":[{"embeddable":true,"href":"https:\/\/www.bojungle.eu\/de\/wp-json\/wp\/v2\/media\/68187"}],"wp:attachment":[{"href":"https:\/\/www.bojungle.eu\/de\/wp-json\/wp\/v2\/media?parent=43255"}],"wp:term":[{"taxonomy":"product_brand","embeddable":true,"href":"https:\/\/www.bojungle.eu\/de\/wp-json\/wp\/v2\/product_brand?post=43255"},{"taxonomy":"product_cat","embeddable":true,"href":"https:\/\/www.bojungle.eu\/de\/wp-json\/wp\/v2\/product_cat?post=43255"},{"taxonomy":"product_tag","embeddable":true,"href":"https:\/\/www.bojungle.eu\/de\/wp-json\/wp\/v2\/product_tag?post=43255"},{"taxonomy":"woo-feed-brand","embeddable":true,"href":"https:\/\/www.bojungle.eu\/de\/wp-json\/wp\/v2\/woo-feed-brand?post=43255"}],"curies":[{"name":"wp","href":"https:\/\/api.w.org\/{rel}","templated":true}]}}