{"id":43367,"date":"2022-05-29T11:06:38","date_gmt":"2022-05-29T09:06:38","guid":{"rendered":"https:\/\/bojungle.eu\/shop\/product\/b-flaschenwaermer-superfast-digital-auto-und-zuhause-grau\/"},"modified":"2025-06-05T11:12:39","modified_gmt":"2025-06-05T09:12:39","slug":"b-flaschenwarmer-blume-grau","status":"publish","type":"product","link":"https:\/\/www.bojungle.eu\/de\/produkt\/b-flaschenwarmer-blume-grau\/","title":{"rendered":"B-Flaschenw\u00e4rmer Blume"},"content":{"rendered":"<p>Der Flaschenw\u00e4rmer Flower ist ein benutzerfreundlicher Dampf-Flaschenw\u00e4rmer, mit dem Sie die Fl\u00e4schchen und Gl\u00e4schen Ihres Babys aufw\u00e4rmen k\u00f6nnen<\/p>\n<ul>\n<li>Das Aufheizen einer 240-ml-Flasche dauert nur 3 Minuten und 30 Sekunden<\/li>\n<li>Ein optischer und akustischer Alarm zeigt an, wenn die Flasche hei\u00df ist<\/li>\n<li> Stoppt automatisch<\/li>\n<li>Im Lieferumfang enthaltenes Zubeh\u00f6r: Adapterring f\u00fcr kleinere Flaschen, Halter f\u00fcr Glas oder Flasche, Messbecher und Zange.<\/li>\n<\/ul>\n<p>&nbsp;<\/p>\n<table border=\"1\">\n<tbody>\n<tr>\n<td>Anleitung<\/td>\n<td><a href=\"https:\/\/www.bojungle.eu\/wp-content\/uploads\/2025\/06\/B500000-B-Bottle-Warmer-Flower-Grey-Manual.pdf\">Hier klicken<\/a><\/td>\n<\/tr>\n<\/tbody>\n<\/table>\n","protected":false},"excerpt":{"rendered":"<p>Entdecken Sie den Flaschenw\u00e4rmer Flower, Ihre ultimative L\u00f6sung, um die Fl\u00e4schchen und Gl\u00e4schen Ihres Babys m\u00fchelos zu erw\u00e4rmen. Dieser benutzerfreundliche Dampfflaschenw\u00e4rmer sorgt f\u00fcr ein schnelles und effizientes Erhitzen und dauert nur 3 Minuten und 30 Sekunden f\u00fcr eine 240-ml-Flasche. Ausgestattet mit optischen und akustischen Alarmen werden Sie benachrichtigt, wenn Ihre Flasche die perfekte Temperatur erreicht hat. Dar\u00fcber hinaus bietet die automatische Abschaltfunktion zus\u00e4tzliche Sicherheit und Sorgenfreiheit. Komplett mit wichtigem Zubeh\u00f6r wie einem Adaptionsring f\u00fcr kleinere Flaschen, einem Halter f\u00fcr Gl\u00e4ser oder Flaschen, einem Messbecher und einer Zange bietet der Flaschenw\u00e4rmer Flower Komfort in Ihrer Babypflegeroutine. Halten Sie die Mahlzeiten Ihres Kindes mit dem Flaschenw\u00e4rmer Flower warm und bereit.<\/p>\n<p>&nbsp;<\/p>\n","protected":false},"featured_media":65226,"comment_status":"closed","ping_status":"closed","template":"","meta":{"_lmt_disableupdate":"","_lmt_disable":""},"product_brand":[],"product_cat":[450,455],"product_tag":[],"woo-feed-brand":[],"class_list":{"0":"post-43367","1":"product","2":"type-product","3":"status-publish","4":"has-post-thumbnail","6":"product_cat-essen-trinken","7":"product_cat-zubereitung-von-mahlzeiten","9":"first","10":"instock","11":"taxable","12":"shipping-taxable","13":"purchasable","14":"product-type-simple"},"_links":{"self":[{"href":"https:\/\/www.bojungle.eu\/de\/wp-json\/wp\/v2\/product\/43367","targetHints":{"allow":["GET"]}}],"collection":[{"href":"https:\/\/www.bojungle.eu\/de\/wp-json\/wp\/v2\/product"}],"about":[{"href":"https:\/\/www.bojungle.eu\/de\/wp-json\/wp\/v2\/types\/product"}],"replies":[{"embeddable":true,"href":"https:\/\/www.bojungle.eu\/de\/wp-json\/wp\/v2\/comments?post=43367"}],"version-history":[{"count":2,"href":"https:\/\/www.bojungle.eu\/de\/wp-json\/wp\/v2\/product\/43367\/revisions"}],"predecessor-version":[{"id":80058,"href":"https:\/\/www.bojungle.eu\/de\/wp-json\/wp\/v2\/product\/43367\/revisions\/80058"}],"wp:featuredmedia":[{"embeddable":true,"href":"https:\/\/www.bojungle.eu\/de\/wp-json\/wp\/v2\/media\/65226"}],"wp:attachment":[{"href":"https:\/\/www.bojungle.eu\/de\/wp-json\/wp\/v2\/media?parent=43367"}],"wp:term":[{"taxonomy":"product_brand","embeddable":true,"href":"https:\/\/www.bojungle.eu\/de\/wp-json\/wp\/v2\/product_brand?post=43367"},{"taxonomy":"product_cat","embeddable":true,"href":"https:\/\/www.bojungle.eu\/de\/wp-json\/wp\/v2\/product_cat?post=43367"},{"taxonomy":"product_tag","embeddable":true,"href":"https:\/\/www.bojungle.eu\/de\/wp-json\/wp\/v2\/product_tag?post=43367"},{"taxonomy":"woo-feed-brand","embeddable":true,"href":"https:\/\/www.bojungle.eu\/de\/wp-json\/wp\/v2\/woo-feed-brand?post=43367"}],"curies":[{"name":"wp","href":"https:\/\/api.w.org\/{rel}","templated":true}]}}