{"id":43382,"date":"2022-05-29T11:07:35","date_gmt":"2022-05-29T09:07:35","guid":{"rendered":"https:\/\/bojungle.eu\/shop\/product\/b-flaschenwaermer-superfast-digital-home-grau\/"},"modified":"2024-01-11T15:54:07","modified_gmt":"2024-01-11T14:54:07","slug":"b-flaschenwarmer-superfast-digital-home-grey","status":"publish","type":"product","link":"https:\/\/www.bojungle.eu\/de\/produkt\/b-flaschenwarmer-superfast-digital-home-grey\/","title":{"rendered":"B-Flaschenw\u00e4rmer Superfast Digital Home (Grau)"},"content":{"rendered":"<ul>\n<li>Der gr\u00f6\u00dfte und schnellste Flaschenw\u00e4rmer auf dem Markt<\/li>\n<li>1 Minute 30 zum Erhitzen einer 240-ml-Flasche<\/li>\n<li>2 Minuten zum Erhitzen eines Glases Babynahrung<\/li>\n<li>Innendurchmesser von 8,5 cm<\/li>\n<li>Heizzeit konfigurierbar mit 10-Sekunden-Intervall<\/li>\n<li>Zeigt die verbleibende Heizzeit an<\/li>\n<li>Adapterring f\u00fcr kleine Flaschen<\/li>\n<li>Automatische Abschaltung, optischer und akustischer Alarm<\/li>\n<li>Messbecher f\u00fcr Wasser<\/li>\n<li>220V &#8211; 500 Watt<\/li>\n<\/ul>\n","protected":false},"excerpt":{"rendered":"<p>Der gr\u00f6\u00dfte und schnellste Flaschenw\u00e4rmer auf dem Markt<\/p>\n","protected":false},"featured_media":52997,"comment_status":"closed","ping_status":"closed","template":"","meta":{"_lmt_disableupdate":"","_lmt_disable":""},"product_brand":[],"product_cat":[450,455],"product_tag":[],"woo-feed-brand":[],"class_list":{"0":"post-43382","1":"product","2":"type-product","3":"status-publish","4":"has-post-thumbnail","6":"product_cat-essen-trinken","7":"product_cat-zubereitung-von-mahlzeiten","9":"first","10":"outofstock","11":"taxable","12":"shipping-taxable","13":"purchasable","14":"product-type-simple"},"_links":{"self":[{"href":"https:\/\/www.bojungle.eu\/de\/wp-json\/wp\/v2\/product\/43382","targetHints":{"allow":["GET"]}}],"collection":[{"href":"https:\/\/www.bojungle.eu\/de\/wp-json\/wp\/v2\/product"}],"about":[{"href":"https:\/\/www.bojungle.eu\/de\/wp-json\/wp\/v2\/types\/product"}],"replies":[{"embeddable":true,"href":"https:\/\/www.bojungle.eu\/de\/wp-json\/wp\/v2\/comments?post=43382"}],"version-history":[{"count":1,"href":"https:\/\/www.bojungle.eu\/de\/wp-json\/wp\/v2\/product\/43382\/revisions"}],"predecessor-version":[{"id":64226,"href":"https:\/\/www.bojungle.eu\/de\/wp-json\/wp\/v2\/product\/43382\/revisions\/64226"}],"wp:featuredmedia":[{"embeddable":true,"href":"https:\/\/www.bojungle.eu\/de\/wp-json\/wp\/v2\/media\/52997"}],"wp:attachment":[{"href":"https:\/\/www.bojungle.eu\/de\/wp-json\/wp\/v2\/media?parent=43382"}],"wp:term":[{"taxonomy":"product_brand","embeddable":true,"href":"https:\/\/www.bojungle.eu\/de\/wp-json\/wp\/v2\/product_brand?post=43382"},{"taxonomy":"product_cat","embeddable":true,"href":"https:\/\/www.bojungle.eu\/de\/wp-json\/wp\/v2\/product_cat?post=43382"},{"taxonomy":"product_tag","embeddable":true,"href":"https:\/\/www.bojungle.eu\/de\/wp-json\/wp\/v2\/product_tag?post=43382"},{"taxonomy":"woo-feed-brand","embeddable":true,"href":"https:\/\/www.bojungle.eu\/de\/wp-json\/wp\/v2\/woo-feed-brand?post=43382"}],"curies":[{"name":"wp","href":"https:\/\/api.w.org\/{rel}","templated":true}]}}