{"id":43397,"date":"2022-05-29T11:10:25","date_gmt":"2022-05-29T09:10:25","guid":{"rendered":"https:\/\/bojungle.eu\/shop\/product\/b-schalen-glas-weiss-grau-rosa-3stk\/"},"modified":"2025-04-09T11:33:14","modified_gmt":"2025-04-09T09:33:14","slug":"b-schalen-glas-weis-grau-rosa-3stk","status":"publish","type":"product","link":"https:\/\/www.bojungle.eu\/de\/produkt\/b-schalen-glas-weis-grau-rosa-3stk\/","title":{"rendered":"B-Schalen Glas Wei\u00df-Grau-Rosa (3Stk)"},"content":{"rendered":"<p class=\"\" data-start=\"143\" data-end=\"427\">Dieses Set aus 3 Beh\u00e4ltern zur Aufbewahrung von Babynahrung wurde speziell f\u00fcr Ihr Kind entwickelt und bietet eine sichere, praktische und umweltfreundliche L\u00f6sung f\u00fcr die Aufbewahrung von selbst gemachtem P\u00fcree, Snacks und Mahlzeiten. Aus hochwertigem Borosilikatglas hergestellt, sind sie robust, temperaturbest\u00e4ndig und perfekt f\u00fcr vielbesch\u00e4ftigte Eltern. <\/p>\n<p class=\"\" data-start=\"429\" data-end=\"455\"><strong data-start=\"429\" data-end=\"455\">Warum Eltern sie lieben:<\/strong><\/p>\n<ul data-start=\"456\" data-end=\"959\">\n<li class=\"\" data-start=\"456\" data-end=\"549\">\n<p class=\"\" data-start=\"458\" data-end=\"549\"><strong data-start=\"458\" data-end=\"489\">100% auslaufsicher &amp; Luftdicht: <\/strong>Mit einer sicheren, hermetischen Versiegelung bleiben Lebensmittel frisch und sauber.<\/p>\n<\/li>\n<li class=\"\" data-start=\"550\" data-end=\"663\">\n<p class=\"\" data-start=\"552\" data-end=\"663\"><strong data-start=\"552\" data-end=\"576\">Babysichere Materialien:<\/strong> Hochwertiges Borosilikatglas ist ungiftig, geruchsresistent und frei von sch\u00e4dlichen Chemikalien.<\/p>\n<\/li>\n<li class=\"\" data-start=\"664\" data-end=\"848\">\n<p class=\"\" data-start=\"666\" data-end=\"685\"><strong data-start=\"666\" data-end=\"684\">Vielseitiger Einsatz<\/strong><\/p>\n<\/li>\n<li class=\"\" data-start=\"849\" data-end=\"959\">\n<p class=\"\" data-start=\"851\" data-end=\"959\"><strong data-start=\"851\" data-end=\"868\">Perfekte Gr\u00f6\u00dfe: <\/strong>Jeder Beh\u00e4lter fasst 360 ml &#8211; ideal f\u00fcr die Zubereitung von Babynahrung oder die Aufbewahrung von Mahlzeiten f\u00fcr Kleinkinder.<\/p>\n<\/li>\n<\/ul>\n<p class=\"\" data-start=\"961\" data-end=\"1100\">Vom Einfrieren kleiner Portionen bis zum Aufw\u00e4rmen von Resten sind diese Beh\u00e4lter der perfekte Begleiter f\u00fcr jede Phase der Nahrungsaufnahme Ihres Babys.<\/p>\n","protected":false},"excerpt":{"rendered":"<article class=\"text-token-text-primary w-full\" dir=\"auto\" data-testid=\"conversation-turn-6\" data-scroll-anchor=\"true\">\n<div class=\"text-base my-auto mx-auto py-5 [--thread-content-margin:--spacing(4)] @[37rem]:[--thread-content-margin:--spacing(6)] @[70rem]:[--thread-content-margin:--spacing(12)] px-(--thread-content-margin)\">\n<div class=\"[--thread-content-max-width:32rem] @[34rem]:[--thread-content-max-width:40rem] @[64rem]:[--thread-content-max-width:48rem] mx-auto flex max-w-(--thread-content-max-width) flex-1 text-base gap-4 md:gap-5 lg:gap-6 group\/turn-messages focus-visible:outline-hidden\" tabindex=\"-1\">\n<div class=\"group\/conversation-turn relative flex w-full min-w-0 flex-col agent-turn\">\n<div class=\"relative flex-col gap-1 md:gap-3\">\n<div class=\"flex max-w-full flex-col grow\">\n<div class=\"min-h-8 text-message relative flex w-full flex-col items-end gap-2 text-start break-words whitespace-normal [.text-message+&amp;]:mt-5\" dir=\"auto\" data-message-author-role=\"assistant\" data-message-id=\"96df15f7-760b-43ea-9a88-c295badfdb09\" data-message-model-slug=\"gpt-4o\">\n<div class=\"flex w-full flex-col gap-1 empty:hidden first:pt-[3px]\">\n<div class=\"markdown prose dark:prose-invert w-full break-words light\">\n<p class=\"\" data-start=\"98\" data-end=\"420\">Mit diesen Beh\u00e4ltern aus hochwertigem Borosilikatglas bleiben die Mahlzeiten Ihres Babys frisch und sicher. Sie sind 100% auslaufsicher und luftdicht und eignen sich perfekt zum Aufbewahren, Einfrieren, Aufw\u00e4rmen und Servieren von selbstgemachter Babynahrung. Mikrowelle, Backofen (bis zu 600\u00b0C, ohne Deckel), Gefrierschrank und Sp\u00fclmaschine. Leicht zu sterilisieren &#8211; f\u00fcr besch\u00e4ftigte, gesundheitsbewusste Eltern.   <\/p>\n<\/div>\n<\/div>\n<\/div>\n<\/div>\n<\/div>\n<div class=\"absolute\">\n<div class=\"flex items-center justify-center\"><\/div>\n<\/div>\n<\/div>\n<\/div>\n<\/div>\n<\/article>\n<div class=\"pointer-events-none h-px w-px\" aria-hidden=\"true\" data-edge=\"true\"><\/div>\n","protected":false},"featured_media":69832,"comment_status":"closed","ping_status":"closed","template":"","meta":{"_lmt_disableupdate":"","_lmt_disable":""},"product_brand":[],"product_cat":[450,455],"product_tag":[],"woo-feed-brand":[],"class_list":{"0":"post-43397","1":"product","2":"type-product","3":"status-publish","4":"has-post-thumbnail","6":"product_cat-essen-trinken","7":"product_cat-zubereitung-von-mahlzeiten","9":"first","10":"instock","11":"taxable","12":"shipping-taxable","13":"purchasable","14":"product-type-simple"},"_links":{"self":[{"href":"https:\/\/www.bojungle.eu\/de\/wp-json\/wp\/v2\/product\/43397","targetHints":{"allow":["GET"]}}],"collection":[{"href":"https:\/\/www.bojungle.eu\/de\/wp-json\/wp\/v2\/product"}],"about":[{"href":"https:\/\/www.bojungle.eu\/de\/wp-json\/wp\/v2\/types\/product"}],"replies":[{"embeddable":true,"href":"https:\/\/www.bojungle.eu\/de\/wp-json\/wp\/v2\/comments?post=43397"}],"version-history":[{"count":1,"href":"https:\/\/www.bojungle.eu\/de\/wp-json\/wp\/v2\/product\/43397\/revisions"}],"predecessor-version":[{"id":79560,"href":"https:\/\/www.bojungle.eu\/de\/wp-json\/wp\/v2\/product\/43397\/revisions\/79560"}],"wp:featuredmedia":[{"embeddable":true,"href":"https:\/\/www.bojungle.eu\/de\/wp-json\/wp\/v2\/media\/69832"}],"wp:attachment":[{"href":"https:\/\/www.bojungle.eu\/de\/wp-json\/wp\/v2\/media?parent=43397"}],"wp:term":[{"taxonomy":"product_brand","embeddable":true,"href":"https:\/\/www.bojungle.eu\/de\/wp-json\/wp\/v2\/product_brand?post=43397"},{"taxonomy":"product_cat","embeddable":true,"href":"https:\/\/www.bojungle.eu\/de\/wp-json\/wp\/v2\/product_cat?post=43397"},{"taxonomy":"product_tag","embeddable":true,"href":"https:\/\/www.bojungle.eu\/de\/wp-json\/wp\/v2\/product_tag?post=43397"},{"taxonomy":"woo-feed-brand","embeddable":true,"href":"https:\/\/www.bojungle.eu\/de\/wp-json\/wp\/v2\/woo-feed-brand?post=43397"}],"curies":[{"name":"wp","href":"https:\/\/api.w.org\/{rel}","templated":true}]}}