{"id":43403,"date":"2022-05-29T11:10:38","date_gmt":"2022-05-29T09:10:38","guid":{"rendered":"https:\/\/bojungle.eu\/shop\/product\/b-schalen-300ml-6-stueck-grau-weiss-tuerkis\/"},"modified":"2022-05-29T11:10:38","modified_gmt":"2022-05-29T11:10:38","slug":"b-schalen-300ml-6-teilig-grau-weis-turkis","status":"publish","type":"product","link":"https:\/\/www.bojungle.eu\/de\/produkt\/b-schalen-300ml-6-teilig-grau-weis-turkis\/","title":{"rendered":"B-Schalen 300ml (6 St\u00fcck) (Grau &#8211; Wei\u00df &#8211; T\u00fcrkis)"},"content":{"rendered":"<ul>\n<li>6 Vorratsbeh\u00e4lter f\u00fcr Lebensmittel<\/li>\n<li>100% hermetisch schlie\u00dfen<\/li>\n<li>Kann in der Mikrowelle (Deckel abnehmen), im Gefrierschrank und im K\u00fchlschrank verwendet werden<\/li>\n<li>Sp\u00fclmaschinentauglich<\/li>\n<li>Kann sterilisiert werden (Kaltsterilisation)<\/li>\n<li>Inhalt: 300 ml<\/li>\n<li>Satz 300 ml: 2 x T\u00fcrkis &#8211; 2 x Taupe &#8211; 2 x Wei\u00df<\/li>\n<\/ul>\n","protected":false},"excerpt":{"rendered":"<p>6 Vorratsbeh\u00e4lter f\u00fcr Lebensmittel<\/p>\n","protected":false},"featured_media":72640,"comment_status":"closed","ping_status":"closed","template":"","meta":{"_lmt_disableupdate":"","_lmt_disable":""},"product_brand":[],"product_cat":[450,455],"product_tag":[],"woo-feed-brand":[],"class_list":{"0":"post-43403","1":"product","2":"type-product","3":"status-publish","4":"has-post-thumbnail","6":"product_cat-essen-trinken","7":"product_cat-zubereitung-von-mahlzeiten","9":"first","10":"instock","11":"taxable","12":"shipping-taxable","13":"purchasable","14":"product-type-simple"},"_links":{"self":[{"href":"https:\/\/www.bojungle.eu\/de\/wp-json\/wp\/v2\/product\/43403","targetHints":{"allow":["GET"]}}],"collection":[{"href":"https:\/\/www.bojungle.eu\/de\/wp-json\/wp\/v2\/product"}],"about":[{"href":"https:\/\/www.bojungle.eu\/de\/wp-json\/wp\/v2\/types\/product"}],"replies":[{"embeddable":true,"href":"https:\/\/www.bojungle.eu\/de\/wp-json\/wp\/v2\/comments?post=43403"}],"version-history":[{"count":0,"href":"https:\/\/www.bojungle.eu\/de\/wp-json\/wp\/v2\/product\/43403\/revisions"}],"wp:featuredmedia":[{"embeddable":true,"href":"https:\/\/www.bojungle.eu\/de\/wp-json\/wp\/v2\/media\/72640"}],"wp:attachment":[{"href":"https:\/\/www.bojungle.eu\/de\/wp-json\/wp\/v2\/media?parent=43403"}],"wp:term":[{"taxonomy":"product_brand","embeddable":true,"href":"https:\/\/www.bojungle.eu\/de\/wp-json\/wp\/v2\/product_brand?post=43403"},{"taxonomy":"product_cat","embeddable":true,"href":"https:\/\/www.bojungle.eu\/de\/wp-json\/wp\/v2\/product_cat?post=43403"},{"taxonomy":"product_tag","embeddable":true,"href":"https:\/\/www.bojungle.eu\/de\/wp-json\/wp\/v2\/product_tag?post=43403"},{"taxonomy":"woo-feed-brand","embeddable":true,"href":"https:\/\/www.bojungle.eu\/de\/wp-json\/wp\/v2\/woo-feed-brand?post=43403"}],"curies":[{"name":"wp","href":"https:\/\/api.w.org\/{rel}","templated":true}]}}