{"id":43416,"date":"2022-05-29T11:03:34","date_gmt":"2022-05-29T09:03:34","guid":{"rendered":"https:\/\/bojungle.eu\/shop\/product\/b-kindersitz-rosa\/"},"modified":"2022-05-29T11:03:34","modified_gmt":"2022-05-29T11:03:34","slug":"b-booster-sitz-rosa","status":"publish","type":"product","link":"https:\/\/www.bojungle.eu\/de\/produkt\/b-booster-sitz-rosa\/","title":{"rendered":"B-Kindersitz Rosa"},"content":{"rendered":"<ul>\n<li>Unterhalten Sie Ihr Baby, w\u00e4hrend es isst!<\/li>\n<li>Herausnehmbares, sp\u00fclmaschinenfestes Tablett<\/li>\n<li>Herausnehmbarer Tablett-Einsatz, leicht zu reinigen<\/li>\n<li>L\u00e4sst sich leicht an den meisten Erwachsenenst\u00fchlen befestigen<\/li>\n<li>Leicht auf Reisen mitzunehmen<\/li>\n<li>W\u00e4chst mit dem Baby: die F\u00fc\u00dfe sind in 3 verschiedenen H\u00f6hen verstellbar<\/li>\n<li>Anti-Rutsch-F\u00fc\u00dfe<\/li>\n<li>3-Punkt-Sicherheitsgurte<\/li>\n<li>2 ansprechende Spielzeuge f\u00fcr die Unterhaltung des Babys<\/li>\n<li>Erh\u00e4ltlich in 3 Farben<\/li>\n<li>Empfohlen 0-3 Jahre alt<\/li>\n<\/ul>\n","protected":false},"excerpt":{"rendered":"<p>Unterhalten Sie Ihr Baby, w\u00e4hrend es isst!<\/p>\n","protected":false},"featured_media":75383,"comment_status":"closed","ping_status":"closed","template":"","meta":{"_lmt_disableupdate":"","_lmt_disable":""},"product_brand":[],"product_cat":[450,658,1340],"product_tag":[],"woo-feed-brand":[],"class_list":{"0":"post-43416","1":"product","2":"type-product","3":"status-publish","4":"has-post-thumbnail","6":"product_cat-essen-trinken","7":"product_cat-hochstuhle-und-kindersitze","8":"product_cat-sale-de","10":"first","11":"instock","12":"sale","13":"taxable","14":"shipping-taxable","15":"purchasable","16":"product-type-simple"},"_links":{"self":[{"href":"https:\/\/www.bojungle.eu\/de\/wp-json\/wp\/v2\/product\/43416","targetHints":{"allow":["GET"]}}],"collection":[{"href":"https:\/\/www.bojungle.eu\/de\/wp-json\/wp\/v2\/product"}],"about":[{"href":"https:\/\/www.bojungle.eu\/de\/wp-json\/wp\/v2\/types\/product"}],"replies":[{"embeddable":true,"href":"https:\/\/www.bojungle.eu\/de\/wp-json\/wp\/v2\/comments?post=43416"}],"version-history":[{"count":0,"href":"https:\/\/www.bojungle.eu\/de\/wp-json\/wp\/v2\/product\/43416\/revisions"}],"wp:featuredmedia":[{"embeddable":true,"href":"https:\/\/www.bojungle.eu\/de\/wp-json\/wp\/v2\/media\/75383"}],"wp:attachment":[{"href":"https:\/\/www.bojungle.eu\/de\/wp-json\/wp\/v2\/media?parent=43416"}],"wp:term":[{"taxonomy":"product_brand","embeddable":true,"href":"https:\/\/www.bojungle.eu\/de\/wp-json\/wp\/v2\/product_brand?post=43416"},{"taxonomy":"product_cat","embeddable":true,"href":"https:\/\/www.bojungle.eu\/de\/wp-json\/wp\/v2\/product_cat?post=43416"},{"taxonomy":"product_tag","embeddable":true,"href":"https:\/\/www.bojungle.eu\/de\/wp-json\/wp\/v2\/product_tag?post=43416"},{"taxonomy":"woo-feed-brand","embeddable":true,"href":"https:\/\/www.bojungle.eu\/de\/wp-json\/wp\/v2\/woo-feed-brand?post=43416"}],"curies":[{"name":"wp","href":"https:\/\/api.w.org\/{rel}","templated":true}]}}