{"id":43537,"date":"2022-05-29T10:45:57","date_gmt":"2022-05-29T08:45:57","guid":{"rendered":"https:\/\/bojungle.eu\/shop\/product\/b-bib-oekologischer-schwammbaer-gruen-blau\/"},"modified":"2022-05-29T10:45:57","modified_gmt":"2022-05-29T10:45:57","slug":"b-bib-okologischer-schwamm-bar-grun-blau","status":"publish","type":"product","link":"https:\/\/www.bojungle.eu\/de\/produkt\/b-bib-okologischer-schwamm-bar-grun-blau\/","title":{"rendered":"B-Bib \u00d6kologischer Schwammb\u00e4r Gr\u00fcn\/Blau"},"content":{"rendered":"<ul>\n<li>Keine Flecken mehr auf der Kleidung! Unsere Frottee-L\u00e4tzchen mit Druckknopfverschluss sind aus 100% Bio-Baumwolle hergestellt. Sie sind weich, absorbieren gut und sind extrem niedlich! F\u00fcr jeden etwas!<\/li>\n<li>Abmessungen: 26,5 x 49,5 cm<\/li>\n<li>Baumwolle : 100% Biobaumwolle 450 GSM<\/li>\n<\/ul>\n","protected":false},"excerpt":{"rendered":"<p>Keine Flecken mehr auf der Kleidung! Unsere Frottee-L\u00e4tzchen mit Druckknopfverschluss sind aus 100% Bio-Baumwolle hergestellt. Sie sind weich, absorbieren gut und sind extrem niedlich! F\u00fcr jeden etwas!<\/p>\n<p>&nbsp;<\/p>\n","protected":false},"featured_media":72811,"comment_status":"closed","ping_status":"closed","template":"","meta":{"_lmt_disableupdate":"","_lmt_disable":""},"product_brand":[],"product_cat":[450,555],"product_tag":[],"woo-feed-brand":[],"class_list":{"0":"post-43537","1":"product","2":"type-product","3":"status-publish","4":"has-post-thumbnail","6":"product_cat-essen-trinken","7":"product_cat-zeit-zum-abendessen","9":"first","10":"instock","11":"taxable","12":"shipping-taxable","13":"purchasable","14":"product-type-simple"},"_links":{"self":[{"href":"https:\/\/www.bojungle.eu\/de\/wp-json\/wp\/v2\/product\/43537","targetHints":{"allow":["GET"]}}],"collection":[{"href":"https:\/\/www.bojungle.eu\/de\/wp-json\/wp\/v2\/product"}],"about":[{"href":"https:\/\/www.bojungle.eu\/de\/wp-json\/wp\/v2\/types\/product"}],"replies":[{"embeddable":true,"href":"https:\/\/www.bojungle.eu\/de\/wp-json\/wp\/v2\/comments?post=43537"}],"version-history":[{"count":0,"href":"https:\/\/www.bojungle.eu\/de\/wp-json\/wp\/v2\/product\/43537\/revisions"}],"wp:featuredmedia":[{"embeddable":true,"href":"https:\/\/www.bojungle.eu\/de\/wp-json\/wp\/v2\/media\/72811"}],"wp:attachment":[{"href":"https:\/\/www.bojungle.eu\/de\/wp-json\/wp\/v2\/media?parent=43537"}],"wp:term":[{"taxonomy":"product_brand","embeddable":true,"href":"https:\/\/www.bojungle.eu\/de\/wp-json\/wp\/v2\/product_brand?post=43537"},{"taxonomy":"product_cat","embeddable":true,"href":"https:\/\/www.bojungle.eu\/de\/wp-json\/wp\/v2\/product_cat?post=43537"},{"taxonomy":"product_tag","embeddable":true,"href":"https:\/\/www.bojungle.eu\/de\/wp-json\/wp\/v2\/product_tag?post=43537"},{"taxonomy":"woo-feed-brand","embeddable":true,"href":"https:\/\/www.bojungle.eu\/de\/wp-json\/wp\/v2\/woo-feed-brand?post=43537"}],"curies":[{"name":"wp","href":"https:\/\/api.w.org\/{rel}","templated":true}]}}