{"id":43557,"date":"2022-05-29T10:42:45","date_gmt":"2022-05-29T08:42:45","guid":{"rendered":"https:\/\/bojungle.eu\/shop\/product\/b-biegsamer-loeffel-und-gabel-grau\/"},"modified":"2022-05-29T10:42:45","modified_gmt":"2022-05-29T10:42:45","slug":"b-biegsamer-loffel-und-gabel-grau","status":"publish","type":"product","link":"https:\/\/www.bojungle.eu\/de\/produkt\/b-biegsamer-loffel-und-gabel-grau\/","title":{"rendered":"B- Biegsamer L\u00f6ffel und Gabel Grau"},"content":{"rendered":"<ul>\n<li>Das perfekte Besteck f\u00fcr Kleinkinder, die lernen, selbstst\u00e4ndig zu essen<\/li>\n<li>Die Gabel und der L\u00f6ffel k\u00f6nnen in die gew\u00fcnschte Richtung gebogen werden, so dass Ihr Kleinkind leichter selbst essen kann<\/li>\n<li>Die Gabel hat abgerundete Spitzen, damit sich Kleinkinder beim Essen nicht verletzen k\u00f6nnen<\/li>\n<li>Sp\u00fclmaschinentauglich<\/li>\n<\/ul>\n","protected":false},"excerpt":{"rendered":"<p>Das perfekte Besteck f\u00fcr Kleinkinder, die lernen, selbstst\u00e4ndig zu essen<\/p>\n","protected":false},"featured_media":52280,"comment_status":"closed","ping_status":"closed","template":"","meta":{"_lmt_disableupdate":"","_lmt_disable":""},"product_brand":[],"product_cat":[450,555],"product_tag":[],"woo-feed-brand":[],"class_list":{"0":"post-43557","1":"product","2":"type-product","3":"status-publish","4":"has-post-thumbnail","6":"product_cat-essen-trinken","7":"product_cat-zeit-zum-abendessen","9":"first","10":"instock","11":"taxable","12":"shipping-taxable","13":"purchasable","14":"product-type-simple"},"_links":{"self":[{"href":"https:\/\/www.bojungle.eu\/de\/wp-json\/wp\/v2\/product\/43557","targetHints":{"allow":["GET"]}}],"collection":[{"href":"https:\/\/www.bojungle.eu\/de\/wp-json\/wp\/v2\/product"}],"about":[{"href":"https:\/\/www.bojungle.eu\/de\/wp-json\/wp\/v2\/types\/product"}],"replies":[{"embeddable":true,"href":"https:\/\/www.bojungle.eu\/de\/wp-json\/wp\/v2\/comments?post=43557"}],"version-history":[{"count":0,"href":"https:\/\/www.bojungle.eu\/de\/wp-json\/wp\/v2\/product\/43557\/revisions"}],"wp:featuredmedia":[{"embeddable":true,"href":"https:\/\/www.bojungle.eu\/de\/wp-json\/wp\/v2\/media\/52280"}],"wp:attachment":[{"href":"https:\/\/www.bojungle.eu\/de\/wp-json\/wp\/v2\/media?parent=43557"}],"wp:term":[{"taxonomy":"product_brand","embeddable":true,"href":"https:\/\/www.bojungle.eu\/de\/wp-json\/wp\/v2\/product_brand?post=43557"},{"taxonomy":"product_cat","embeddable":true,"href":"https:\/\/www.bojungle.eu\/de\/wp-json\/wp\/v2\/product_cat?post=43557"},{"taxonomy":"product_tag","embeddable":true,"href":"https:\/\/www.bojungle.eu\/de\/wp-json\/wp\/v2\/product_tag?post=43557"},{"taxonomy":"woo-feed-brand","embeddable":true,"href":"https:\/\/www.bojungle.eu\/de\/wp-json\/wp\/v2\/woo-feed-brand?post=43557"}],"curies":[{"name":"wp","href":"https:\/\/api.w.org\/{rel}","templated":true}]}}