{"id":43639,"date":"2022-05-29T10:35:47","date_gmt":"2022-05-29T08:35:47","guid":{"rendered":"https:\/\/bojungle.eu\/shop\/product\/b-bathcape-oekologischer-schwamm-baer-blau-gruen\/"},"modified":"2022-05-29T10:35:47","modified_gmt":"2022-05-29T10:35:47","slug":"b-badelandschaft-okologischer-schwamm-bar-blau-grun","status":"publish","type":"product","link":"https:\/\/www.bojungle.eu\/de\/produkt\/b-badelandschaft-okologischer-schwamm-bar-blau-grun\/","title":{"rendered":"B-Bathcape \u00d6kologischer Schwamm B\u00e4r Blau\/Gr\u00fcn"},"content":{"rendered":"<ul>\n<li>Der Faktor Ber\u00fchrbarkeit wird immer gr\u00f6\u00dfer! Die Umh\u00e4nge mit einzigartigen Designs haben immer eine Kapuze, damit der Kopf Ihres Babys sch\u00f6n warm bleibt, sobald es aus der Badewanne kommt. Die Badeumh\u00e4nge sind aus 100% Bio-Baumwolle hergestellt. Sie sind weich, absorbieren gut und sind sehr niedlich.<\/li>\n<li>Abmessungen: 90 x 90 cm<\/li>\n<li>Biobaumwolle: 450 GSM<\/li>\n<\/ul>\n","protected":false},"excerpt":{"rendered":"<p>Der Faktor Ber\u00fchrbarkeit wird immer gr\u00f6\u00dfer! Die Umh\u00e4nge mit einzigartigen Designs haben immer eine Kapuze, damit der Kopf Ihres Babys sch\u00f6n warm bleibt, sobald es aus der Badewanne kommt. Die Badeumh\u00e4nge sind aus 100% Bio-Baumwolle hergestellt. Sie sind weich, absorbieren gut und sind sehr niedlich.<\/p>\n","protected":false},"featured_media":51950,"comment_status":"closed","ping_status":"closed","template":"","meta":{"_lmt_disableupdate":"","_lmt_disable":""},"product_brand":[],"product_cat":[814,514],"product_tag":[],"woo-feed-brand":[],"class_list":{"0":"post-43639","1":"product","2":"type-product","3":"status-publish","4":"has-post-thumbnail","6":"product_cat-badekappen","7":"product_cat-korperpflege","9":"first","10":"instock","11":"taxable","12":"shipping-taxable","13":"purchasable","14":"product-type-simple"},"_links":{"self":[{"href":"https:\/\/www.bojungle.eu\/de\/wp-json\/wp\/v2\/product\/43639","targetHints":{"allow":["GET"]}}],"collection":[{"href":"https:\/\/www.bojungle.eu\/de\/wp-json\/wp\/v2\/product"}],"about":[{"href":"https:\/\/www.bojungle.eu\/de\/wp-json\/wp\/v2\/types\/product"}],"replies":[{"embeddable":true,"href":"https:\/\/www.bojungle.eu\/de\/wp-json\/wp\/v2\/comments?post=43639"}],"version-history":[{"count":0,"href":"https:\/\/www.bojungle.eu\/de\/wp-json\/wp\/v2\/product\/43639\/revisions"}],"wp:featuredmedia":[{"embeddable":true,"href":"https:\/\/www.bojungle.eu\/de\/wp-json\/wp\/v2\/media\/51950"}],"wp:attachment":[{"href":"https:\/\/www.bojungle.eu\/de\/wp-json\/wp\/v2\/media?parent=43639"}],"wp:term":[{"taxonomy":"product_brand","embeddable":true,"href":"https:\/\/www.bojungle.eu\/de\/wp-json\/wp\/v2\/product_brand?post=43639"},{"taxonomy":"product_cat","embeddable":true,"href":"https:\/\/www.bojungle.eu\/de\/wp-json\/wp\/v2\/product_cat?post=43639"},{"taxonomy":"product_tag","embeddable":true,"href":"https:\/\/www.bojungle.eu\/de\/wp-json\/wp\/v2\/product_tag?post=43639"},{"taxonomy":"woo-feed-brand","embeddable":true,"href":"https:\/\/www.bojungle.eu\/de\/wp-json\/wp\/v2\/woo-feed-brand?post=43639"}],"curies":[{"name":"wp","href":"https:\/\/api.w.org\/{rel}","templated":true}]}}