{"id":43694,"date":"2022-05-29T10:34:57","date_gmt":"2022-05-29T08:34:57","guid":{"rendered":"https:\/\/bojungle.eu\/shop\/product\/b-badeschaumformen-36-stueck\/"},"modified":"2024-04-15T16:46:12","modified_gmt":"2024-04-15T14:46:12","slug":"b-bad-schaum-formen-36-teilig","status":"publish","type":"product","link":"https:\/\/www.bojungle.eu\/de\/produkt\/b-bad-schaum-formen-36-teilig\/","title":{"rendered":"B-Badeschaumformen (36 St\u00fcck)"},"content":{"rendered":"<p>Mit unseren B-Bath Foam Shapes ist der Spa\u00df vorprogrammiert! Mit sage und schreibe 36 verschiedenen Formen und Farben wird die Badezeit jetzt noch aufregender. Ihr Kind kann sie auf Fliesen oder die Badewanne kleben, um noch mehr Spielm\u00f6glichkeiten zu haben. Stellen Sie sich vor, Sie bauen eine Wand voller Schaumstoffformen &#8211; die M\u00f6glichkeiten sind endlos! Und keine Sorge, diese Schaumstoffformen sind super sicher und entsprechen den europ\u00e4ischen Qualit\u00e4tsstandards. Warum sollten Sie sich also mit einem langweiligen Bad zufrieden geben, wenn Sie mit unseren B-Bath Foam Shapes f\u00fcr Abwechslung sorgen k\u00f6nnen? Das Abenteuer kann beginnen!  <\/p>\n","protected":false},"excerpt":{"rendered":"<div class=\"w-full text-token-text-primary\" dir=\"auto\" data-testid=\"conversation-turn-5\">\n<div class=\"px-4 py-2 justify-center text-base md:gap-6 m-auto\">\n<div class=\"flex flex-1 text-base mx-auto gap-3 juice:gap-4 juice:md:gap-6 md:px-5 lg:px-1 xl:px-5 md:max-w-3xl lg:max-w-[40rem] xl:max-w-[48rem] group\">\n<div class=\"relative flex w-full flex-col agent-turn\">\n<div class=\"flex-col gap-1 md:gap-3\">\n<div class=\"flex flex-grow flex-col max-w-full\">\n<div class=\"min-h-[20px] text-message flex flex-col items-start gap-3 whitespace-pre-wrap break-words [.text-message+&amp;]:mt-5 overflow-x-auto\" dir=\"auto\" data-message-author-role=\"assistant\" data-message-id=\"f0d0dcbb-d22c-4ec2-983d-4ad5d7971b3e\">\n<div class=\"markdown prose w-full break-words dark:prose-invert light\">\n<p>Entdecken Sie unsere Badeschaum-Formen! Mit 36 verschiedenen Formen und Farben machen sie das Baden zu einem Riesenspa\u00df. Dein Kind kann sie auf Fliesen oder in die Wanne kleben, um noch mehr Spielm\u00f6glichkeiten zu haben. Au\u00dferdem sind sie super sicher und entsprechen den europ\u00e4ischen Normen. Lassen Sie also Ihrer Fantasie freien Lauf und genie\u00dfen Sie die Badezeit wie nie zuvor!    <\/p>\n<\/div>\n<\/div>\n<\/div>\n<\/div>\n<\/div>\n<\/div>\n<\/div>\n<\/div>\n","protected":false},"featured_media":73691,"comment_status":"closed","ping_status":"closed","template":"","meta":{"_lmt_disableupdate":"","_lmt_disable":""},"product_brand":[],"product_cat":[515,514,453],"product_tag":[],"woo-feed-brand":[],"class_list":{"0":"post-43694","1":"product","2":"type-product","3":"status-publish","4":"has-post-thumbnail","6":"product_cat-badespielzeug","7":"product_cat-korperpflege","8":"product_cat-spielzeit","10":"first","11":"instock","12":"taxable","13":"shipping-taxable","14":"purchasable","15":"product-type-simple"},"_links":{"self":[{"href":"https:\/\/www.bojungle.eu\/de\/wp-json\/wp\/v2\/product\/43694","targetHints":{"allow":["GET"]}}],"collection":[{"href":"https:\/\/www.bojungle.eu\/de\/wp-json\/wp\/v2\/product"}],"about":[{"href":"https:\/\/www.bojungle.eu\/de\/wp-json\/wp\/v2\/types\/product"}],"replies":[{"embeddable":true,"href":"https:\/\/www.bojungle.eu\/de\/wp-json\/wp\/v2\/comments?post=43694"}],"version-history":[{"count":1,"href":"https:\/\/www.bojungle.eu\/de\/wp-json\/wp\/v2\/product\/43694\/revisions"}],"predecessor-version":[{"id":73791,"href":"https:\/\/www.bojungle.eu\/de\/wp-json\/wp\/v2\/product\/43694\/revisions\/73791"}],"wp:featuredmedia":[{"embeddable":true,"href":"https:\/\/www.bojungle.eu\/de\/wp-json\/wp\/v2\/media\/73691"}],"wp:attachment":[{"href":"https:\/\/www.bojungle.eu\/de\/wp-json\/wp\/v2\/media?parent=43694"}],"wp:term":[{"taxonomy":"product_brand","embeddable":true,"href":"https:\/\/www.bojungle.eu\/de\/wp-json\/wp\/v2\/product_brand?post=43694"},{"taxonomy":"product_cat","embeddable":true,"href":"https:\/\/www.bojungle.eu\/de\/wp-json\/wp\/v2\/product_cat?post=43694"},{"taxonomy":"product_tag","embeddable":true,"href":"https:\/\/www.bojungle.eu\/de\/wp-json\/wp\/v2\/product_tag?post=43694"},{"taxonomy":"woo-feed-brand","embeddable":true,"href":"https:\/\/www.bojungle.eu\/de\/wp-json\/wp\/v2\/woo-feed-brand?post=43694"}],"curies":[{"name":"wp","href":"https:\/\/api.w.org\/{rel}","templated":true}]}}