{"id":43745,"date":"2022-05-29T10:31:09","date_gmt":"2022-05-29T08:31:09","guid":{"rendered":"https:\/\/bojungle.eu\/shop\/product\/b-bad-baer-pastellblau\/"},"modified":"2025-05-26T15:26:23","modified_gmt":"2025-05-26T13:26:23","slug":"b-bat-bear-pastell-blau","status":"publish","type":"product","link":"https:\/\/www.bojungle.eu\/de\/produkt\/b-bat-bear-pastell-blau\/","title":{"rendered":"Badeb\u00e4r Pastellblau"},"content":{"rendered":"<p>Entdecken Sie den Badeb\u00e4r Pastellblau &#8211; den neuen Lieblingsbadefreund Ihres Babys! Mit dem niedlichen B\u00e4renohr-Design und der bequemen Form macht das Baden gleich viel mehr Spa\u00df.<\/p>\n<p>Diese Babywanne wird mit einem praktischen Badewannenverkleinerer geliefert, der perfekt f\u00fcr Neugeborene ist und sie mit Saugn\u00e4pfen sicher h\u00e4lt. Und wenn es Zeit ist, das Wasser abzulassen, \u00f6ffnen Sie einfach den Ablassdeckel, um die Wanne schnell und einfach zu reinigen. <\/p>\n<p>Au\u00dferdem haben wir eine abnehmbare Seifenschale aus umweltfreundlichem Silikon integriert, damit Sie alle Ihre Badeutensilien immer griffbereit haben &#8211; ohne viel Aufhebens. Und Sie k\u00f6nnen sicher sein, dass der Badeb\u00e4r Pastellblau BPA-frei ist, damit Ihre Kleinen bei ihren Spritzabenteuern sicher sind.<\/p>\n<table border=\"1\">\n<tbody>\n<tr>\n<td>Anleitung<\/td>\n<td><a href=\"https:\/\/www.bojungle.eu\/wp-content\/uploads\/2025\/05\/Manual-Bath-Bear.pdf\">Hier klicken<\/a><\/td>\n<\/tr>\n<\/tbody>\n<\/table>\n","protected":false},"excerpt":{"rendered":"<p>Das ist der Badeb\u00e4r Pastellblau &#8211; der ultimative Begleiter f\u00fcr die Badezeit Ihres Babys! Mit den niedlichen B\u00e4renohren und dem ergonomischen Design wird das Baden gleich viel niedlicher und bequemer. Der Badeb\u00e4r ist mit einem Badewannenverkleinerer f\u00fcr Neugeborene, einem einfachen Ablassdeckel und einer umweltfreundlichen Seifenschale ausgestattet &#8211; die perfekte Mischung aus Spa\u00df und Funktionalit\u00e4t. Au\u00dferdem ist sie BPA-frei, damit Sie sich keine Sorgen machen m\u00fcssen.   Mach dich bereit f\u00fcr saubere Abenteuer mit dem Badeb\u00e4r Pastellblau!<\/p>\n<p>&nbsp;<\/p>\n","protected":false},"featured_media":69100,"comment_status":"closed","ping_status":"closed","template":"","meta":{"_lmt_disableupdate":"","_lmt_disable":""},"product_brand":[],"product_cat":[584,514],"product_tag":[],"woo-feed-brand":[],"class_list":{"0":"post-43745","1":"product","2":"type-product","3":"status-publish","4":"has-post-thumbnail","6":"product_cat-baby-in-der-badewanne","7":"product_cat-korperpflege","9":"first","10":"outofstock","11":"taxable","12":"shipping-taxable","13":"purchasable","14":"product-type-simple"},"_links":{"self":[{"href":"https:\/\/www.bojungle.eu\/de\/wp-json\/wp\/v2\/product\/43745","targetHints":{"allow":["GET"]}}],"collection":[{"href":"https:\/\/www.bojungle.eu\/de\/wp-json\/wp\/v2\/product"}],"about":[{"href":"https:\/\/www.bojungle.eu\/de\/wp-json\/wp\/v2\/types\/product"}],"replies":[{"embeddable":true,"href":"https:\/\/www.bojungle.eu\/de\/wp-json\/wp\/v2\/comments?post=43745"}],"version-history":[{"count":2,"href":"https:\/\/www.bojungle.eu\/de\/wp-json\/wp\/v2\/product\/43745\/revisions"}],"predecessor-version":[{"id":79914,"href":"https:\/\/www.bojungle.eu\/de\/wp-json\/wp\/v2\/product\/43745\/revisions\/79914"}],"wp:featuredmedia":[{"embeddable":true,"href":"https:\/\/www.bojungle.eu\/de\/wp-json\/wp\/v2\/media\/69100"}],"wp:attachment":[{"href":"https:\/\/www.bojungle.eu\/de\/wp-json\/wp\/v2\/media?parent=43745"}],"wp:term":[{"taxonomy":"product_brand","embeddable":true,"href":"https:\/\/www.bojungle.eu\/de\/wp-json\/wp\/v2\/product_brand?post=43745"},{"taxonomy":"product_cat","embeddable":true,"href":"https:\/\/www.bojungle.eu\/de\/wp-json\/wp\/v2\/product_cat?post=43745"},{"taxonomy":"product_tag","embeddable":true,"href":"https:\/\/www.bojungle.eu\/de\/wp-json\/wp\/v2\/product_tag?post=43745"},{"taxonomy":"woo-feed-brand","embeddable":true,"href":"https:\/\/www.bojungle.eu\/de\/wp-json\/wp\/v2\/woo-feed-brand?post=43745"}],"curies":[{"name":"wp","href":"https:\/\/api.w.org\/{rel}","templated":true}]}}