{"id":43780,"date":"2022-05-29T10:24:19","date_gmt":"2022-05-29T08:24:19","guid":{"rendered":"https:\/\/bojungle.eu\/shop\/product\/b-ball-pit-play-gym-grau\/"},"modified":"2025-06-19T16:20:25","modified_gmt":"2025-06-19T14:20:25","slug":"b-ball-grube-spielen-turnhalle-grau","status":"publish","type":"product","link":"https:\/\/www.bojungle.eu\/de\/produkt\/b-ball-grube-spielen-turnhalle-grau\/","title":{"rendered":"Ballspielplatz grau"},"content":{"rendered":"<div id=\"description\" class=\"tab-pane fade in active\" role=\"tabpanel\">\n<div class=\"product-description\">\n<div class=\"flex-1 overflow-hidden\">\n<div class=\"react-scroll-to-bottom--css-fuibk-79elbk h-full\">\n<div class=\"react-scroll-to-bottom--css-fuibk-1n7m0yu\">\n<div class=\"flex flex-col pb-9 text-sm\">\n<div class=\"w-full text-token-text-primary\" data-testid=\"conversation-turn-5\">\n<div class=\"px-4 py-2 justify-center text-base md:gap-6 m-auto\">\n<div class=\"flex flex-1 text-base mx-auto gap-3 md:px-5 lg:px-1 xl:px-5 md:max-w-3xl lg:max-w-[40rem] xl:max-w-[48rem] group final-completion\">\n<div class=\"relative flex w-full flex-col lg:w-[calc(100%-115px)] agent-turn\">\n<div class=\"flex-col gap-1 md:gap-3\">\n<div class=\"flex flex-grow flex-col max-w-full\">\n<div class=\"min-h-[20px] text-message flex flex-col items-start gap-3 whitespace-pre-wrap break-words [.text-message+&amp;]:mt-5 overflow-x-auto\" data-message-author-role=\"assistant\" data-message-id=\"56127af4-1f04-405d-b559-028a9786080b\">\n<div class=\"markdown prose w-full break-words dark:prose-invert light\">\n<p>Unser Ball Pit Play Gym Grey ist die perfekte Mischung aus Unterhaltung und \u00c4sthetik. Es f\u00fcgt sich nahtlos in jede Einrichtung ein und garantiert stundenlangen Spielspa\u00df! Sie wurde sorgf\u00e4ltig aus Schaumstoff gefertigt und verf\u00fcgt \u00fcber einen waschbaren, abnehmbaren Bezug aus weichem Velboa, der f\u00fcr Haltbarkeit und Komfort sorgt. Mit seinen abgerundeten Kanten und den ungiftigen, CE-zertifizierten Kugeln ist die Sicherheit gew\u00e4hrleistet. Dieser Ballspielplatz ist mehr als nur ein Spielzeug, er f\u00f6rdert die k\u00f6rperliche und manuelle Entwicklung Ihres Kindes.   Zusammen mit 120 bunten B\u00e4llen ist es eine vielseitige und ansprechende Erg\u00e4nzung des Spielrepertoires Ihres Kindes.<\/p>\n<div class=\"group\/conversation-turn relative flex w-full min-w-0 flex-col agent-turn\">\n<div class=\"flex-col gap-1 md:gap-3\">\n<div class=\"flex max-w-full flex-col flex-grow\">\n<div class=\"min-h-[20px] text-message flex w-full flex-col items-end gap-2 break-words [.text-message+&amp;]:mt-5 overflow-x-auto whitespace-pre-wrap\" dir=\"auto\" data-message-author-role=\"assistant\" data-message-id=\"fedb9589-ff2d-4632-9e0d-009a6d3232ab\">\n<div class=\"flex w-full flex-col gap-1 empty:hidden first:pt-[3px]\">\n<div class=\"markdown prose w-full break-words dark:prose-invert light\">\n<table border=\"1\">\n<tbody>\n<tr>\n<td>Anleitung<\/td>\n<td><a href=\"https:\/\/www.bojungle.eu\/wp-content\/uploads\/2025\/06\/B910620-B910630-Handleiding.pdf\">Hier klicken<\/a><\/td>\n<\/tr>\n<\/tbody>\n<\/table>\n<\/div>\n<\/div>\n<\/div>\n<\/div>\n<\/div>\n<\/div>\n<p class=\"cvGsUA direction-ltr align-start para-style-body\">\n<\/div>\n<\/div>\n<\/div>\n<\/div>\n<\/div>\n<\/div>\n<\/div>\n<\/div>\n<\/div>\n<\/div>\n<\/div>\n<\/div>\n<\/div>\n<\/div>\n","protected":false},"excerpt":{"rendered":"<div id=\"description\" class=\"tab-pane fade in active\" role=\"tabpanel\">\n<div class=\"product-description\">\n<p>Das graue B\u00e4llebad passt in jede Einrichtung und sorgt f\u00fcr stundenlangen Spielspa\u00df! Die Badewanne ist aus Schaumstoff und mit einem waschbaren und abnehmbaren weichen Velboa-Bezug versehen.<\/p>\n<\/div>\n<\/div>\n","protected":false},"featured_media":65272,"comment_status":"closed","ping_status":"closed","template":"","meta":{"_lmt_disableupdate":"","_lmt_disable":""},"product_brand":[],"product_cat":[619,453],"product_tag":[],"woo-feed-brand":[],"class_list":{"0":"post-43780","1":"product","2":"type-product","3":"status-publish","4":"has-post-thumbnail","6":"product_cat-aktivitatsspielzeug","7":"product_cat-spielzeit","9":"first","10":"instock","11":"taxable","12":"shipping-taxable","13":"purchasable","14":"product-type-simple"},"_links":{"self":[{"href":"https:\/\/www.bojungle.eu\/de\/wp-json\/wp\/v2\/product\/43780","targetHints":{"allow":["GET"]}}],"collection":[{"href":"https:\/\/www.bojungle.eu\/de\/wp-json\/wp\/v2\/product"}],"about":[{"href":"https:\/\/www.bojungle.eu\/de\/wp-json\/wp\/v2\/types\/product"}],"replies":[{"embeddable":true,"href":"https:\/\/www.bojungle.eu\/de\/wp-json\/wp\/v2\/comments?post=43780"}],"version-history":[{"count":2,"href":"https:\/\/www.bojungle.eu\/de\/wp-json\/wp\/v2\/product\/43780\/revisions"}],"predecessor-version":[{"id":80559,"href":"https:\/\/www.bojungle.eu\/de\/wp-json\/wp\/v2\/product\/43780\/revisions\/80559"}],"wp:featuredmedia":[{"embeddable":true,"href":"https:\/\/www.bojungle.eu\/de\/wp-json\/wp\/v2\/media\/65272"}],"wp:attachment":[{"href":"https:\/\/www.bojungle.eu\/de\/wp-json\/wp\/v2\/media?parent=43780"}],"wp:term":[{"taxonomy":"product_brand","embeddable":true,"href":"https:\/\/www.bojungle.eu\/de\/wp-json\/wp\/v2\/product_brand?post=43780"},{"taxonomy":"product_cat","embeddable":true,"href":"https:\/\/www.bojungle.eu\/de\/wp-json\/wp\/v2\/product_cat?post=43780"},{"taxonomy":"product_tag","embeddable":true,"href":"https:\/\/www.bojungle.eu\/de\/wp-json\/wp\/v2\/product_tag?post=43780"},{"taxonomy":"woo-feed-brand","embeddable":true,"href":"https:\/\/www.bojungle.eu\/de\/wp-json\/wp\/v2\/woo-feed-brand?post=43780"}],"curies":[{"name":"wp","href":"https:\/\/api.w.org\/{rel}","templated":true}]}}