{"id":43795,"date":"2022-05-29T10:25:06","date_gmt":"2022-05-29T08:25:06","guid":{"rendered":"https:\/\/bojungle.eu\/shop\/product\/b-ball-silikon-pastellblau\/"},"modified":"2024-05-16T10:45:36","modified_gmt":"2024-05-16T08:45:36","slug":"b-ball-silikon-pastell-blau","status":"publish","type":"product","link":"https:\/\/www.bojungle.eu\/de\/produkt\/b-ball-silikon-pastell-blau\/","title":{"rendered":"B-Ball Silikon Pastellblau"},"content":{"rendered":"<p>Wir pr\u00e4sentieren unseren B-Ball Silikon Pastellblau &#8211; der ultimative Begleiter f\u00fcr Ihr zahnendes Baby! Dieser Ball ist aus weichem, strapazierf\u00e4higem Silikon gefertigt und regt sowohl zum Bei\u00dfen als auch zum Greifen an. W\u00e4hrend Ihr Kind die strukturierten Oberfl\u00e4chen erkundet, wird sein Zahnfleisch sanft massiert, was bei Zahnungsbeschwerden Linderung verschafft. Die verschiedenen Bissfl\u00e4chen stimulieren auch die Lippen und die Zunge und f\u00f6rdern so die sensorische Entwicklung. Dieser Ball hat die perfekte Gr\u00f6\u00dfe f\u00fcr kleine H\u00e4nde und ist ideal f\u00fcr Babys, die gerade mit dem Zahnen beginnen. Au\u00dferdem ist er leicht zu reinigen &#8211; einfach in die Waschmaschine werfen und schon ist die Pflege erledigt.<\/p>\n<p>Unser B-Ball Silikon Pastellblau wurde mit Sorgfalt und Qualit\u00e4t hergestellt und ist ein Muss f\u00fcr zahnende Babys.<\/p>\n","protected":false},"excerpt":{"rendered":"<p>Unser B-Ball Silikon Pastellblau ist der perfekte Begleiter beim Zahnen f\u00fcr Ihr Kind. Er besteht aus weichem Silikon und stimuliert das Bei\u00df- und Greifgef\u00fchl, was bei Zahnungsbeschwerden Linderung verschafft. Leicht zu reinigen und f\u00fcr kleine H\u00e4nde konzipiert, ist er ideal f\u00fcr zahnende Babys. <\/p>\n<p>&nbsp;<\/p>\n<p>&nbsp;<\/p>\n","protected":false},"featured_media":73105,"comment_status":"closed","ping_status":"closed","template":"","meta":{"_lmt_disableupdate":"","_lmt_disable":""},"product_brand":[],"product_cat":[603,453,473],"product_tag":[],"woo-feed-brand":[],"class_list":{"0":"post-43795","1":"product","2":"type-product","3":"status-publish","4":"has-post-thumbnail","6":"product_cat-beisring-spielzeug","7":"product_cat-spielzeit","8":"product_cat-spielzeug-aus-silikon","10":"first","11":"instock","12":"taxable","13":"shipping-taxable","14":"purchasable","15":"product-type-simple"},"_links":{"self":[{"href":"https:\/\/www.bojungle.eu\/de\/wp-json\/wp\/v2\/product\/43795","targetHints":{"allow":["GET"]}}],"collection":[{"href":"https:\/\/www.bojungle.eu\/de\/wp-json\/wp\/v2\/product"}],"about":[{"href":"https:\/\/www.bojungle.eu\/de\/wp-json\/wp\/v2\/types\/product"}],"replies":[{"embeddable":true,"href":"https:\/\/www.bojungle.eu\/de\/wp-json\/wp\/v2\/comments?post=43795"}],"version-history":[{"count":1,"href":"https:\/\/www.bojungle.eu\/de\/wp-json\/wp\/v2\/product\/43795\/revisions"}],"predecessor-version":[{"id":75701,"href":"https:\/\/www.bojungle.eu\/de\/wp-json\/wp\/v2\/product\/43795\/revisions\/75701"}],"wp:featuredmedia":[{"embeddable":true,"href":"https:\/\/www.bojungle.eu\/de\/wp-json\/wp\/v2\/media\/73105"}],"wp:attachment":[{"href":"https:\/\/www.bojungle.eu\/de\/wp-json\/wp\/v2\/media?parent=43795"}],"wp:term":[{"taxonomy":"product_brand","embeddable":true,"href":"https:\/\/www.bojungle.eu\/de\/wp-json\/wp\/v2\/product_brand?post=43795"},{"taxonomy":"product_cat","embeddable":true,"href":"https:\/\/www.bojungle.eu\/de\/wp-json\/wp\/v2\/product_cat?post=43795"},{"taxonomy":"product_tag","embeddable":true,"href":"https:\/\/www.bojungle.eu\/de\/wp-json\/wp\/v2\/product_tag?post=43795"},{"taxonomy":"woo-feed-brand","embeddable":true,"href":"https:\/\/www.bojungle.eu\/de\/wp-json\/wp\/v2\/woo-feed-brand?post=43795"}],"curies":[{"name":"wp","href":"https:\/\/api.w.org\/{rel}","templated":true}]}}