{"id":43859,"date":"2022-05-29T10:20:58","date_gmt":"2022-05-29T08:20:58","guid":{"rendered":"https:\/\/bojungle.eu\/shop\/product\/b-aktivitaetspyramide-dschungel\/"},"modified":"2024-02-29T16:34:13","modified_gmt":"2024-02-29T15:34:13","slug":"b-aktivitats-pyramide-dschungel","status":"publish","type":"product","link":"https:\/\/www.bojungle.eu\/de\/produkt\/b-aktivitats-pyramide-dschungel\/","title":{"rendered":"B-Aktivit\u00e4tspyramide Dschungel"},"content":{"rendered":"<p>Wir stellen die Aktivit\u00e4tspyramide Dschungel vor &#8211; ein lustiges Spielzeug, mit dem Kinder gleichzeitig lernen und spielen k\u00f6nnen! Diese farbenfrohe Pyramide bietet viele M\u00f6glichkeiten, die f\u00fcr kleine H\u00e4nde ideal sind. Die Kinder k\u00f6nnen die verschiedenen Teile der Pyramide schieben, ziehen, drehen und wenden, wodurch sie ihre Finger und H\u00e4nde besser einsetzen k\u00f6nnen. Au\u00dferdem lernen sie so, ihre Bewegungen besser zu koordinieren. Es gibt ein cooles Spiel, bei dem Kinder versteckte Tiere finden k\u00f6nnen. Das ist wie ein lustiges R\u00e4tsel, das auch das Denken und das L\u00f6sen von Problemen f\u00f6rdert. Die Pyramide spielt eing\u00e4ngige Lieder und lustige Ger\u00e4usche, die Kinder neugierig machen und begeistern. Es ist, als h\u00e4tte man ein kleines Konzert direkt in ihrem Spielzimmer! Und mit ihren bunten Farben und Mustern regt die Pyramide die Fantasie der Kinder an. Sie k\u00f6nnen so tun, als w\u00fcrden sie einen Dschungel erforschen oder auf ein Abenteuer gehen! Die Aktivit\u00e4tspyramide Dschungel ist nicht nur ein Spielzeug, sondern eine M\u00f6glichkeit f\u00fcr Kinder, zu lernen, Spa\u00df zu haben und ihre Fantasie zu nutzen &#8211; alles auf einmal! <\/p>\n<ul>\n<li>Das Schieben, Ziehen, Greifen oder Drehen der verschiedenen Teile f\u00f6rdert die Finger- und Handfertigkeit, die Hand-Augen-Koordination und die Feinmotorik.<\/li>\n<li>Bl\u00e4ttern Sie die Seiten um und spielen Sie das Spiel &#8222;Finde das Tier&#8220;, das logisches Denken und Probleml\u00f6sungskompetenz f\u00f6rdert.<\/li>\n<li>Das Spielzeug bietet eine Vielzahl von interaktiven Funktionen, Moir\u00e9-Mustern und Spielen, die die Fantasie und Kreativit\u00e4t Ihres Kindes anregen.<\/li>\n<li>Eingebaute Lieder und Soundeffekte sollen die Neugierde Ihres Kindes wecken.<\/li>\n<\/ul>\n","protected":false},"excerpt":{"rendered":"<p>Wir stellen die Aktivit\u00e4tspyramide Dschungel vor &#8211; ein lustiges Spielzeug, mit dem Kinder gleichzeitig lernen und spielen k\u00f6nnen! Diese farbenfrohe Pyramide bietet viele M\u00f6glichkeiten, die f\u00fcr kleine H\u00e4nde ideal sind. <\/p>\n","protected":false},"featured_media":66870,"comment_status":"closed","ping_status":"closed","template":"","meta":{"_lmt_disableupdate":"","_lmt_disable":""},"product_brand":[],"product_cat":[619,502,620,453],"product_tag":[],"woo-feed-brand":[],"class_list":{"0":"post-43859","1":"product","2":"type-product","3":"status-publish","4":"has-post-thumbnail","6":"product_cat-aktivitatsspielzeug","7":"product_cat-buntes-spielzeug","8":"product_cat-musikalisches-spielzeug","9":"product_cat-spielzeit","11":"first","12":"instock","13":"taxable","14":"shipping-taxable","15":"purchasable","16":"product-type-simple"},"_links":{"self":[{"href":"https:\/\/www.bojungle.eu\/de\/wp-json\/wp\/v2\/product\/43859","targetHints":{"allow":["GET"]}}],"collection":[{"href":"https:\/\/www.bojungle.eu\/de\/wp-json\/wp\/v2\/product"}],"about":[{"href":"https:\/\/www.bojungle.eu\/de\/wp-json\/wp\/v2\/types\/product"}],"replies":[{"embeddable":true,"href":"https:\/\/www.bojungle.eu\/de\/wp-json\/wp\/v2\/comments?post=43859"}],"version-history":[{"count":1,"href":"https:\/\/www.bojungle.eu\/de\/wp-json\/wp\/v2\/product\/43859\/revisions"}],"predecessor-version":[{"id":66929,"href":"https:\/\/www.bojungle.eu\/de\/wp-json\/wp\/v2\/product\/43859\/revisions\/66929"}],"wp:featuredmedia":[{"embeddable":true,"href":"https:\/\/www.bojungle.eu\/de\/wp-json\/wp\/v2\/media\/66870"}],"wp:attachment":[{"href":"https:\/\/www.bojungle.eu\/de\/wp-json\/wp\/v2\/media?parent=43859"}],"wp:term":[{"taxonomy":"product_brand","embeddable":true,"href":"https:\/\/www.bojungle.eu\/de\/wp-json\/wp\/v2\/product_brand?post=43859"},{"taxonomy":"product_cat","embeddable":true,"href":"https:\/\/www.bojungle.eu\/de\/wp-json\/wp\/v2\/product_cat?post=43859"},{"taxonomy":"product_tag","embeddable":true,"href":"https:\/\/www.bojungle.eu\/de\/wp-json\/wp\/v2\/product_tag?post=43859"},{"taxonomy":"woo-feed-brand","embeddable":true,"href":"https:\/\/www.bojungle.eu\/de\/wp-json\/wp\/v2\/woo-feed-brand?post=43859"}],"curies":[{"name":"wp","href":"https:\/\/api.w.org\/{rel}","templated":true}]}}