{"id":43864,"date":"2022-05-29T10:18:08","date_gmt":"2022-05-29T08:18:08","guid":{"rendered":"https:\/\/bojungle.eu\/shop\/product\/b-multisensorischer-ring\/"},"modified":"2024-02-27T16:56:01","modified_gmt":"2024-02-27T15:56:01","slug":"b-multi-sensorischer-ring","status":"publish","type":"product","link":"https:\/\/www.bojungle.eu\/de\/produkt\/b-multi-sensorischer-ring\/","title":{"rendered":"B- Multisensorischer Ring"},"content":{"rendered":"<div class=\"flex-1 overflow-hidden\">\n<div class=\"react-scroll-to-bottom--css-enznj-79elbk h-full\">\n<div class=\"react-scroll-to-bottom--css-enznj-1n7m0yu\">\n<div class=\"flex flex-col text-sm pb-9\">\n<div class=\"w-full text-token-text-primary\" data-testid=\"conversation-turn-3\">\n<div class=\"px-4 py-2 justify-center text-base md:gap-6 m-auto\">\n<div class=\"flex flex-1 text-base mx-auto gap-3 md:px-5 lg:px-1 xl:px-5 md:max-w-3xl lg:max-w-[40rem] xl:max-w-[48rem] group final-completion\">\n<div class=\"relative flex w-full flex-col agent-turn\">\n<div class=\"flex-col gap-1 md:gap-3\">\n<div class=\"flex flex-grow flex-col max-w-full\">\n<div class=\"min-h-[20px] text-message flex flex-col items-start gap-3 whitespace-pre-wrap break-words [.text-message+&amp;]:mt-5 overflow-x-auto\" data-message-author-role=\"assistant\" data-message-id=\"f9d6a576-9720-45fc-a945-c7ebe391709e\">\n<div class=\"markdown prose w-full break-words dark:prose-invert light\">\n<p>Entdecken Sie den Multi Sensory Ring of Bo Jungle, eine entz\u00fcckende Abwandlung eines beliebten Klassikers, die speziell f\u00fcr die Freude und den Komfort Ihres Kindes entwickelt wurde. Diese Rassel ist aus sicherem und haltbarem Silikon und Holz gefertigt und eignet sich perfekt zur Linderung von Zahnungsschmerzen und bietet stundenlange Unterhaltung. Der Silikonteil des Rings weist eine Vielzahl von Texturen und Formen auf, die das zarte Zahnfleisch Ihres Babys beruhigen und seine Sinne beim Erkunden anregen. Mit seinem schlichten, aber stilvollen Design und den weichen, angenehmen Farben wird unser Multi-Sensorik-Ring Babys und Eltern gleicherma\u00dfen gefallen. Mit unserem Multi-Sensorik-Ring wird das Spielen zum Kinderspiel &#8211; der perfekte Begleiter f\u00fcr die ersten Abenteuer Ihres Babys. <\/p>\n<\/div>\n<\/div>\n<\/div>\n<\/div>\n<\/div>\n<\/div>\n<\/div>\n<\/div>\n<\/div>\n<\/div>\n<\/div>\n<\/div>\n<ul>\n<li>Ein toller Klassiker mit einem neuen Twist: die kaubare Rassel aus Silikon und Holz f\u00fcr ein gesundes und langlebiges Spielzeug!<\/li>\n<li>Diese Rassel lindert die Zahnungsschmerzen des Babys durch die verschiedenen Texturen und Formen des Silikonteils<\/li>\n<li>Design-Rassel und trendige Farben, die sowohl dem Baby als auch den Eltern gefallen.<\/li>\n<\/ul>\n","protected":false},"excerpt":{"rendered":"<p>Der Multi-Sensory Ring: ein sicheres, langlebiges und beruhigendes Bei\u00dfspielzeug f\u00fcr Ihr Kind. Mit seiner Vielfalt an Texturen und Formen bietet diese kaubare Rassel Erleichterung und Stimulation, w\u00e4hrend sie ein einfaches, aber stilvolles Design in trendigen Farben bietet. Perfekt, um Ihr Baby w\u00e4hrend der Spielzeit bei Laune zu halten!  <\/p>\n","protected":false},"featured_media":66772,"comment_status":"closed","ping_status":"closed","template":"","meta":{"_lmt_disableupdate":"","_lmt_disable":""},"product_brand":[],"product_cat":[453,473],"product_tag":[],"woo-feed-brand":[],"class_list":{"0":"post-43864","1":"product","2":"type-product","3":"status-publish","4":"has-post-thumbnail","6":"product_cat-spielzeit","7":"product_cat-spielzeug-aus-silikon","9":"first","10":"outofstock","11":"taxable","12":"shipping-taxable","13":"purchasable","14":"product-type-simple"},"_links":{"self":[{"href":"https:\/\/www.bojungle.eu\/de\/wp-json\/wp\/v2\/product\/43864","targetHints":{"allow":["GET"]}}],"collection":[{"href":"https:\/\/www.bojungle.eu\/de\/wp-json\/wp\/v2\/product"}],"about":[{"href":"https:\/\/www.bojungle.eu\/de\/wp-json\/wp\/v2\/types\/product"}],"replies":[{"embeddable":true,"href":"https:\/\/www.bojungle.eu\/de\/wp-json\/wp\/v2\/comments?post=43864"}],"version-history":[{"count":1,"href":"https:\/\/www.bojungle.eu\/de\/wp-json\/wp\/v2\/product\/43864\/revisions"}],"predecessor-version":[{"id":66823,"href":"https:\/\/www.bojungle.eu\/de\/wp-json\/wp\/v2\/product\/43864\/revisions\/66823"}],"wp:featuredmedia":[{"embeddable":true,"href":"https:\/\/www.bojungle.eu\/de\/wp-json\/wp\/v2\/media\/66772"}],"wp:attachment":[{"href":"https:\/\/www.bojungle.eu\/de\/wp-json\/wp\/v2\/media?parent=43864"}],"wp:term":[{"taxonomy":"product_brand","embeddable":true,"href":"https:\/\/www.bojungle.eu\/de\/wp-json\/wp\/v2\/product_brand?post=43864"},{"taxonomy":"product_cat","embeddable":true,"href":"https:\/\/www.bojungle.eu\/de\/wp-json\/wp\/v2\/product_cat?post=43864"},{"taxonomy":"product_tag","embeddable":true,"href":"https:\/\/www.bojungle.eu\/de\/wp-json\/wp\/v2\/product_tag?post=43864"},{"taxonomy":"woo-feed-brand","embeddable":true,"href":"https:\/\/www.bojungle.eu\/de\/wp-json\/wp\/v2\/woo-feed-brand?post=43864"}],"curies":[{"name":"wp","href":"https:\/\/api.w.org\/{rel}","templated":true}]}}