{"id":44313,"date":"2023-05-02T12:54:21","date_gmt":"2023-05-02T10:54:21","guid":{"rendered":"https:\/\/bojungle.eu\/shop\/product\/b-loeffelform-set-2-stueck-terracotta\/"},"modified":"2023-05-02T12:54:21","modified_gmt":"2023-05-02T12:54:21","slug":"b-spoon-shape-set-2-pcs-terracotta","status":"publish","type":"product","link":"https:\/\/www.bojungle.eu\/de\/produkt\/b-spoon-shape-set-2-pcs-terracotta\/","title":{"rendered":"B-L\u00f6ffelform Set 2 St\u00fcck Terracotta"},"content":{"rendered":"<p style=\"font-weight: 400;\">Die Form des B-L\u00f6ffels ist speziell f\u00fcr den \u00dcbergang des Babys vom Nuckel zum L\u00f6ffel konzipiert.<\/p>\n<ul style=\"font-weight: 400;\">\n<li>Einfacher Griff zum Halten<\/li>\n<li>Hergestellt aus Silikon<\/li>\n<li>Leicht zu reinigen<\/li>\n<li>Weicher L\u00f6ffel: sicher zum Abbei\u00dfen<\/li>\n<li>Mit der Hand oder in der Sp\u00fclmaschine waschen<\/li>\n<\/ul>\n","protected":false},"excerpt":{"rendered":"<p style=\"font-weight: 400;\">Die Form des B-L\u00f6ffels ist speziell f\u00fcr den \u00dcbergang des Babys vom Nuckel zum L\u00f6ffel konzipiert.<\/p>\n","protected":false},"featured_media":73657,"comment_status":"closed","ping_status":"closed","template":"","meta":{"_lmt_disableupdate":"","_lmt_disable":""},"product_brand":[],"product_cat":[452,450,555],"product_tag":[],"woo-feed-brand":[],"class_list":{"0":"post-44313","1":"product","2":"type-product","3":"status-publish","4":"has-post-thumbnail","6":"product_cat-bereich-silikone","7":"product_cat-essen-trinken","8":"product_cat-zeit-zum-abendessen","10":"first","11":"instock","12":"taxable","13":"shipping-taxable","14":"purchasable","15":"product-type-simple"},"_links":{"self":[{"href":"https:\/\/www.bojungle.eu\/de\/wp-json\/wp\/v2\/product\/44313","targetHints":{"allow":["GET"]}}],"collection":[{"href":"https:\/\/www.bojungle.eu\/de\/wp-json\/wp\/v2\/product"}],"about":[{"href":"https:\/\/www.bojungle.eu\/de\/wp-json\/wp\/v2\/types\/product"}],"replies":[{"embeddable":true,"href":"https:\/\/www.bojungle.eu\/de\/wp-json\/wp\/v2\/comments?post=44313"}],"version-history":[{"count":0,"href":"https:\/\/www.bojungle.eu\/de\/wp-json\/wp\/v2\/product\/44313\/revisions"}],"wp:featuredmedia":[{"embeddable":true,"href":"https:\/\/www.bojungle.eu\/de\/wp-json\/wp\/v2\/media\/73657"}],"wp:attachment":[{"href":"https:\/\/www.bojungle.eu\/de\/wp-json\/wp\/v2\/media?parent=44313"}],"wp:term":[{"taxonomy":"product_brand","embeddable":true,"href":"https:\/\/www.bojungle.eu\/de\/wp-json\/wp\/v2\/product_brand?post=44313"},{"taxonomy":"product_cat","embeddable":true,"href":"https:\/\/www.bojungle.eu\/de\/wp-json\/wp\/v2\/product_cat?post=44313"},{"taxonomy":"product_tag","embeddable":true,"href":"https:\/\/www.bojungle.eu\/de\/wp-json\/wp\/v2\/product_tag?post=44313"},{"taxonomy":"woo-feed-brand","embeddable":true,"href":"https:\/\/www.bojungle.eu\/de\/wp-json\/wp\/v2\/woo-feed-brand?post=44313"}],"curies":[{"name":"wp","href":"https:\/\/api.w.org\/{rel}","templated":true}]}}