{"id":44334,"date":"2023-05-02T13:27:52","date_gmt":"2023-05-02T11:27:52","guid":{"rendered":"https:\/\/bojungle.eu\/shop\/product\/b-saugnapf-silikon-loeffel-terrakotta\/"},"modified":"2024-11-29T15:29:05","modified_gmt":"2024-11-29T14:29:05","slug":"b-suction-bowl-silicone-spoon-terracotta","status":"publish","type":"product","link":"https:\/\/www.bojungle.eu\/de\/produkt\/b-suction-bowl-silicone-spoon-terracotta\/","title":{"rendered":"B-Saugnapf Silikon &amp; L\u00f6ffel Terrakotta"},"content":{"rendered":"<p>Mit dem Suction Bowl Silicone &amp; Spoon Set wird das Essen einfacher und macht mehr Spa\u00df! Dieses clevere Set wurde entwickelt, damit Ihr Kind lernt, selbstst\u00e4ndig zu essen, und stellt das Essen in den Mittelpunkt, nicht die Unordnung. Der leistungsstarke Saugnapf sorgt daf\u00fcr, dass die Sch\u00fcssel sicher an ihrem Platz bleibt, damit nichts versch\u00fcttet wird und die Sch\u00fcssel nicht umherfliegt. Das Set ist aus hochwertigem, haltbarem Silikon gefertigt und h\u00e4lt unz\u00e4hligen Essensabenteuern stand. Es ist widerstandsf\u00e4hig gegen Bruch, Geruchsaufnahme und Geschmacks\u00fcbertragung und damit eine sichere und hygienische Wahl f\u00fcr Ihr Kind. Der passende ergonomische L\u00f6ffel hat die perfekte Gr\u00f6\u00dfe f\u00fcr kleine H\u00e4nde und f\u00f6rdert die Selbstst\u00e4ndigkeit bei der Nahrungsaufnahme. Mit seinem verspielten und zugleich eleganten Design ist das B-Suction Bowl &amp; Spoon Set nicht nur sch\u00f6n anzusehen, sondern auch praktisch zu verwenden \u2013 ein Muss f\u00fcr jede Familie. Es eignet sich f\u00fcr Babys und Kleinkinder und ist der perfekte Weg, um die Mahlzeiten in eine stressfreie Lernerfahrung zu verwandeln.<\/p>\n<p><strong>Wesentliche Merkmale:<\/strong><\/p>\n<ul>\n<li><strong>Starker Saugfu\u00df:\u00a0<\/strong>H\u00e4lt die Sch\u00fcssel fest an ihrem Platz und sorgt so f\u00fcr saubere Mahlzeiten.<\/li>\n<li><strong>Langlebiges Silikon:\u00a0<\/strong>Bruchfest und leicht zu reinigen, ohne Geruchs- oder Geschmacksaufnahme.<\/li>\n<li><strong>Kinderfreundliches Design:<\/strong>\u00a0Mit einem L\u00f6ffel, der f\u00fcr kleine H\u00e4nde und selbstst\u00e4ndiges Essen geeignet ist.<\/li>\n<li><strong>Attraktives Aussehen:\u00a0<\/strong>Helles und modernes Design, das Kinder und Eltern gleicherma\u00dfen anspricht.<\/li>\n<\/ul>\n<p>Mit dem B-Suction Bowl Silicone &amp; Spoon Set werden die Mahlzeiten zum Kinderspiel und machen Spa\u00df!<\/p>\n","protected":false},"excerpt":{"rendered":"<div class=\"elementor-element elementor-element-80cf67d elementor-widget elementor-widget-jet-single-excerpt\" data-id=\"80cf67d\" data-element_type=\"widget\" data-widget_type=\"jet-single-excerpt.default\">\n<div class=\"elementor-widget-container\">\n<div class=\"elementor-jet-single-excerpt jet-woo-builder\">\n<div class=\"woocommerce-product-details__short-description\">\n<div class=\"elementor-element elementor-element-80cf67d elementor-widget elementor-widget-jet-single-excerpt\" data-id=\"80cf67d\" data-element_type=\"widget\" data-widget_type=\"jet-single-excerpt.default\">\n<div class=\"elementor-widget-container\">\n<div class=\"elementor-jet-single-excerpt jet-woo-builder\">\n<div class=\"woocommerce-product-details__short-description\">\n<p>Mit der B-Suction Sch\u00fcssel und dem L\u00f6ffel wird die Mahlzeit stressfrei! Der starke Saugfu\u00df h\u00e4lt die Sch\u00fcssel an ihrem Platz, w\u00e4hrend der ergonomische L\u00f6ffel Ihrem Kind hilft, selbstst\u00e4ndig zu essen. Dieses Set aus strapazierf\u00e4higem, geruchsfreiem Silikon ist bruchfest, leicht zu reinigen und hat ein stilvolles Design f\u00fcr Kinder und Eltern gleicherma\u00dfen. Perfekt f\u00fcr chaotische, gl\u00fcckliche Mahlzeiten<\/p>\n<\/div>\n<\/div>\n<\/div>\n<\/div>\n<\/div>\n<\/div>\n<\/div>\n<\/div>\n<div class=\"elementor-element elementor-element-c5d7d93 elementor-widget elementor-widget-spacer\" data-id=\"c5d7d93\" data-element_type=\"widget\" data-widget_type=\"spacer.default\">\n<div class=\"elementor-widget-container\">\n<div class=\"elementor-spacer\"><\/div>\n<\/div>\n<\/div>\n","protected":false},"featured_media":70002,"comment_status":"closed","ping_status":"closed","template":"","meta":{"_lmt_disableupdate":"no","_lmt_disable":""},"product_brand":[],"product_cat":[452,450,555],"product_tag":[],"woo-feed-brand":[],"class_list":{"0":"post-44334","1":"product","2":"type-product","3":"status-publish","4":"has-post-thumbnail","6":"product_cat-bereich-silikone","7":"product_cat-essen-trinken","8":"product_cat-zeit-zum-abendessen","10":"first","11":"instock","12":"taxable","13":"shipping-taxable","14":"purchasable","15":"product-type-simple"},"_links":{"self":[{"href":"https:\/\/www.bojungle.eu\/de\/wp-json\/wp\/v2\/product\/44334","targetHints":{"allow":["GET"]}}],"collection":[{"href":"https:\/\/www.bojungle.eu\/de\/wp-json\/wp\/v2\/product"}],"about":[{"href":"https:\/\/www.bojungle.eu\/de\/wp-json\/wp\/v2\/types\/product"}],"replies":[{"embeddable":true,"href":"https:\/\/www.bojungle.eu\/de\/wp-json\/wp\/v2\/comments?post=44334"}],"version-history":[{"count":1,"href":"https:\/\/www.bojungle.eu\/de\/wp-json\/wp\/v2\/product\/44334\/revisions"}],"predecessor-version":[{"id":78505,"href":"https:\/\/www.bojungle.eu\/de\/wp-json\/wp\/v2\/product\/44334\/revisions\/78505"}],"wp:featuredmedia":[{"embeddable":true,"href":"https:\/\/www.bojungle.eu\/de\/wp-json\/wp\/v2\/media\/70002"}],"wp:attachment":[{"href":"https:\/\/www.bojungle.eu\/de\/wp-json\/wp\/v2\/media?parent=44334"}],"wp:term":[{"taxonomy":"product_brand","embeddable":true,"href":"https:\/\/www.bojungle.eu\/de\/wp-json\/wp\/v2\/product_brand?post=44334"},{"taxonomy":"product_cat","embeddable":true,"href":"https:\/\/www.bojungle.eu\/de\/wp-json\/wp\/v2\/product_cat?post=44334"},{"taxonomy":"product_tag","embeddable":true,"href":"https:\/\/www.bojungle.eu\/de\/wp-json\/wp\/v2\/product_tag?post=44334"},{"taxonomy":"woo-feed-brand","embeddable":true,"href":"https:\/\/www.bojungle.eu\/de\/wp-json\/wp\/v2\/woo-feed-brand?post=44334"}],"curies":[{"name":"wp","href":"https:\/\/api.w.org\/{rel}","templated":true}]}}