{"id":46800,"date":"2023-08-17T09:17:37","date_gmt":"2023-08-17T07:17:37","guid":{"rendered":"https:\/\/www.bojungle.eu\/?post_type=product&#038;p=46800"},"modified":"2024-04-04T16:15:00","modified_gmt":"2024-04-04T14:15:00","slug":"pure-white-swinging-rocker-2-en-1","status":"publish","type":"product","link":"https:\/\/www.bojungle.eu\/de\/produkt\/pure-white-swinging-rocker-2-en-1\/","title":{"rendered":"Pure White Schaukelwippe 2-in-1"},"content":{"rendered":"<p>Die Pure White Schaukelwippe 2-in-1: Die ultimative Beruhigungsl\u00f6sung f\u00fcr Ihr Baby<\/p>\n<p>Die Pure White Swinging Rocker 2-in-1 bietet Ihnen und Ihrem Kind einen unvergleichlichen Komfort, Sicherheit und Bequemlichkeit.<\/p>\n<p><strong>Doppelte Funktionalit\u00e4t:<\/strong> Dieses innovative Produkt l\u00e4sst sich nahtlos zwischen einer beruhigenden Schaukel und einer gem\u00fctlichen Wippe umwandeln und bietet so die Vielseitigkeit, die Ihr Baby in jedem Moment braucht. Ob Mittagsschlaf oder Spielzeit, mit dieser 2-in-1-L\u00f6sung sind Sie bestens versorgt.<\/p>\n<p><strong>Sicherheit geht vor:<\/strong> Mit dem eingebauten 5-Punkt-Gurtsystem k\u00f6nnen Sie sich darauf verlassen, dass Ihr Baby sicher angeschnallt ist und Sie sich keine Sorgen machen m\u00fcssen. Ihr Seelenfrieden ist unsere oberste Priorit\u00e4t. <\/p>\n<p><strong>Interaktives Spiel:<\/strong> Der verstellbare Spielbogen oben bietet Ihrem Kind spannende Unterhaltung, regt die Sinne an und f\u00f6rdert die Erkundung. Beobachten Sie, wie Ihr Baby sich daran erfreut, zu greifen und neue Sehensw\u00fcrdigkeiten und Ger\u00e4usche zu entdecken. <\/p>\n<p><strong>Musikalischer Hochgenuss:<\/strong> Brauchen Sie ein wenig zus\u00e4tzliche Hilfe, um Ihr Baby in den Schlaf zu wiegen? Dr\u00fccken Sie einfach auf einen Knopf, um beruhigende Melodien zu aktivieren, die eine entspannende Atmosph\u00e4re schaffen und den erholsamen Schlaf Ihres kleinen Wonneproppens f\u00f6rdern. <\/p>\n<p><strong>Praktische Merkmale:<\/strong><\/p>\n<ul>\n<li>Abnehmbare H\u00fcpfburg zur alleinigen Verwendung.<\/li>\n<li>W\u00e4hlen Sie zwischen wippenden und festen Funktionen f\u00fcr zus\u00e4tzliche Flexibilit\u00e4t.<\/li>\n<li>Der um 360\u00b0 drehbare Sitz erm\u00f6glicht eine einfache Interaktion mit Ihrem Baby aus jedem Winkel.<\/li>\n<li>Verstellbare R\u00fcckenlehne mit drei H\u00f6heneinstellungen f\u00fcr optimalen Komfort.<\/li>\n<li>Steuern Sie die Schaukel m\u00fchelos \u00fcber das Bedienfeld oder die mitgelieferte Fernbedienung.<\/li>\n<li>Inklusive Adapter f\u00fcr den Anschluss an die Steckdose oder 4 C-Batterien f\u00fcr den mobilen Einsatz.<\/li>\n<li>W\u00e4hlen Sie aus 7 verschiedenen Bewegungsoptionen und 5 Schaukelgeschwindigkeiten, um das Erlebnis an die Vorlieben Ihres Babys anzupassen.<\/li>\n<\/ul>\n<p>Erleben Sie die Pure White Swinging Rocker 2-in-1 und entdecken Sie die perfekte Mischung aus Komfort, Bequemlichkeit und Sicherheit f\u00fcr Sie und Ihren kleinen Liebling. Verabschieden Sie sich von hektischen Momenten und freuen Sie sich bei jeder Anwendung auf ein entspanntes Gl\u00fccksgef\u00fchl.<\/p>\n","protected":false},"excerpt":{"rendered":"<p>Die Pure White Swinging Rocker 2-in-1: Der ultimative Komfortbegleiter f\u00fcr Ihr Baby! Wechseln Sie mit Leichtigkeit zwischen einer beruhigenden Schaukel und einer gem\u00fctlichen Wippe. Ausgestattet mit einem 5-Punkt-Gurt f\u00fcr Sicherheit, einem verstellbaren Spielbogen f\u00fcr interaktiven Spa\u00df und beruhigender Musik auf Tastendruck. Mit einer 360\u00b0-Sitzdrehung, 7 Bewegungsoptionen und 5 Schaukelgeschwindigkeiten ist sie die perfekte L\u00f6sung f\u00fcr besch\u00e4ftigte Eltern und zufriedene Babys gleicherma\u00dfen.   <\/p>\n","protected":false},"featured_media":67069,"comment_status":"closed","ping_status":"closed","template":"","meta":{"_lmt_disableupdate":"","_lmt_disable":""},"product_brand":[],"product_cat":[529],"product_tag":[1104,1110,1105,1107],"woo-feed-brand":[],"class_list":{"0":"post-46800","1":"product","2":"type-product","3":"status-publish","4":"has-post-thumbnail","6":"product_cat-schaukeln-und-wippen","7":"product_tag-automatisch-de","8":"product_tag-entspannen","9":"product_tag-pure-white-de","10":"product_tag-schaukel","12":"first","13":"instock","14":"featured","15":"taxable","16":"shipping-taxable","17":"purchasable","18":"product-type-simple"},"_links":{"self":[{"href":"https:\/\/www.bojungle.eu\/de\/wp-json\/wp\/v2\/product\/46800","targetHints":{"allow":["GET"]}}],"collection":[{"href":"https:\/\/www.bojungle.eu\/de\/wp-json\/wp\/v2\/product"}],"about":[{"href":"https:\/\/www.bojungle.eu\/de\/wp-json\/wp\/v2\/types\/product"}],"replies":[{"embeddable":true,"href":"https:\/\/www.bojungle.eu\/de\/wp-json\/wp\/v2\/comments?post=46800"}],"version-history":[{"count":1,"href":"https:\/\/www.bojungle.eu\/de\/wp-json\/wp\/v2\/product\/46800\/revisions"}],"predecessor-version":[{"id":72258,"href":"https:\/\/www.bojungle.eu\/de\/wp-json\/wp\/v2\/product\/46800\/revisions\/72258"}],"wp:featuredmedia":[{"embeddable":true,"href":"https:\/\/www.bojungle.eu\/de\/wp-json\/wp\/v2\/media\/67069"}],"wp:attachment":[{"href":"https:\/\/www.bojungle.eu\/de\/wp-json\/wp\/v2\/media?parent=46800"}],"wp:term":[{"taxonomy":"product_brand","embeddable":true,"href":"https:\/\/www.bojungle.eu\/de\/wp-json\/wp\/v2\/product_brand?post=46800"},{"taxonomy":"product_cat","embeddable":true,"href":"https:\/\/www.bojungle.eu\/de\/wp-json\/wp\/v2\/product_cat?post=46800"},{"taxonomy":"product_tag","embeddable":true,"href":"https:\/\/www.bojungle.eu\/de\/wp-json\/wp\/v2\/product_tag?post=46800"},{"taxonomy":"woo-feed-brand","embeddable":true,"href":"https:\/\/www.bojungle.eu\/de\/wp-json\/wp\/v2\/woo-feed-brand?post=46800"}],"curies":[{"name":"wp","href":"https:\/\/api.w.org\/{rel}","templated":true}]}}