{"id":47143,"date":"2023-08-22T14:44:15","date_gmt":"2023-08-22T12:44:15","guid":{"rendered":"https:\/\/www.bojungle.eu\/product\/tropical-discovery-faltbares-ballspielgeraet\/"},"modified":"2024-02-14T09:30:58","modified_gmt":"2024-02-14T08:30:58","slug":"tropical-discovery-faltbares-ballspielgerat","status":"publish","type":"product","link":"https:\/\/www.bojungle.eu\/de\/produkt\/tropical-discovery-faltbares-ballspielgerat\/","title":{"rendered":"Tropical Discovery Faltbares Ballspielger\u00e4t"},"content":{"rendered":"<ul>\n<li><span class=\"OYPEnA text-decoration-none text-strikethrough-none\">Buntes Design<\/span><\/li>\n<li><span class=\"OYPEnA text-decoration-none text-strikethrough-none\">Knitterbuch mit Quietsche<\/span><\/li>\n<li><span class=\"OYPEnA text-decoration-none text-strikethrough-none\">20 bunte B\u00e4lle<\/span><\/li>\n<li><span class=\"OYPEnA text-decoration-none text-strikethrough-none\">Verschiedene Rasseln<\/span><\/li>\n<li><span class=\"OYPEnA text-decoration-none text-strikethrough-none\">Spiegel<\/span><\/li>\n<li><span class=\"OYPEnA text-decoration-none text-strikethrough-none\">Kissen f\u00fcr den Bauch<\/span><\/li>\n<li><span class=\"OYPEnA text-decoration-none text-strikethrough-none\">Umwandelbar in eine Ballgrube<\/span><\/li>\n<li><span class=\"OYPEnA text-decoration-none text-strikethrough-none\">4 Spielpositionen (Bauch, R\u00fccken, Krabbeln und Sitzen)<\/span><\/li>\n<li><span class=\"OYPEnA text-decoration-none text-strikethrough-none\">Verschiedene Melodien<\/span><\/li>\n<li><span class=\"OYPEnA text-decoration-none text-strikethrough-none\">Lautst\u00e4rkeregler<\/span><\/li>\n<li><span class=\"OYPEnA text-decoration-none text-strikethrough-none\">Leuchtender Spielbogen<\/span><\/li>\n<li><span class=\"OYPEnA text-decoration-none text-strikethrough-none\">3x AAA-Batterien (nicht enthalten)<\/span><\/li>\n<\/ul>\n","protected":false},"excerpt":{"rendered":"<div class=\"w-full text-token-text-primary\" data-testid=\"conversation-turn-3\">\n<div class=\"px-4 py-2 justify-center text-base md:gap-6 m-auto\">\n<div class=\"flex flex-1 text-base mx-auto gap-3 md:px-5 lg:px-1 xl:px-5 md:max-w-3xl lg:max-w-[40rem] xl:max-w-[48rem] group final-completion\">\n<div class=\"relative flex w-full flex-col agent-turn\">\n<div class=\"flex-col gap-1 md:gap-3\">\n<div class=\"flex flex-grow flex-col max-w-full\">\n<div class=\"min-h-[20px] text-message flex flex-col items-start gap-3 whitespace-pre-wrap break-words [.text-message+&amp;]:mt-5 overflow-x-auto\" data-message-author-role=\"assistant\" data-message-id=\"82db606c-0594-41f5-8ade-70aa18437775\">\n<div class=\"markdown prose w-full break-words dark:prose-invert light\">\n<p>Entdecken Sie das Tropical Discovery Foldable Ball Pit Play Gym, die ultimative Abenteuerzone f\u00fcr Ihren kleinen Entdecker! Diese farbenfrohe Spielmatte dient gleichzeitig als Ballspielplatz und bietet endlosen Spa\u00df und Entwicklungsm\u00f6glichkeiten. Sie ist vollgepackt mit spannenden Funktionen wie einem Quietschbuch mit Quietsche, Rasseln, einem Spiegel und einem bequemen Bauchkissen und regt in vier vielseitigen Spielpositionen zum Erforschen und zur Stimulation der Sinne an. Entz\u00fcckende Melodien und blinkende Lichter regen die Fantasie Ihres Kindes an, w\u00e4hrend der leuchtende Spielbogen einen zus\u00e4tzlichen Hauch von Magie verleiht. Mit seinem farbenfrohen Design, der praktischen Faltbarkeit und der Lautst\u00e4rkeregelung, die die Eltern beruhigt, ist dieses Spielger\u00e4t ein Muss f\u00fcr fr\u00f6hliche Spielerlebnisse.    <\/p>\n<\/div>\n<\/div>\n<\/div>\n<div class=\"mt-1 flex justify-start gap-3 empty:hidden\">\n<div class=\"text-gray-400 flex self-end lg:self-center justify-center lg:justify-start mt-0 -ml-1 visible\">\n<p>&nbsp;<\/p>\n<div class=\"flex\"><\/div>\n<\/div>\n<\/div>\n<\/div>\n<\/div>\n<\/div>\n<\/div>\n<\/div>\n<div class=\"mx-auto\">\n<div data-projection-id=\"43\">\n<div class=\"mx-auto mt-2 inline-flex rounded-xl border border-gray-100 dark:border-gray-700\"><\/div>\n<\/div>\n<\/div>\n","protected":false},"featured_media":66006,"comment_status":"closed","ping_status":"closed","template":"","meta":{"_lmt_disableupdate":"","_lmt_disable":""},"product_brand":[],"product_cat":[453],"product_tag":[1220],"woo-feed-brand":[],"class_list":{"0":"post-47143","1":"product","2":"type-product","3":"status-publish","4":"has-post-thumbnail","6":"product_cat-spielzeit","7":"product_tag-spielmatte","9":"first","10":"outofstock","11":"featured","12":"taxable","13":"shipping-taxable","14":"purchasable","15":"product-type-simple"},"_links":{"self":[{"href":"https:\/\/www.bojungle.eu\/de\/wp-json\/wp\/v2\/product\/47143","targetHints":{"allow":["GET"]}}],"collection":[{"href":"https:\/\/www.bojungle.eu\/de\/wp-json\/wp\/v2\/product"}],"about":[{"href":"https:\/\/www.bojungle.eu\/de\/wp-json\/wp\/v2\/types\/product"}],"replies":[{"embeddable":true,"href":"https:\/\/www.bojungle.eu\/de\/wp-json\/wp\/v2\/comments?post=47143"}],"version-history":[{"count":1,"href":"https:\/\/www.bojungle.eu\/de\/wp-json\/wp\/v2\/product\/47143\/revisions"}],"predecessor-version":[{"id":66065,"href":"https:\/\/www.bojungle.eu\/de\/wp-json\/wp\/v2\/product\/47143\/revisions\/66065"}],"wp:featuredmedia":[{"embeddable":true,"href":"https:\/\/www.bojungle.eu\/de\/wp-json\/wp\/v2\/media\/66006"}],"wp:attachment":[{"href":"https:\/\/www.bojungle.eu\/de\/wp-json\/wp\/v2\/media?parent=47143"}],"wp:term":[{"taxonomy":"product_brand","embeddable":true,"href":"https:\/\/www.bojungle.eu\/de\/wp-json\/wp\/v2\/product_brand?post=47143"},{"taxonomy":"product_cat","embeddable":true,"href":"https:\/\/www.bojungle.eu\/de\/wp-json\/wp\/v2\/product_cat?post=47143"},{"taxonomy":"product_tag","embeddable":true,"href":"https:\/\/www.bojungle.eu\/de\/wp-json\/wp\/v2\/product_tag?post=47143"},{"taxonomy":"woo-feed-brand","embeddable":true,"href":"https:\/\/www.bojungle.eu\/de\/wp-json\/wp\/v2\/woo-feed-brand?post=47143"}],"curies":[{"name":"wp","href":"https:\/\/api.w.org\/{rel}","templated":true}]}}