{"id":47381,"date":"2023-08-23T10:39:22","date_gmt":"2023-08-23T08:39:22","guid":{"rendered":"https:\/\/www.bojungle.eu\/product\/eddy-der-springende-igel\/"},"modified":"2023-08-24T14:07:27","modified_gmt":"2023-08-24T12:07:27","slug":"eddy-der-springende-igel","status":"publish","type":"product","link":"https:\/\/www.bojungle.eu\/de\/produkt\/eddy-der-springende-igel\/","title":{"rendered":"Eddy der springende Igel"},"content":{"rendered":"<ul>\n<li><span class=\"OYPEnA text-decoration-none text-strikethrough-none\">F\u00f6rdert die Fingerfertigkeit<\/span><\/li>\n<li><span class=\"OYPEnA text-decoration-none text-strikethrough-none\">Stimuliert das Gehirn<\/span><\/li>\n<li><span class=\"OYPEnA text-decoration-none text-strikethrough-none\">F\u00f6rdert die Neugierde und den Entdeckungsdrang<\/span><\/li>\n<li><span class=\"OYPEnA text-decoration-none text-strikethrough-none\">Bringt die Silikonkn\u00f6pfe zum Leuchten<\/span><\/li>\n<li><span class=\"OYPEnA text-decoration-none text-strikethrough-none\">\u00c4u\u00dferst niedlich<\/span><\/li>\n<\/ul>\n","protected":false},"excerpt":{"rendered":"<p><span class=\"OYPEnA text-decoration-none text-strikethrough-none\">Mit diesem niedlichen Igel kann die Party beginnen. Seine bunten Stacheln sind eigentlich weiche Silikondruckkn\u00f6pfe mit verschiedenen Texturen. Wenn man sie dr\u00fcckt, machen sie niedliche Knackger\u00e4usche. Perfekt, um die Sinne der Kleinen zu stimulieren!   <\/span><\/p>\n","protected":false},"featured_media":75072,"comment_status":"closed","ping_status":"closed","template":"","meta":{"_lmt_disableupdate":"","_lmt_disable":""},"product_brand":[],"product_cat":[619,502,453],"product_tag":[],"woo-feed-brand":[],"class_list":{"0":"post-47381","1":"product","2":"type-product","3":"status-publish","4":"has-post-thumbnail","6":"product_cat-aktivitatsspielzeug","7":"product_cat-buntes-spielzeug","8":"product_cat-spielzeit","10":"first","11":"instock","12":"taxable","13":"shipping-taxable","14":"purchasable","15":"product-type-simple"},"_links":{"self":[{"href":"https:\/\/www.bojungle.eu\/de\/wp-json\/wp\/v2\/product\/47381","targetHints":{"allow":["GET"]}}],"collection":[{"href":"https:\/\/www.bojungle.eu\/de\/wp-json\/wp\/v2\/product"}],"about":[{"href":"https:\/\/www.bojungle.eu\/de\/wp-json\/wp\/v2\/types\/product"}],"replies":[{"embeddable":true,"href":"https:\/\/www.bojungle.eu\/de\/wp-json\/wp\/v2\/comments?post=47381"}],"version-history":[{"count":0,"href":"https:\/\/www.bojungle.eu\/de\/wp-json\/wp\/v2\/product\/47381\/revisions"}],"wp:featuredmedia":[{"embeddable":true,"href":"https:\/\/www.bojungle.eu\/de\/wp-json\/wp\/v2\/media\/75072"}],"wp:attachment":[{"href":"https:\/\/www.bojungle.eu\/de\/wp-json\/wp\/v2\/media?parent=47381"}],"wp:term":[{"taxonomy":"product_brand","embeddable":true,"href":"https:\/\/www.bojungle.eu\/de\/wp-json\/wp\/v2\/product_brand?post=47381"},{"taxonomy":"product_cat","embeddable":true,"href":"https:\/\/www.bojungle.eu\/de\/wp-json\/wp\/v2\/product_cat?post=47381"},{"taxonomy":"product_tag","embeddable":true,"href":"https:\/\/www.bojungle.eu\/de\/wp-json\/wp\/v2\/product_tag?post=47381"},{"taxonomy":"woo-feed-brand","embeddable":true,"href":"https:\/\/www.bojungle.eu\/de\/wp-json\/wp\/v2\/woo-feed-brand?post=47381"}],"curies":[{"name":"wp","href":"https:\/\/api.w.org\/{rel}","templated":true}]}}