{"id":47585,"date":"2023-08-29T10:45:20","date_gmt":"2023-08-29T08:45:20","guid":{"rendered":"https:\/\/www.bojungle.eu\/?post_type=product&#038;p=47585"},"modified":"2025-06-05T14:16:58","modified_gmt":"2025-06-05T12:16:58","slug":"flaschenwarmer-superschnell-digital-heim-schattig-grau","status":"publish","type":"product","link":"https:\/\/www.bojungle.eu\/de\/produkt\/flaschenwarmer-superschnell-digital-heim-schattig-grau\/","title":{"rendered":"Flaschenw\u00e4rmer Superfast Digital Auto und Zuhause (Shady Grey)"},"content":{"rendered":"<ul>\n<li>Der gr\u00f6\u00dfte und schnellste Flaschenw\u00e4rmer auf dem Markt<\/li>\n<li>Enth\u00e4lt einen Adapter zum Aufladen im Auto<\/li>\n<li>\u00b1 1 Minute 30 zum Erw\u00e4rmen einer 240 ml Flasche<\/li>\n<li>\u00b1 2 Minuten f\u00fcr die Erw\u00e4rmung eines Glases mit Babynahrung<\/li>\n<li>Innendurchmesser von 8,5 cm<\/li>\n<li>Heizzeit konfigurierbar mit 10-Sekunden-Intervall<\/li>\n<li>Zeigt die verbleibende Heizzeit an<\/li>\n<li>Adapterring f\u00fcr kleine Flaschen<\/li>\n<li>Automatische Abschaltung, optischer und akustischer Alarm<\/li>\n<li>Messbecher f\u00fcr Wasser<\/li>\n<li>220V &#8211; 500 Watt<\/li>\n<\/ul>\n<table border=\"1\">\n<tbody>\n<tr>\n<td>Anleitung<\/td>\n<td><a href=\"https:\/\/www.bojungle.eu\/wp-content\/uploads\/2025\/06\/B510220-B-Bottle-Warmer-CarHome-Shady-Grey.pdf\">Hier klicken<\/a><\/td>\n<\/tr>\n<\/tbody>\n<\/table>\n<p>&nbsp;<\/p>\n","protected":false},"excerpt":{"rendered":"<p class=\"cvGsUA direction-ltr align-start para-style-body\"><span class=\"OYPEnA text-decoration-none text-strikethrough-none\">Ob unterwegs oder zu Hause, dieser Flaschenw\u00e4rmer ist \u00fcberall praktisch! Es ist die ges\u00fcndeste Art, die Fl\u00e4schchen Ihres Kindes im Handumdrehen aufzuw\u00e4rmen. Mit dem mitgelieferten Spender k\u00f6nnen Sie ganz einfach Wasser in den Flaschenw\u00e4rmer einf\u00fcllen. Legen Sie dann Ihre Flasche in den mitgelieferten Korb und verschlie\u00dfen Sie ihn bei Bedarf mit dem Einstellring. Auf diese Weise bleibt der hei\u00dfe Dampf um die Flasche herum und die Aufw\u00e4rmzeit wird beschleunigt. W\u00e4hlen Sie dann die gew\u00fcnschte Zeit aus; sie kann zwischen 1 und 12 Minuten liegen. Wenn die Zeit abgelaufen ist oder das Wasser ausgeht, ert\u00f6nt ein Alarm. Denken Sie daran, die Flasche gut zu sch\u00fctteln, damit sich die W\u00e4rme ausbreiten kann.     <\/span><\/p>\n<p class=\"cvGsUA direction-ltr align-start para-style-body\"><span class=\"OYPEnA text-decoration-none text-strikethrough-none\">ACHTUNG: Eine zu gro\u00dfe Menge Wasser im Tank und\/oder in der Flasche kann den Erhitzungsprozess verlangsamen.<\/span><\/p>\n","protected":false},"featured_media":72590,"comment_status":"closed","ping_status":"closed","template":"","meta":{"_lmt_disableupdate":"","_lmt_disable":""},"product_brand":[],"product_cat":[450,455],"product_tag":[],"woo-feed-brand":[],"class_list":{"0":"post-47585","1":"product","2":"type-product","3":"status-publish","4":"has-post-thumbnail","6":"product_cat-essen-trinken","7":"product_cat-zubereitung-von-mahlzeiten","9":"first","10":"instock","11":"featured","12":"taxable","13":"shipping-taxable","14":"purchasable","15":"product-type-simple"},"_links":{"self":[{"href":"https:\/\/www.bojungle.eu\/de\/wp-json\/wp\/v2\/product\/47585","targetHints":{"allow":["GET"]}}],"collection":[{"href":"https:\/\/www.bojungle.eu\/de\/wp-json\/wp\/v2\/product"}],"about":[{"href":"https:\/\/www.bojungle.eu\/de\/wp-json\/wp\/v2\/types\/product"}],"replies":[{"embeddable":true,"href":"https:\/\/www.bojungle.eu\/de\/wp-json\/wp\/v2\/comments?post=47585"}],"version-history":[{"count":2,"href":"https:\/\/www.bojungle.eu\/de\/wp-json\/wp\/v2\/product\/47585\/revisions"}],"predecessor-version":[{"id":80098,"href":"https:\/\/www.bojungle.eu\/de\/wp-json\/wp\/v2\/product\/47585\/revisions\/80098"}],"wp:featuredmedia":[{"embeddable":true,"href":"https:\/\/www.bojungle.eu\/de\/wp-json\/wp\/v2\/media\/72590"}],"wp:attachment":[{"href":"https:\/\/www.bojungle.eu\/de\/wp-json\/wp\/v2\/media?parent=47585"}],"wp:term":[{"taxonomy":"product_brand","embeddable":true,"href":"https:\/\/www.bojungle.eu\/de\/wp-json\/wp\/v2\/product_brand?post=47585"},{"taxonomy":"product_cat","embeddable":true,"href":"https:\/\/www.bojungle.eu\/de\/wp-json\/wp\/v2\/product_cat?post=47585"},{"taxonomy":"product_tag","embeddable":true,"href":"https:\/\/www.bojungle.eu\/de\/wp-json\/wp\/v2\/product_tag?post=47585"},{"taxonomy":"woo-feed-brand","embeddable":true,"href":"https:\/\/www.bojungle.eu\/de\/wp-json\/wp\/v2\/woo-feed-brand?post=47585"}],"curies":[{"name":"wp","href":"https:\/\/api.w.org\/{rel}","templated":true}]}}