{"id":47748,"date":"2023-09-06T11:50:04","date_gmt":"2023-09-06T09:50:04","guid":{"rendered":"https:\/\/www.bojungle.eu\/?post_type=product&#038;p=47748"},"modified":"2025-06-25T13:53:25","modified_gmt":"2025-06-25T11:53:25","slug":"ball-pit-play-gym-goldy","status":"publish","type":"product","link":"https:\/\/www.bojungle.eu\/de\/produkt\/ball-pit-play-gym-goldy\/","title":{"rendered":"Ball Pit Play Gym Goldy"},"content":{"rendered":"<div id=\"description\" class=\"tab-pane fade in active\" role=\"tabpanel\">\n<div class=\"product-description\">\n<div class=\"elementor-element elementor-element-3a6de32 e-flex e-con-boxed e-con e-parent jet-parallax-section\" data-id=\"3a6de32\" data-element_type=\"container\" data-settings=\"{\"jet_parallax_layout_list\":[{\"jet_parallax_layout_image\":{\"url\":\"\",\"id\":\"\",\"size\":\"\"},\"_id\":\"097c7b3\",\"jet_parallax_layout_speed\":{\"unit\":\"%\",\"size\":50,\"sizes\":[]},\"jet_parallax_layout_image_tablet\":{\"url\":\"\",\"id\":\"\",\"size\":\"\"},\"jet_parallax_layout_image_mobile\":{\"url\":\"\",\"id\":\"\",\"size\":\"\"},\"jet_parallax_layout_type\":\"scroll\",\"jet_parallax_layout_direction\":null,\"jet_parallax_layout_fx_direction\":null,\"jet_parallax_layout_z_index\":\"\",\"jet_parallax_layout_bg_x\":50,\"jet_parallax_layout_bg_x_tablet\":\"\",\"jet_parallax_layout_bg_x_mobile\":\"\",\"jet_parallax_layout_bg_y\":50,\"jet_parallax_layout_bg_y_tablet\":\"\",\"jet_parallax_layout_bg_y_mobile\":\"\",\"jet_parallax_layout_bg_size\":\"auto\",\"jet_parallax_layout_bg_size_tablet\":\"\",\"jet_parallax_layout_bg_size_mobile\":\"\",\"jet_parallax_layout_animation_prop\":\"transform\",\"jet_parallax_layout_on\":[\"desktop\",\"tablet\"]}],\"content_width\":\"boxed\"}\" data-core-v316-plus=\"true\">\n<div class=\"e-con-inner\">\n<div class=\"elementor-element elementor-element-17a01e4 e-con-full e-flex e-con e-child\" data-id=\"17a01e4\" data-element_type=\"container\" data-settings=\"{\"content_width\":\"full\",\"jet_parallax_layout_list\":[]}\">\n<div class=\"elementor-element elementor-element-9a7b6bc elementor-widget elementor-widget-jet-single-content\" data-id=\"9a7b6bc\" data-element_type=\"widget\" data-widget_type=\"jet-single-content.default\">\n<div class=\"elementor-widget-container\">\n<div class=\"elementor-jet-single-content jet-woo-builder\">\n<div class=\"jet-single-content\">\n<div class=\"product\">\n<div id=\"description\" class=\"tab-pane fade in active\" role=\"tabpanel\">\n<div class=\"product-description\">\n<div class=\"flex-1 overflow-hidden\">\n<div class=\"react-scroll-to-bottom--css-fuibk-79elbk h-full\">\n<div class=\"react-scroll-to-bottom--css-fuibk-1n7m0yu\">\n<div class=\"flex flex-col pb-9 text-sm\">\n<div class=\"w-full text-token-text-primary\" data-testid=\"conversation-turn-5\">\n<div class=\"px-4 py-2 justify-center text-base md:gap-6 m-auto\">\n<div class=\"flex flex-1 text-base mx-auto gap-3 md:px-5 lg:px-1 xl:px-5 md:max-w-3xl lg:max-w-[40rem] xl:max-w-[48rem] group final-completion\">\n<div class=\"relative flex w-full flex-col lg:w-[calc(100%-115px)] agent-turn\">\n<div class=\"flex-col gap-1 md:gap-3\">\n<div class=\"flex flex-grow flex-col max-w-full\">\n<div class=\"min-h-[20px] text-message flex flex-col items-start gap-3 whitespace-pre-wrap break-words [.text-message+&amp;]:mt-5 overflow-x-auto\" data-message-author-role=\"assistant\" data-message-id=\"56127af4-1f04-405d-b559-028a9786080b\">\n<div class=\"markdown prose w-full break-words dark:prose-invert light\">\n<p>Unser Ball Pit Play Gym Goldy ist die perfekte Mischung aus Unterhaltung und \u00c4sthetik, passt nahtlos in jedes Interieur und garantiert stundenlangen Spielspa\u00df! Sie wurde sorgf\u00e4ltig aus Schaumstoff gefertigt und verf\u00fcgt \u00fcber einen waschbaren, abnehmbaren Bezug aus weichem Velboa, der f\u00fcr Haltbarkeit und Komfort sorgt. Mit seinen abgerundeten Kanten und den ungiftigen, CE-zertifizierten Kugeln ist die Sicherheit gew\u00e4hrleistet. Dieser Ballspielplatz ist mehr als nur ein Spielzeug, er f\u00f6rdert die k\u00f6rperliche und manuelle Entwicklung Ihres Kindes.   Zusammen mit den 120 bunten B\u00e4llen ist er eine vielseitige und ansprechende Erg\u00e4nzung des Spielrepertoires Ihres Kindes.<\/p>\n<div class=\"group\/conversation-turn relative flex w-full min-w-0 flex-col agent-turn\">\n<div class=\"flex-col gap-1 md:gap-3\">\n<div class=\"flex max-w-full flex-col flex-grow\">\n<div class=\"min-h-[20px] text-message flex w-full flex-col items-end gap-2 break-words [.text-message+&amp;]:mt-5 overflow-x-auto whitespace-pre-wrap\" dir=\"auto\" data-message-author-role=\"assistant\" data-message-id=\"fedb9589-ff2d-4632-9e0d-009a6d3232ab\">\n<div class=\"flex w-full flex-col gap-1 empty:hidden first:pt-[3px]\">\n<div class=\"markdown prose w-full break-words dark:prose-invert light\">\n<table border=\"1\">\n<tbody>\n<tr>\n<td>Anleitung<\/td>\n<td><a href=\"https:\/\/www.bojungle.eu\/wp-content\/uploads\/2025\/06\/B910620-B910630-Handleiding.pdf\">Hier klicken<\/a><\/td>\n<\/tr>\n<\/tbody>\n<\/table>\n<\/div>\n<\/div>\n<\/div>\n<\/div>\n<\/div>\n<\/div>\n<p class=\"cvGsUA direction-ltr align-start para-style-body\">\n<\/div>\n<\/div>\n<\/div>\n<\/div>\n<\/div>\n<\/div>\n<\/div>\n<\/div>\n<\/div>\n<\/div>\n<\/div>\n<\/div>\n<\/div>\n<\/div>\n<\/div>\n<\/div>\n<\/div>\n<\/div>\n<\/div>\n<\/div>\n<\/div>\n<\/div>\n<\/div>\n<\/div>\n","protected":false},"excerpt":{"rendered":"<div id=\"description\" class=\"tab-pane fade in active\" role=\"tabpanel\">\n<div class=\"product-description\">\n<div class=\"elementor-element elementor-element-80cf67d elementor-widget elementor-widget-jet-single-excerpt\" data-id=\"80cf67d\" data-element_type=\"widget\" data-widget_type=\"jet-single-excerpt.default\">\n<div class=\"elementor-widget-container\">\n<div class=\"elementor-jet-single-excerpt jet-woo-builder\">\n<div class=\"woocommerce-product-details__short-description\">\n<div id=\"description\" class=\"tab-pane fade in active\" role=\"tabpanel\">\n<div class=\"product-description\">\n<p>La piscine goldy ball pit play gym s&#8217;adapte \u00e0 tous les int\u00e9rieurs et garantit des heures d&#8217;amusement ! Die Badewanne ist aus Schaumstoff und mit einem waschbaren und abnehmbaren weichen Velboa-Bezug versehen.<\/p>\n<\/div>\n<\/div>\n<\/div>\n<\/div>\n<\/div>\n<\/div>\n<div class=\"elementor-element elementor-element-c5d7d93 elementor-widget elementor-widget-spacer\" data-id=\"c5d7d93\" data-element_type=\"widget\" data-widget_type=\"spacer.default\">\n<div class=\"elementor-widget-container\">\n<div class=\"elementor-spacer\"><\/div>\n<\/div>\n<\/div>\n<p>&nbsp;<\/p>\n<\/div>\n<\/div>\n<div id=\"product-details\" class=\"tab-pane fade\" style=\"box-sizing: inherit; opacity: 1; transition: opacity 0.15s linear 0s; display: block; margin-bottom: 20px; color: #000000; font-family: Roboto, Arial, Helvetica, sans-serif; font-size: 13px; font-style: normal; font-variant-ligatures: normal; font-variant-caps: normal; font-weight: 400; letter-spacing: normal; orphans: 2; text-align: start; text-indent: 0px; text-transform: none; white-space: normal; widows: 2; word-spacing: 0px; -webkit-text-stroke-width: 0px; background-color: #ffffff; text-decoration-thickness: initial; text-decoration-style: initial; text-decoration-color: initial;\" role=\"tabpanel\" data-product=\"{\" id_shop_default=\"\" our=\"\" b-ball=\"\" pit=\"\" play=\"\" gym=\"\" grey=\"\" from=\"\" the=\"\" product=\"\" range:=\"\" playing=\"\" bo=\"\" jungle=\"\"><\/div>\n<p>p&gt;This beautiful ball pool fits into any interior and ensures hours of fun! The bathtub is made of foam and covered with a washable and removable soft velboa cover. The ball pool contains neither corners nor edges and the balls themselves are non-toxic and CE Certified. The ball pool promotes the physical and manual development of your little one. Contains 120 balls&lt;\/p&gt;rn&lt;p&gt;&lt;\/p&gt;&#8220;,&#8220;description_short&#8220;:&#8220;&lt;p&gt;B-Ball Pit Play Gym Grey&lt;\/p&gt;&#8220;,&#8220;available_now&#8220;:&#8220;&#8220;,&#8220;available_later&#8220;:&#8220;&#8220;,&#8220;id&#8220;:554,&#8220;id_product&#8220;:554,&#8220;out_of_stock&#8220;:0,&#8220;new&#8220;:0,&#8220;id_product_attribute&#8220;:&#8220;0&#8243;,&#8220;quantity_wanted&#8220;:1,&#8220;extraContent&#8220;:[],&#8220;allow_oosp&#8220;:true,&#8220;category&#8220;:&#8220;playing&#8220;,&#8220;category_name&#8220;:&#8220;Playing&#8220;,&#8220;link&#8220;:&#8220;https:\/\/bojungle.eu\/gb\/playing\/554-b-ball-pit-play-gym-grey-1703739106201.html&#8220;,&#8220;attribute_price&#8220;:0,&#8220;price_tax_exc&#8220;:57.842975,&#8220;price_without_reduction&#8220;:57.842975,&#8220;reduction&#8220;:0,&#8220;specific_prices&#8220;:[],&#8220;quantity&#8220;:835,&#8220;quantity_all_versions&#8220;:835,&#8220;id_image&#8220;:&#8220;gb-default&#8220;,&#8220;features&#8220;:[],&#8220;attachments&#8220;:[],&#8220;virtual&#8220;:0,&#8220;pack&#8220;:0,&#8220;packItems&#8220;:[],&#8220;nopackprice&#8220;:0,&#8220;customization_required&#8220;:false,&#8220;rate&#8220;:0,&#8220;tax_name&#8220;:&#8220;&#8220;,&#8220;ecotax_rate&#8220;:0,&#8220;unit_price&#8220;:&#8220;&#8220;,&#8220;customizations&#8220;:{&#8222;fields&#8220;:[]},&#8220;id_customization&#8220;:0,&#8220;is_customizable&#8220;:false,&#8220;show_quantities&#8220;:false,&#8220;quantity_label&#8220;:&#8220;Items&#8220;,&#8220;quantity_discounts&#8220;:[],&#8220;customer_group_discount&#8220;:0,&#8220;images&#8220;:[{&#8222;bySize&#8220;:{&#8222;small_default&#8220;:{&#8222;url&#8220;:&#8220;https:\/\/bojungle.eu\/2285-small_default\/b-ball-pit-play-gym-grey.jpg&#8220;,&#8220;width&#8220;:98,&#8220;height&#8220;:98},&#8220;cart_default&#8220;:{&#8222;url&#8220;:&#8220;https:\/\/bojungle.eu\/2285-cart_default\/b-ball-pit-play-gym-grey.jpg&#8220;,&#8220;width&#8220;:125,&#8220;height&#8220;:125},&#8220;home_default&#8220;:{&#8222;url&#8220;:&#8220;https:\/\/bojungle.eu\/2285-home_default\/b-ball-pit-play-gym-grey.jpg&#8220;,&#8220;width&#8220;:259,&#8220;height&#8220;:259},&#8220;medium_default&#8220;:{&#8222;url&#8220;:&#8220;https:\/\/bojungle.eu\/2285-medium_default\/b-ball-pit-play-gym-grey.jpg&#8220;,&#8220;width&#8220;:452,&#8220;height&#8220;:452},&#8220;large_default&#8220;:{&#8222;url&#8220;:&#8220;https:\/\/bojungle.eu\/2285-large_default\/b-ball-pit-play-gym-grey.jpg&#8220;,&#8220;width&#8220;:800,&#8220;height&#8220;:800}},&#8220;small&#8220;:{&#8222;url&#8220;:&#8220;https:\/\/bojungle.eu\/2285-small_default\/b-ball-pit-play-gym-grey.jpg&#8220;,&#8220;width&#8220;:98,&#8220;height&#8220;:98},&#8220;medium&#8220;:{&#8222;url&#8220;:&#8220;https:\/\/bojungle.eu\/2285-home_default\/b-ball-pit-play-gym-grey.jpg&#8220;,&#8220;width&#8220;:259,&#8220;height&#8220;:259},&#8220;large&#8220;:{&#8222;url&#8220;:&#8220;https:\/\/bojungle.eu\/2285-large_default\/b-ball-pit-play-gym-grey.jpg&#8220;,&#8220;width&#8220;:800,&#8220;height&#8220;:800},&#8220;legend&#8220;:&#8220;&#8220;,&#8220;id_image&#8220;:&#8220;2285&#8243;,&#8220;cover&#8220;:&#8220;1&#8243;,&#8220;position&#8220;:&#8220;1&#8243;,&#8220;associatedVariants&#8220;:[]},{&#8222;bySize&#8220;:{&#8222;small_default&#8220;:{&#8222;url&#8220;:&#8220;https:\/\/bojungle.eu\/2280-small_default\/b-ball-pit-play-gym-grey.jpg&#8220;,&#8220;width&#8220;:98,&#8220;height&#8220;:98},&#8220;cart_default&#8220;:{&#8222;url&#8220;:&#8220;https:\/\/bojungle.eu\/2280-cart_default\/b-ball-pit-play-gym-grey.jpg&#8220;,&#8220;width&#8220;:125,&#8220;height&#8220;:125},&#8220;home_default&#8220;:{&#8222;url&#8220;:&#8220;https:\/\/bojungle.eu\/2280-home_default\/b-ball-pit-play-gym-grey.jpg&#8220;,&#8220;width&#8220;:259,&#8220;height&#8220;:259},&#8220;medium_default&#8220;:{&#8222;url&#8220;:&#8220;https:\/\/bojungle.eu\/2280-medium_default\/b-ball-pit-play-gym-grey.jpg&#8220;,&#8220;width&#8220;:452,&#8220;height&#8220;:452},&#8220;large_default&#8220;:{&#8222;url&#8220;:&#8220;https:\/\/bojungle.eu\/2280-large_default\/b-ball-pit-play-gym-grey.jpg&#8220;,&#8220;width&#8220;:800,&#8220;height&#8220;:800}},&#8220;small&#8220;:{&#8222;url&#8220;:&#8220;https:\/\/bojungle.eu\/2280-small_default\/b-ball-pit-play-gym-grey.jpg&#8220;,&#8220;width&#8220;:98,&#8220;height&#8220;:98},&#8220;medium&#8220;:{&#8222;url&#8220;:&#8220;https:\/\/bojungle.eu\/2280-home_default\/b-ball-pit-play-gym-grey.jpg&#8220;,&#8220;width&#8220;:259,&#8220;height&#8220;:259},&#8220;large&#8220;:{&#8222;url&#8220;:&#8220;https:\/\/bojungle.eu\/2280-large_default\/b-ball-pit-play-gym-grey.jpg&#8220;,&#8220;width&#8220;:800,&#8220;height&#8220;:800},&#8220;legend&#8220;:&#8220;&#8220;,&#8220;id_image&#8220;:&#8220;2280&#8243;,&#8220;cover&#8220;:null,&#8220;position&#8220;:&#8220;2&#8243;,&#8220;associatedVariants&#8220;:[]},{&#8222;bySize&#8220;:{&#8222;small_default&#8220;:{&#8222;url&#8220;:&#8220;https:\/\/bojungle.eu\/2281-small_default\/b-ball-pit-play-gym-grey.jpg&#8220;,&#8220;width&#8220;:98,&#8220;height&#8220;:98},&#8220;cart_default&#8220;:{&#8222;url&#8220;:&#8220;https:\/\/bojungle.eu\/2281-cart_default\/b-ball-pit-play-gym-grey.jpg&#8220;,&#8220;width&#8220;:125,&#8220;height&#8220;:125},&#8220;home_default&#8220;:{&#8222;url&#8220;:&#8220;https:\/\/bojungle.eu\/2281-home_default\/b-ball-pit-play-gym-grey.jpg&#8220;,&#8220;width&#8220;:259,&#8220;height&#8220;:259},&#8220;medium_default&#8220;:{&#8222;url&#8220;:&#8220;https:\/\/bojungle.eu\/2281-medium_default\/b-ball-pit-play-gym-grey.jpg&#8220;,&#8220;width&#8220;:452,&#8220;height&#8220;:452},&#8220;large_default&#8220;:{&#8222;url&#8220;:&#8220;https:\/\/bojungle.eu\/2281-large_default\/b-ball-pit-play-gym-grey.jpg&#8220;,&#8220;width&#8220;:800,&#8220;height&#8220;:800}},&#8220;small&#8220;:{&#8222;url&#8220;:&#8220;https:\/\/bojungle.eu\/2281-small_default\/b-ball-pit-play-gym-grey.jpg&#8220;,&#8220;width&#8220;:98,&#8220;height&#8220;:98},&#8220;medium&#8220;:{&#8222;url&#8220;:&#8220;https:\/\/bojungle.eu\/2281-home_default\/b-ball-pit-play-gym-grey.jpg&#8220;,&#8220;width&#8220;:259,&#8220;height&#8220;:259},&#8220;large&#8220;:{&#8222;url&#8220;:&#8220;https:\/\/bojungle.eu\/2281-large_default\/b-ball-pit-play-gym-grey.jpg&#8220;,&#8220;width&#8220;:800,&#8220;height&#8220;:800},&#8220;legend&#8220;:&#8220;&#8220;,&#8220;id_image&#8220;:&#8220;2281&#8243;,&#8220;cover&#8220;:null,&#8220;position&#8220;:&#8220;3&#8243;,&#8220;associatedVariants&#8220;:[]},{&#8222;bySize&#8220;:{&#8222;small_default&#8220;:{&#8222;url&#8220;:&#8220;https:\/\/bojungle.eu\/2282-small_default\/b-ball-pit-play-gym-grey.jpg&#8220;,&#8220;width&#8220;:98,&#8220;height&#8220;:98},&#8220;cart_default&#8220;:{&#8222;url&#8220;:&#8220;https:\/\/bojungle.eu\/2282-cart_default\/b-ball-pit-play-gym-grey.jpg&#8220;,&#8220;width&#8220;:125,&#8220;height&#8220;:125},&#8220;home_default&#8220;:{&#8222;url&#8220;:&#8220;https:\/\/bojungle.eu\/2282-home_default\/b-ball-pit-play-gym-grey.jpg&#8220;,&#8220;width&#8220;:259,&#8220;height&#8220;:259},&#8220;medium_default&#8220;:{&#8222;url&#8220;:&#8220;https:\/\/bojungle.eu\/2282-medium_default\/b-ball-pit-play-gym-grey.jpg&#8220;,&#8220;width&#8220;:452,&#8220;height&#8220;:452},&#8220;large_default&#8220;:{&#8222;url&#8220;:&#8220;https:\/\/bojungle.eu\/2282-large_default\/b-ball-pit-play-gym-grey.jpg&#8220;,&#8220;width&#8220;:800,&#8220;height&#8220;:800}},&#8220;small&#8220;:{&#8222;url&#8220;:&#8220;https:\/\/bojungle.eu\/2282-small_default\/b-ball-pit-play-gym-grey.jpg&#8220;,&#8220;width&#8220;:98,&#8220;height&#8220;:98},&#8220;medium&#8220;:{&#8222;url&#8220;:&#8220;https:\/\/bojungle.eu\/2282-home_default\/b-ball-pit-play-gym-grey.jpg&#8220;,&#8220;width&#8220;:259,&#8220;height&#8220;:259},&#8220;large&#8220;:{&#8222;url&#8220;:&#8220;https:\/\/bojungle.eu\/2282-large_default\/b-ball-pit-play-gym-grey.jpg&#8220;,&#8220;width&#8220;:800,&#8220;height&#8220;:800},&#8220;legend&#8220;:&#8220;&#8220;,&#8220;id_image&#8220;:&#8220;2282&#8243;,&#8220;cover&#8220;:null,&#8220;position&#8220;:&#8220;4&#8243;,&#8220;associatedVariants&#8220;:[]},{&#8222;bySize&#8220;:{&#8222;small_default&#8220;:{&#8222;url&#8220;:&#8220;https:\/\/bojungle.eu\/2283-small_default\/b-ball-pit-play-gym-grey.jpg&#8220;,&#8220;width&#8220;:98,&#8220;height&#8220;:98},&#8220;cart_default&#8220;:{&#8222;url&#8220;:&#8220;https:\/\/bojungle.eu\/2283-cart_default\/b-ball-pit-play-gym-grey.jpg&#8220;,&#8220;width&#8220;:125,&#8220;height&#8220;:125},&#8220;home_default&#8220;:{&#8222;url&#8220;:&#8220;https:\/\/bojungle.eu\/2283-home_default\/b-ball-pit-play-gym-grey.jpg&#8220;,&#8220;width&#8220;:259,&#8220;height&#8220;:259},&#8220;medium_default&#8220;:{&#8222;url&#8220;:&#8220;https:\/\/bojungle.eu\/2283-medium_default\/b-ball-pit-play-gym-grey.jpg&#8220;,&#8220;width&#8220;:452,&#8220;height&#8220;:452},&#8220;large_default&#8220;:{&#8222;url&#8220;:&#8220;https:\/\/bojungle.eu\/2283-large_default\/b-ball-pit-play-gym-grey.jpg&#8220;,&#8220;width&#8220;:800,&#8220;height&#8220;:800}},&#8220;small&#8220;:{&#8222;url&#8220;:&#8220;https:\/\/bojungle.eu\/2283-small_default\/b-ball-pit-play-gym-grey.jpg&#8220;,&#8220;width&#8220;:98,&#8220;height&#8220;:98},&#8220;medium&#8220;:{&#8222;url&#8220;:&#8220;https:\/\/bojungle.eu\/2283-home_default\/b-ball-pit-play-gym-grey.jpg&#8220;,&#8220;width&#8220;:259,&#8220;height&#8220;:259},&#8220;large&#8220;:{&#8222;url&#8220;:&#8220;https:\/\/bojungle.eu\/2283-large_default\/b-ball-pit-play-gym-grey.jpg&#8220;,&#8220;width&#8220;:800,&#8220;height&#8220;:800},&#8220;legend&#8220;:&#8220;&#8220;,&#8220;id_image&#8220;:&#8220;2283&#8243;,&#8220;cover&#8220;:null,&#8220;position&#8220;:&#8220;5&#8243;,&#8220;associatedVariants&#8220;:[]},{&#8222;bySize&#8220;:{&#8222;small_default&#8220;:{&#8222;url&#8220;:&#8220;https:\/\/bojungle.eu\/2284-small_default\/b-ball-pit-play-gym-grey.jpg&#8220;,&#8220;width&#8220;:98,&#8220;height&#8220;:98},&#8220;cart_default&#8220;:{&#8222;url&#8220;:&#8220;https:\/\/bojungle.eu\/2284-cart_default\/b-ball-pit-play-gym-grey.jpg&#8220;,&#8220;width&#8220;:125,&#8220;height&#8220;:125},&#8220;home_default&#8220;:{&#8222;url&#8220;:&#8220;https:\/\/bojungle.eu\/2284-home_default\/b-ball-pit-play-gym-grey.jpg&#8220;,&#8220;width&#8220;:259,&#8220;height&#8220;:259},&#8220;medium_default&#8220;:{&#8222;url&#8220;:&#8220;https:\/\/bojungle.eu\/2284-medium_default\/b-ball-pit-play-gym-grey.jpg&#8220;,&#8220;width&#8220;:452,&#8220;height&#8220;:452},&#8220;large_default&#8220;:{&#8222;url&#8220;:&#8220;https:\/\/bojungle.eu\/2284-large_default\/b-ball-pit-play-gym-grey.jpg&#8220;,&#8220;width&#8220;:800,&#8220;height&#8220;:800}},&#8220;small&#8220;:{&#8222;url&#8220;:&#8220;https:\/\/bojungle.eu\/2284-small_default\/b-ball-pit-play-gym-grey.jpg&#8220;,&#8220;width&#8220;:98,&#8220;height&#8220;:98},&#8220;medium&#8220;:{&#8222;url&#8220;:&#8220;https:\/\/bojungle.eu\/2284-home_default\/b-ball-pit-play-gym-grey.jpg&#8220;,&#8220;width&#8220;:259,&#8220;height&#8220;:259},&#8220;large&#8220;:{&#8222;url&#8220;:&#8220;https:\/\/bojungle.eu\/2284-large_default\/b-ball-pit-play-gym-grey.jpg&#8220;,&#8220;width&#8220;:800,&#8220;height&#8220;:800},&#8220;legend&#8220;:&#8220;&#8220;,&#8220;id_image&#8220;:&#8220;2284&#8243;,&#8220;cover&#8220;:null,&#8220;position&#8220;:&#8220;6&#8243;,&#8220;associatedVariants&#8220;:[]}],&#8220;cover&#8220;:{&#8222;bySize&#8220;:{&#8222;small_default&#8220;:{&#8222;url&#8220;:&#8220;https:\/\/bojungle.eu\/2285-small_default\/b-ball-pit-play-gym-grey.jpg&#8220;,&#8220;width&#8220;:98,&#8220;height&#8220;:98},&#8220;cart_default&#8220;:{&#8222;url&#8220;:&#8220;https:\/\/bojungle.eu\/2285-cart_default\/b-ball-pit-play-gym-grey.jpg&#8220;,&#8220;width&#8220;:125,&#8220;height&#8220;:125},&#8220;home_default&#8220;:{&#8222;url&#8220;:&#8220;https:\/\/bojungle.eu\/2285-home_default\/b-ball-pit-play-gym-grey.jpg&#8220;,&#8220;width&#8220;:259,&#8220;height&#8220;:259},&#8220;medium_default&#8220;:{&#8222;url&#8220;:&#8220;https:\/\/bojungle.eu\/2285-medium_default\/b-ball-pit-play-gym-grey.jpg&#8220;,&#8220;width&#8220;:452,&#8220;height&#8220;:452},&#8220;large_default&#8220;:{&#8222;url&#8220;:&#8220;https:\/\/bojungle.eu\/2285-large_default\/b-ball-pit-play-gym-grey.jpg&#8220;,&#8220;width&#8220;:800,&#8220;height&#8220;:800}},&#8220;small&#8220;:{&#8222;url&#8220;:&#8220;https:\/\/bojungle.eu\/2285-small_default\/b-ball-pit-play-gym-grey.jpg&#8220;,&#8220;width&#8220;:98,&#8220;height&#8220;:98},&#8220;medium&#8220;:{&#8222;url&#8220;:&#8220;https:\/\/bojungle.eu\/2285-home_default\/b-ball-pit-play-gym-grey.jpg&#8220;,&#8220;width&#8220;:259,&#8220;height&#8220;:259},&#8220;large&#8220;:{&#8222;url&#8220;:&#8220;https:\/\/bojungle.eu\/2285-large_default\/b-ball-pit-play-gym-grey.jpg&#8220;,&#8220;width&#8220;:800,&#8220;height&#8220;:800},&#8220;legend&#8220;:&#8220;&#8220;,&#8220;id_image&#8220;:&#8220;2285&#8243;,&#8220;cover&#8220;:&#8220;1&#8243;,&#8220;position&#8220;:&#8220;1&#8243;,&#8220;associatedVariants&#8220;:[]},&#8220;has_discount&#8220;:false,&#8220;discount_type&#8220;:null,&#8220;discount_percentage&#8220;:null,&#8220;discount_percentage_absolute&#8220;:null,&#8220;discount_amount&#8220;:null,&#8220;discount_amount_to_display&#8220;:null,&#8220;price_amount&#8220;:57.84,&#8220;unit_price_full&#8220;:&#8220;&#8220;,&#8220;show_availability&#8220;:false,&#8220;availability_message&#8220;:null,&#8220;availability_date&#8220;:null,&#8220;availability&#8220;:null}&#8220;\/&gt;<\/p>\n","protected":false},"featured_media":65336,"comment_status":"closed","ping_status":"closed","template":"","meta":{"_lmt_disableupdate":"","_lmt_disable":""},"product_brand":[],"product_cat":[619,453],"product_tag":[],"woo-feed-brand":[],"class_list":{"0":"post-47748","1":"product","2":"type-product","3":"status-publish","4":"has-post-thumbnail","6":"product_cat-aktivitatsspielzeug","7":"product_cat-spielzeit","9":"first","10":"instock","11":"taxable","12":"shipping-taxable","13":"purchasable","14":"product-type-simple"},"_links":{"self":[{"href":"https:\/\/www.bojungle.eu\/de\/wp-json\/wp\/v2\/product\/47748","targetHints":{"allow":["GET"]}}],"collection":[{"href":"https:\/\/www.bojungle.eu\/de\/wp-json\/wp\/v2\/product"}],"about":[{"href":"https:\/\/www.bojungle.eu\/de\/wp-json\/wp\/v2\/types\/product"}],"replies":[{"embeddable":true,"href":"https:\/\/www.bojungle.eu\/de\/wp-json\/wp\/v2\/comments?post=47748"}],"version-history":[{"count":2,"href":"https:\/\/www.bojungle.eu\/de\/wp-json\/wp\/v2\/product\/47748\/revisions"}],"predecessor-version":[{"id":80597,"href":"https:\/\/www.bojungle.eu\/de\/wp-json\/wp\/v2\/product\/47748\/revisions\/80597"}],"wp:featuredmedia":[{"embeddable":true,"href":"https:\/\/www.bojungle.eu\/de\/wp-json\/wp\/v2\/media\/65336"}],"wp:attachment":[{"href":"https:\/\/www.bojungle.eu\/de\/wp-json\/wp\/v2\/media?parent=47748"}],"wp:term":[{"taxonomy":"product_brand","embeddable":true,"href":"https:\/\/www.bojungle.eu\/de\/wp-json\/wp\/v2\/product_brand?post=47748"},{"taxonomy":"product_cat","embeddable":true,"href":"https:\/\/www.bojungle.eu\/de\/wp-json\/wp\/v2\/product_cat?post=47748"},{"taxonomy":"product_tag","embeddable":true,"href":"https:\/\/www.bojungle.eu\/de\/wp-json\/wp\/v2\/product_tag?post=47748"},{"taxonomy":"woo-feed-brand","embeddable":true,"href":"https:\/\/www.bojungle.eu\/de\/wp-json\/wp\/v2\/woo-feed-brand?post=47748"}],"curies":[{"name":"wp","href":"https:\/\/api.w.org\/{rel}","templated":true}]}}